{"id":237455,"date":"2026-03-16T15:43:05","date_gmt":"2026-03-16T15:43:05","guid":{"rendered":"https:\/\/www.rctvinternational.com\/?post_type=product&#038;p=237455"},"modified":"2026-03-18T11:30:04","modified_gmt":"2026-03-18T11:30:04","slug":"mansion-de-luxe","status":"publish","type":"product","link":"https:\/\/www.rctvinternational.com\/en\/product\/mansion-de-luxe\/","title":{"rendered":"Mansi\u00f3n De Luxe"},"content":{"rendered":"<div style=\"width: 100%; min-height: 1px;\" id=\"vimeo-wc-video-69efd09f94f38\" data-js=\"vimeo-wc-video\" data-atts=\"{&quot;autopause&quot;:&quot;true&quot;,&quot;autoplay&quot;:false,&quot;background&quot;:false,&quot;byline&quot;:&quot;true&quot;,&quot;color&quot;:&quot;none&quot;,&quot;controls&quot;:&quot;true&quot;,&quot;dnt&quot;:&quot;true&quot;,&quot;height&quot;:&quot;none&quot;,&quot;id&quot;:false,&quot;loop&quot;:false,&quot;maxheight&quot;:&quot;none&quot;,&quot;maxwidth&quot;:&quot;none&quot;,&quot;muted&quot;:false,&quot;pip&quot;:false,&quot;playsinline&quot;:&quot;true&quot;,&quot;portrait&quot;:&quot;true&quot;,&quot;quality&quot;:&quot;auto&quot;,&quot;responsive&quot;:&quot;true&quot;,&quot;speed&quot;:false,&quot;texttrack&quot;:&quot;none&quot;,&quot;title&quot;:&quot;true&quot;,&quot;transparent&quot;:true,&quot;url&quot;:&quot;https:\\\/\\\/vimeo.com\\\/1174088393&quot;,&quot;width&quot;:&quot;none&quot;}\"><\/div>","protected":false},"excerpt":{"rendered":"<p style=\"text-align: justify;\"><img decoding=\"async\" loading=\"lazy\" class=\"alignnone size-medium wp-image-237480\" src=\"https:\/\/www.rctvinternational.com\/wp-content\/uploads\/2026\/03\/Mansion-De-Luxe-1-226x300.png\" alt=\"\" width=\"226\" height=\"300\" \/><\/p>\n<p style=\"text-align: justify;\"><img decoding=\"async\" loading=\"lazy\" class=\"alignnone size-full wp-image-232350\" src=\"https:\/\/www.rctvinternational.com\/wp-content\/uploads\/2020\/10\/Sinopsis.png\" alt=\"\" width=\"125\" height=\"57\" \/><\/p>\n<p style=\"text-align: justify;\"><span style=\"font-weight: 400;\">En una ciudad donde el lujo parece ocultar demasiados secretos, la vida de Nina Cerdese (<\/span><b>Maricarmen Regueiro<\/b><span style=\"font-weight: 400;\">) cambia para siempre en una sola noche. Nina es una joven estudiosa, moderna y llena de sue\u00f1os. Su mundo transcurre entre libros, proyectos y la tranquilidad de una familia que parece invencible. Pero el odio ajeno irrumpe con violencia: en cuesti\u00f3n de minutos, una masacre destruye todo lo que conoce. Cuando el silencio regresa, Nina descubre que es la \u00fanica sobreviviente.<\/span><\/p>\n<p style=\"text-align: justify;\"><span style=\"font-weight: 400;\">Desde ese instante, su vida comienza a girar alrededor de un \u00fanico prop\u00f3sito: descubrir qui\u00e9n est\u00e1 detr\u00e1s del crimen y hacerlo pagar. La pista la conduce hasta una poderosa familia cuya riqueza domina una de las mansiones m\u00e1s imponentes de la ciudad. All\u00ed vive Rafael Sarda\u00f1as (<\/span><b>Carlos M\u00e1rquez<\/b><span style=\"font-weight: 400;\">), un hombre temido por su influencia, y su hijo Rafa Sarda\u00f1as (<\/span><b>Carlos Mata<\/b><span style=\"font-weight: 400;\">), un joven impulsivo y noble que parece ignorar las sombras que rodean a su padre.<\/span><\/p>\n<p style=\"text-align: justify;\"><span style=\"font-weight: 400;\">Para acercarse a la verdad, Nina toma una decisi\u00f3n extrema: se infiltra en la mansi\u00f3n bajo una identidad falsa, disfrazada de chofer. Entre pasillos de m\u00e1rmol, fiestas deslumbrantes y una \u00e9lite acostumbrada al poder, Nina comienza a observar, escuchar y reconstruir el rompecabezas de aquella noche fatal.<\/span><\/p>\n<p style=\"text-align: justify;\"><span style=\"font-weight: 400;\">Pero, su plan de venganza pronto se complica. Rafa, con su mezcla de rebeld\u00eda y sensibilidad desconcierta a Nina. Mientras tanto, el peligro se vuelve cada vez m\u00e1s cercano. La riqueza, corrupci\u00f3n, secretos, el odio y el amor empiezan a entrelazarse de manera inesperada.<\/span><\/p>\n<p style=\"text-align: justify;\"><img decoding=\"async\" loading=\"lazy\" class=\"alignnone size-full wp-image-231431\" src=\"https:\/\/www.rctvinternational.com\/wp-content\/uploads\/2020\/04\/deberias-saber-que.jpg\" alt=\"\" width=\"265\" height=\"39\" \/><\/p>\n<p style=\"text-align: justify;\"><b>\u2018Mansi\u00f3n de Luxe\u2019<\/b><span style=\"font-weight: 400;\"> marc\u00f3 el primer papel protag\u00f3nico de <\/span><b>Maricarmen Regueiro<\/b><span style=\"font-weight: 400;\">, quien hasta entonces hab\u00eda tenido participaciones breves en producciones como \u2018<\/span><b>Cristal\u2019<\/b><span style=\"font-weight: 400;\"> y \u2018<\/span><b>La Intrusa<\/b><span style=\"font-weight: 400;\">\u2019. La telenovela fue escrita por <\/span><b>Ibsen Mart\u00ednez <\/b><span style=\"font-weight: 400;\">a\u00f1os antes de alcanzar enorme notoriedad con \u2018<\/span><b>Por Estas Calles\u2019<\/b><span style=\"font-weight: 400;\"> y se caracteriz\u00f3 por utilizar numerosos escenarios reales para sus grabaciones, incluyendo bares y discotecas famosos de la \u00e9poca.\u00a0<\/span><\/p>","protected":false},"featured_media":237456,"template":"","meta":{"_et_pb_use_builder":"","_et_pb_old_content":"","_et_gb_content_width":""},"product_cat":[24],"product_tag":[245,1654,242,1655,1282],"acf":[],"_links":{"self":[{"href":"https:\/\/www.rctvinternational.com\/en\/wp-json\/wp\/v2\/product\/237455"}],"collection":[{"href":"https:\/\/www.rctvinternational.com\/en\/wp-json\/wp\/v2\/product"}],"about":[{"href":"https:\/\/www.rctvinternational.com\/en\/wp-json\/wp\/v2\/types\/product"}],"wp:featuredmedia":[{"embeddable":true,"href":"https:\/\/www.rctvinternational.com\/en\/wp-json\/wp\/v2\/media\/237456"}],"wp:attachment":[{"href":"https:\/\/www.rctvinternational.com\/en\/wp-json\/wp\/v2\/media?parent=237455"}],"wp:term":[{"taxonomy":"product_cat","embeddable":true,"href":"https:\/\/www.rctvinternational.com\/en\/wp-json\/wp\/v2\/product_cat?post=237455"},{"taxonomy":"product_tag","embeddable":true,"href":"https:\/\/www.rctvinternational.com\/en\/wp-json\/wp\/v2\/product_tag?post=237455"}],"curies":[{"name":"wp","href":"https:\/\/api.w.org\/{rel}","templated":true}]}}