{"id":237430,"date":"2026-03-16T16:16:47","date_gmt":"2026-03-16T16:16:47","guid":{"rendered":"https:\/\/www.rctvinternational.com\/?post_type=product&#038;p=237430"},"modified":"2026-03-18T11:13:56","modified_gmt":"2026-03-18T11:13:56","slug":"el-engano","status":"publish","type":"product","link":"https:\/\/www.rctvinternational.com\/en\/product\/el-engano\/","title":{"rendered":"El Enga\u00f1o"},"content":{"rendered":"<div style=\"width: 100%; min-height: 1px;\" id=\"vimeo-wc-video-69d72bd23d65e\" data-js=\"vimeo-wc-video\" data-atts=\"{&quot;autopause&quot;:&quot;true&quot;,&quot;autoplay&quot;:false,&quot;background&quot;:false,&quot;byline&quot;:&quot;true&quot;,&quot;color&quot;:&quot;none&quot;,&quot;controls&quot;:&quot;true&quot;,&quot;dnt&quot;:&quot;true&quot;,&quot;height&quot;:&quot;none&quot;,&quot;id&quot;:false,&quot;loop&quot;:false,&quot;maxheight&quot;:&quot;none&quot;,&quot;maxwidth&quot;:&quot;none&quot;,&quot;muted&quot;:false,&quot;pip&quot;:false,&quot;playsinline&quot;:&quot;true&quot;,&quot;portrait&quot;:&quot;true&quot;,&quot;quality&quot;:&quot;auto&quot;,&quot;responsive&quot;:&quot;true&quot;,&quot;speed&quot;:false,&quot;texttrack&quot;:&quot;none&quot;,&quot;title&quot;:&quot;true&quot;,&quot;transparent&quot;:true,&quot;url&quot;:&quot;https:\\\/\\\/vimeo.com\\\/1157304391&quot;,&quot;width&quot;:&quot;none&quot;}\"><\/div>\n<p>&nbsp;<\/p>","protected":false},"excerpt":{"rendered":"<p><img decoding=\"async\" loading=\"lazy\" class=\"alignnone size-medium wp-image-237478\" src=\"https:\/\/www.rctvinternational.com\/wp-content\/uploads\/2026\/03\/Claqueta-El-Emgano-226x300.png\" alt=\"\" width=\"226\" height=\"300\" \/><\/p>\n<p>&nbsp;<\/p>\n<p><img decoding=\"async\" loading=\"lazy\" class=\"alignnone size-full wp-image-232350\" src=\"https:\/\/www.rctvinternational.com\/wp-content\/uploads\/2020\/10\/Sinopsis.png\" alt=\"\" width=\"125\" height=\"57\" \/><\/p>\n<p><span style=\"font-weight: 400;\">Marta (<\/span><b>Gigi Zanchetta<\/b><span style=\"font-weight: 400;\">) viv\u00eda en la humildad hasta que un d\u00eda, su destino dio un vuelco cuando sus ojos se cruzaron con los de Juan Carlos (<\/span><b>Gabriel Fern\u00e1ndez<\/b><span style=\"font-weight: 400;\">), un joven heredero cuya vida de lujos en las mansiones de la ciudad contrastaba brutalmente con el mundo de ella. Lo que comenz\u00f3 como un flechazo accidental se convirti\u00f3 en un romance prohibido, desafiando las barreras sociales y el desprecio de la familia adinerada de Juan Carlos, que ve\u00eda en Marta una intrusa.<\/span><\/p>\n<p><span style=\"font-weight: 400;\">Sin embargo, el verdadero \u00abenga\u00f1o\u00bb no estaba solo en las diferencias de clase. Tras la fachada de una vida sencilla, Marta ignoraba que ella era la pieza perdida de un rompecabezas millonario, la hija secreta de un amor oculto que la vinculaba directamente con el linaje de los poderosos que ahora la humillaban. Su madre, por temor o verg\u00fcenza, hab\u00eda enterrado la verdad, dejando que Marta creciera entre carencias mientras su leg\u00edtima herencia era disfrutada por otros.<\/span><\/p>\n<p><span style=\"font-weight: 400;\">Maruja del Castillo (<\/span><b>Marisela Berti) <\/b><span style=\"font-weight: 400;\">es la villana<\/span> <span style=\"font-weight: 400;\">fr\u00eda y calculadora que maneja los hilos de la familia, por codicia. Para ella, Juan Carlos es el heredero que debe mantener el estatus social, a Marta la considera una \u00abdonnadie\u00bb y trepadora, por lo que utiliza toda su influencia para separar a su sobrino de ella. As\u00ed, teje una red de mentiras para evitar que la joven descubra su origen y reclame su lugar.\u00a0<\/span><\/p>\n<p><span style=\"font-weight: 400;\">Juan Carlos, atrapado entre su amor por Marta y las presiones de su familia, tendr\u00e1 que aprender que la lealtad pesa m\u00e1s que el apellido. Por su parte, entre l\u00e1grimas, traiciones y la lucha constante contra el estigma de la pobreza, Marta se ver\u00e1 obligada a dejar atr\u00e1s su inocencia. Al final, no es s\u00f3lo el dinero lo que tendr\u00e1 que reclamar, sino su identidad y dignidad.<\/span><\/p>\n<p><img decoding=\"async\" loading=\"lazy\" class=\"alignnone size-full wp-image-231431\" src=\"https:\/\/www.rctvinternational.com\/wp-content\/uploads\/2020\/04\/deberias-saber-que.jpg\" alt=\"\" width=\"265\" height=\"39\" \/><\/p>\n<p><span style=\"font-weight: 400;\">Esta telenovela es una versi\u00f3n de la telenovela venezolana <strong>&#8216;Cristina&#8217;<\/strong> (1970).<\/span><\/p>\n<p><span style=\"font-weight: 400;\">La producci\u00f3n destac\u00f3 por la fuerte qu\u00edmica entre sus protagonistas, quienes ya hab\u00edan trabajado juntos en otros \u00e9xitos como \u2018<\/span><b>Cristal<\/b><span style=\"font-weight: 400;\">\u2019.\u00a0 En sus inicios, <\/span><b>Gigi Zanchetta<\/b><span style=\"font-weight: 400;\"> aparec\u00eda en los cr\u00e9ditos como Gigliola <\/span><b>Zanchetta<\/b><span style=\"font-weight: 400;\">, pero fue durante esta etapa de finales de los 80 cuando consolid\u00f3 su nombre art\u00edstico m\u00e1s corto.<\/span><\/p>","protected":false},"featured_media":237431,"template":"","meta":{"_et_pb_use_builder":"","_et_pb_old_content":"","_et_gb_content_width":""},"product_cat":[22],"product_tag":[1652,1651,424,1653,580],"acf":[],"_links":{"self":[{"href":"https:\/\/www.rctvinternational.com\/en\/wp-json\/wp\/v2\/product\/237430"}],"collection":[{"href":"https:\/\/www.rctvinternational.com\/en\/wp-json\/wp\/v2\/product"}],"about":[{"href":"https:\/\/www.rctvinternational.com\/en\/wp-json\/wp\/v2\/types\/product"}],"wp:featuredmedia":[{"embeddable":true,"href":"https:\/\/www.rctvinternational.com\/en\/wp-json\/wp\/v2\/media\/237431"}],"wp:attachment":[{"href":"https:\/\/www.rctvinternational.com\/en\/wp-json\/wp\/v2\/media?parent=237430"}],"wp:term":[{"taxonomy":"product_cat","embeddable":true,"href":"https:\/\/www.rctvinternational.com\/en\/wp-json\/wp\/v2\/product_cat?post=237430"},{"taxonomy":"product_tag","embeddable":true,"href":"https:\/\/www.rctvinternational.com\/en\/wp-json\/wp\/v2\/product_tag?post=237430"}],"curies":[{"name":"wp","href":"https:\/\/api.w.org\/{rel}","templated":true}]}}