{"id":236852,"date":"2025-02-12T18:37:58","date_gmt":"2025-02-12T18:37:58","guid":{"rendered":"https:\/\/www.rctvinternational.com\/?post_type=product&#038;p=236852"},"modified":"2025-06-23T11:47:58","modified_gmt":"2025-06-23T11:47:58","slug":"orinoco-rio-de-sangre","status":"publish","type":"product","link":"https:\/\/www.rctvinternational.com\/en\/product\/orinoco-rio-de-sangre\/","title":{"rendered":"Orinoco R\u00edo de Sangre"},"content":{"rendered":"<div style=\"width: 100%; min-height: 1px;\" id=\"vimeo-wc-video-69efa5004cdf9\" data-js=\"vimeo-wc-video\" data-atts=\"{&quot;autopause&quot;:&quot;true&quot;,&quot;autoplay&quot;:false,&quot;background&quot;:false,&quot;byline&quot;:&quot;true&quot;,&quot;color&quot;:&quot;none&quot;,&quot;controls&quot;:&quot;true&quot;,&quot;dnt&quot;:&quot;true&quot;,&quot;height&quot;:&quot;none&quot;,&quot;id&quot;:false,&quot;loop&quot;:false,&quot;maxheight&quot;:&quot;none&quot;,&quot;maxwidth&quot;:&quot;none&quot;,&quot;muted&quot;:false,&quot;pip&quot;:false,&quot;playsinline&quot;:&quot;true&quot;,&quot;portrait&quot;:&quot;true&quot;,&quot;quality&quot;:&quot;auto&quot;,&quot;responsive&quot;:&quot;true&quot;,&quot;speed&quot;:false,&quot;texttrack&quot;:&quot;none&quot;,&quot;title&quot;:&quot;true&quot;,&quot;transparent&quot;:true,&quot;url&quot;:&quot;https:\\\/\\\/vimeo.com\\\/1030084186&quot;,&quot;width&quot;:&quot;none&quot;}\"><\/div>","protected":false},"excerpt":{"rendered":"<p style=\"text-align: justify;\"><img decoding=\"async\" loading=\"lazy\" class=\"alignnone size-medium wp-image-236922\" src=\"https:\/\/www.rctvinternational.com\/wp-content\/uploads\/2024\/12\/Claquetas-Orinoco-rio-de-Sangre--267x300.png\" alt=\"\" width=\"267\" height=\"300\" \/><\/p>\n<p style=\"text-align: justify;\"><img decoding=\"async\" loading=\"lazy\" class=\"alignnone size-full wp-image-232350\" src=\"https:\/\/www.rctvinternational.com\/wp-content\/uploads\/2020\/10\/Sinopsis.png\" alt=\"\" width=\"125\" height=\"57\" \/><\/p>\n<p style=\"text-align: justify;\">Santiago Peraza, el joven m\u00e1s admirado y envidiado de Santa B\u00e1rbara del Orinoco, era conocido por su talento como coleador, su carisma inigualable y sus conquistas amorosas. Su vida, siempre bajo los reflectores del pueblo, se vio abruptamente apagada una noche fat\u00eddica cuando su cuerpo apareci\u00f3 calcinado junto al de su hermano en la orilla del r\u00edo. La versi\u00f3n oficial del crimen lo redujo a un simple pleito, pero las lenguas del pueblo no tardaron en se\u00f1alar otras verdades.<\/p>\n<p style=\"text-align: justify;\">Le\u00f3n Benigno, locutor de la emisora local, se embarca en una investigaci\u00f3n radial, reconstruyendo los romances y rivalidades que marcaban la vida de Santiago. A trav\u00e9s de sus cr\u00f3nicas, revela un panorama m\u00e1s oscuro de pasiones desbordadas, secretos inconfesables y rencores mortales. Santiago, amado y odiado a partes iguales, dej\u00f3 tras de s\u00ed un rastro de corazones rotos y enemigos que lo perseguir\u00edan m\u00e1s all\u00e1 de la muerte.<\/p>\n<p style=\"text-align: justify;\">En un viaje entre lo buc\u00f3lico y lo violento, inspirado en hechos reales, esta trama desentierra los misterios detr\u00e1s del hombre que marc\u00f3 una \u00e9poca en el pueblo y la verdad sobre su tr\u00e1gico final.<\/p>\n<p style=\"text-align: justify;\"><img decoding=\"async\" loading=\"lazy\" class=\"alignnone size-full wp-image-231431\" src=\"https:\/\/www.rctvinternational.com\/wp-content\/uploads\/2020\/04\/deberias-saber-que.jpg\" alt=\"\" width=\"265\" height=\"39\" \/><\/p>\n<p style=\"text-align: justify;\">Esta pel\u00edcula es un viaje entre lo buc\u00f3lico y lo violento, inspirado en hechos reales ocurridos en Caicara del Orinoco. Una trama desentierra los misterios detr\u00e1s del hombre que marc\u00f3 una \u00e9poca en el pueblo y la verdad sobre su tr\u00e1gico final.<\/p>","protected":false},"featured_media":236853,"template":"","meta":{"_et_pb_use_builder":"","_et_pb_old_content":"","_et_gb_content_width":""},"product_cat":[24],"product_tag":[1205,1502,1264,1319,1503,1214,1239],"acf":[],"_links":{"self":[{"href":"https:\/\/www.rctvinternational.com\/en\/wp-json\/wp\/v2\/product\/236852"}],"collection":[{"href":"https:\/\/www.rctvinternational.com\/en\/wp-json\/wp\/v2\/product"}],"about":[{"href":"https:\/\/www.rctvinternational.com\/en\/wp-json\/wp\/v2\/types\/product"}],"wp:featuredmedia":[{"embeddable":true,"href":"https:\/\/www.rctvinternational.com\/en\/wp-json\/wp\/v2\/media\/236853"}],"wp:attachment":[{"href":"https:\/\/www.rctvinternational.com\/en\/wp-json\/wp\/v2\/media?parent=236852"}],"wp:term":[{"taxonomy":"product_cat","embeddable":true,"href":"https:\/\/www.rctvinternational.com\/en\/wp-json\/wp\/v2\/product_cat?post=236852"},{"taxonomy":"product_tag","embeddable":true,"href":"https:\/\/www.rctvinternational.com\/en\/wp-json\/wp\/v2\/product_tag?post=236852"}],"curies":[{"name":"wp","href":"https:\/\/api.w.org\/{rel}","templated":true}]}}