{"id":236840,"date":"2024-12-18T20:41:33","date_gmt":"2024-12-18T20:41:33","guid":{"rendered":"https:\/\/www.rctvinternational.com\/?post_type=product&#038;p=236840"},"modified":"2024-12-19T00:44:31","modified_gmt":"2024-12-19T00:44:31","slug":"volver-a-ti","status":"publish","type":"product","link":"https:\/\/www.rctvinternational.com\/en\/product\/volver-a-ti\/","title":{"rendered":"Volver a ti"},"content":{"rendered":"<div style=\"width: 100%; min-height: 1px;\" id=\"vimeo-wc-video-69efa50053b51\" data-js=\"vimeo-wc-video\" data-atts=\"{&quot;autopause&quot;:&quot;true&quot;,&quot;autoplay&quot;:false,&quot;background&quot;:false,&quot;byline&quot;:&quot;true&quot;,&quot;color&quot;:&quot;none&quot;,&quot;controls&quot;:&quot;true&quot;,&quot;dnt&quot;:&quot;true&quot;,&quot;height&quot;:&quot;none&quot;,&quot;id&quot;:false,&quot;loop&quot;:false,&quot;maxheight&quot;:&quot;none&quot;,&quot;maxwidth&quot;:&quot;none&quot;,&quot;muted&quot;:false,&quot;pip&quot;:false,&quot;playsinline&quot;:&quot;true&quot;,&quot;portrait&quot;:&quot;true&quot;,&quot;quality&quot;:&quot;auto&quot;,&quot;responsive&quot;:&quot;true&quot;,&quot;speed&quot;:false,&quot;texttrack&quot;:&quot;none&quot;,&quot;title&quot;:&quot;true&quot;,&quot;transparent&quot;:true,&quot;url&quot;:&quot;https:\\\/\\\/vimeo.com\\\/1030090230&quot;,&quot;width&quot;:&quot;none&quot;}\"><\/div>","protected":false},"excerpt":{"rendered":"<p style=\"text-align: justify;\"><img decoding=\"async\" loading=\"lazy\" class=\"alignnone size-medium wp-image-236845\" src=\"https:\/\/www.rctvinternational.com\/wp-content\/uploads\/2024\/12\/Claquetas-Volver-a-ti-267x300.png\" alt=\"\" width=\"267\" height=\"300\" \/><\/p>\n<p style=\"text-align: justify;\"><img decoding=\"async\" loading=\"lazy\" class=\"alignnone size-full wp-image-232350\" src=\"https:\/\/www.rctvinternational.com\/wp-content\/uploads\/2020\/10\/Sinopsis.png\" alt=\"\" width=\"125\" height=\"57\" \/><\/p>\n<p style=\"text-align: justify;\">Emilia y Camilo son una joven pareja que se ve obligada a huir de su pa\u00eds debido a una situaci\u00f3n pol\u00edtica que amenaza su seguridad. Con el coraz\u00f3n roto, dejan atr\u00e1s a su peque\u00f1o hijo en busca de un futuro mejor. Sin embargo, el destino tiene planes inesperados cuando, en medio de su escape, Emilia experimenta algo inexplicable: tras un misterioso suceso, se despierta en una ciudad moderna, pero con una sensaci\u00f3n extra\u00f1a de familiaridad.<\/p>\n<p style=\"text-align: justify;\">Pronto se da cuenta de que la ciudad no solo parece conocida, sino que es la misma de la que huy\u00f3\u2026 pero han transcurrido 30 a\u00f1os. En este nuevo mundo, Emilia debe enfrentarse a una realidad alterada y aprender a navegar en un tiempo que no es el suyo.<\/p>\n<p style=\"text-align: justify;\">A medida que Emilia trata de entender lo que ha sucedido, descubre que su amor por Camilo sigue intacto, aunque \u00e9l parece no reconocerla en la ciudad futura. Desesperada por entender c\u00f3mo su vida se ha visto truncada por el paso del tiempo, Emilia se enfrenta a las consecuencias de su decisi\u00f3n de huir y las complejas emociones que surgen al reencontrarse con el amor perdido. \u00bfEs posible regresar al pasado o ser\u00e1 que el futuro ya est\u00e1 escrito para ella y su familia?<\/p>\n<p style=\"text-align: justify;\"><img decoding=\"async\" loading=\"lazy\" class=\"alignnone size-full wp-image-231431\" src=\"https:\/\/www.rctvinternational.com\/wp-content\/uploads\/2020\/04\/deberias-saber-que.jpg\" alt=\"\" width=\"265\" height=\"39\" \/><\/p>\n<p style=\"text-align: justify;\"><strong>&#8216;Volver a Ti&#8217;<\/strong>\u00a0cuenta con las interpretaciones de <strong>Ruddy Rodr\u00edguez<\/strong> y <strong>Flavio Caballero<\/strong>, quienes dan vida a los protagonistas de esta conmovedora historia. Esta obra destaca por incluir en su trama elementos de fantas\u00eda, como los viajes en el tiempo. Renato Guti\u00e9rrez y C\u00e9sar Miguel Rond\u00f3n son los autores de esta magistral obra.<\/p>","protected":false},"featured_media":236841,"template":"","meta":{"_et_pb_use_builder":"","_et_pb_old_content":"","_et_gb_content_width":""},"product_cat":[24],"product_tag":[1205,727,1264,1239,1497],"acf":[],"_links":{"self":[{"href":"https:\/\/www.rctvinternational.com\/en\/wp-json\/wp\/v2\/product\/236840"}],"collection":[{"href":"https:\/\/www.rctvinternational.com\/en\/wp-json\/wp\/v2\/product"}],"about":[{"href":"https:\/\/www.rctvinternational.com\/en\/wp-json\/wp\/v2\/types\/product"}],"wp:featuredmedia":[{"embeddable":true,"href":"https:\/\/www.rctvinternational.com\/en\/wp-json\/wp\/v2\/media\/236841"}],"wp:attachment":[{"href":"https:\/\/www.rctvinternational.com\/en\/wp-json\/wp\/v2\/media?parent=236840"}],"wp:term":[{"taxonomy":"product_cat","embeddable":true,"href":"https:\/\/www.rctvinternational.com\/en\/wp-json\/wp\/v2\/product_cat?post=236840"},{"taxonomy":"product_tag","embeddable":true,"href":"https:\/\/www.rctvinternational.com\/en\/wp-json\/wp\/v2\/product_tag?post=236840"}],"curies":[{"name":"wp","href":"https:\/\/api.w.org\/{rel}","templated":true}]}}