{"id":236834,"date":"2024-12-18T20:02:02","date_gmt":"2024-12-18T20:02:02","guid":{"rendered":"https:\/\/www.rctvinternational.com\/?post_type=product&#038;p=236834"},"modified":"2024-12-19T01:14:04","modified_gmt":"2024-12-19T01:14:04","slug":"colapso","status":"publish","type":"product","link":"https:\/\/www.rctvinternational.com\/en\/product\/colapso\/","title":{"rendered":"Colapso"},"content":{"rendered":"<div style=\"width: 100%; min-height: 1px;\" id=\"vimeo-wc-video-69efa529a74ec\" data-js=\"vimeo-wc-video\" data-atts=\"{&quot;autopause&quot;:&quot;true&quot;,&quot;autoplay&quot;:false,&quot;background&quot;:false,&quot;byline&quot;:&quot;true&quot;,&quot;color&quot;:&quot;none&quot;,&quot;controls&quot;:&quot;true&quot;,&quot;dnt&quot;:&quot;true&quot;,&quot;height&quot;:&quot;none&quot;,&quot;id&quot;:false,&quot;loop&quot;:false,&quot;maxheight&quot;:&quot;none&quot;,&quot;maxwidth&quot;:&quot;none&quot;,&quot;muted&quot;:false,&quot;pip&quot;:false,&quot;playsinline&quot;:&quot;true&quot;,&quot;portrait&quot;:&quot;true&quot;,&quot;quality&quot;:&quot;auto&quot;,&quot;responsive&quot;:&quot;true&quot;,&quot;speed&quot;:false,&quot;texttrack&quot;:&quot;none&quot;,&quot;title&quot;:&quot;true&quot;,&quot;transparent&quot;:true,&quot;url&quot;:&quot;https:\\\/\\\/vimeo.com\\\/1030079933&quot;,&quot;width&quot;:&quot;none&quot;}\"><\/div>","protected":false},"excerpt":{"rendered":"<p style=\"text-align: justify;\"><img decoding=\"async\" loading=\"lazy\" class=\"alignnone size-medium wp-image-236839\" src=\"https:\/\/www.rctvinternational.com\/wp-content\/uploads\/2024\/12\/Claquetas-Colapso-267x300.png\" alt=\"\" width=\"267\" height=\"300\" \/><\/p>\n<p style=\"text-align: justify;\"><img decoding=\"async\" loading=\"lazy\" class=\"alignnone size-full wp-image-232350\" src=\"https:\/\/www.rctvinternational.com\/wp-content\/uploads\/2020\/10\/Sinopsis.png\" alt=\"\" width=\"125\" height=\"57\" \/><\/p>\n<p style=\"text-align: justify;\">En medio del caos, David (<strong>Jorge Luis Morales<\/strong>), un joven periodista, se convierte en el testigo de la decadencia de su amada ciudad. Mientras las instituciones se desmoronan, los servicios b\u00e1sicos desaparecen, y la desesperaci\u00f3n fuerza a miles a huir hacia el interior del pa\u00eds, David lucha por encontrar sentido en las ruinas.<\/p>\n<p style=\"text-align: justify;\">Con su familia a cuestas, \u00e9l elige quedarse en la urbe, aferr\u00e1ndose a los recuerdos de un pasado glorioso y a la esperanza de un renacer. Su visi\u00f3n se convierte en un viaje \u00edntimo, donde nostalgia y resistencia se enfrentan a la realidad devastadora de un colapso.<\/p>\n<p style=\"text-align: justify;\">David no solo documenta la tragedia, sino que tambi\u00e9n se convierte en la voz de los pocos que, con fidelidad y anhelo, intentan reconstruir lo que parece irrecuperable. Entre las sombras de la urbe, su historia es un grito silencioso de quienes no abandonan su tierra y creen que, tras la tormenta, la ciudad puede volver a brillar.<\/p>\n<p style=\"text-align: justify;\"><img decoding=\"async\" loading=\"lazy\" class=\"alignnone size-full wp-image-231431\" src=\"https:\/\/www.rctvinternational.com\/wp-content\/uploads\/2020\/04\/deberias-saber-que.jpg\" alt=\"\" width=\"265\" height=\"39\" \/><\/p>\n<p style=\"text-align: justify;\"><strong>\u2018Colapso\u2019<\/strong> es una historia dirigida con la sensibilidad de los grandes dramas contempor\u00e1neos de <strong>Luisa de la Ville<\/strong>, cineasta nominada a <strong>Los Premios Goya<\/strong> <strong>2024<\/strong>. Ella tambi\u00e9n estuvo a cargo de la pel\u00edcula de alta calidad <strong>\u2018<\/strong><strong>La Raya de Cal\u2019<\/strong>, otra exitosa producci\u00f3n de <strong>RCTV, <\/strong>que logr\u00f3 destacarse internacionalmente.<\/p>","protected":false},"featured_media":236835,"template":"","meta":{"_et_pb_use_builder":"","_et_pb_old_content":"","_et_gb_content_width":""},"product_cat":[24],"product_tag":[1205,1500,1501,1499,727,1335,1238],"acf":[],"_links":{"self":[{"href":"https:\/\/www.rctvinternational.com\/en\/wp-json\/wp\/v2\/product\/236834"}],"collection":[{"href":"https:\/\/www.rctvinternational.com\/en\/wp-json\/wp\/v2\/product"}],"about":[{"href":"https:\/\/www.rctvinternational.com\/en\/wp-json\/wp\/v2\/types\/product"}],"wp:featuredmedia":[{"embeddable":true,"href":"https:\/\/www.rctvinternational.com\/en\/wp-json\/wp\/v2\/media\/236835"}],"wp:attachment":[{"href":"https:\/\/www.rctvinternational.com\/en\/wp-json\/wp\/v2\/media?parent=236834"}],"wp:term":[{"taxonomy":"product_cat","embeddable":true,"href":"https:\/\/www.rctvinternational.com\/en\/wp-json\/wp\/v2\/product_cat?post=236834"},{"taxonomy":"product_tag","embeddable":true,"href":"https:\/\/www.rctvinternational.com\/en\/wp-json\/wp\/v2\/product_tag?post=236834"}],"curies":[{"name":"wp","href":"https:\/\/api.w.org\/{rel}","templated":true}]}}