{"id":236826,"date":"2024-12-18T17:33:05","date_gmt":"2024-12-18T17:33:05","guid":{"rendered":"https:\/\/www.rctvinternational.com\/?post_type=product&#038;p=236826"},"modified":"2025-09-01T20:11:34","modified_gmt":"2025-09-01T20:11:34","slug":"eva-marina","status":"publish","type":"product","link":"https:\/\/www.rctvinternational.com\/en\/product\/eva-marina\/","title":{"rendered":"Eva Marina"},"content":{"rendered":"","protected":false},"excerpt":{"rendered":"<p style=\"text-align: justify;\"><img decoding=\"async\" loading=\"lazy\" class=\"alignnone size-medium wp-image-236869\" src=\"https:\/\/www.rctvinternational.com\/wp-content\/uploads\/2024\/12\/Claqueta-Eva-Marina-226x300.png\" alt=\"\" width=\"226\" height=\"300\" \/><\/p>\n<p style=\"text-align: justify;\"><img decoding=\"async\" loading=\"lazy\" class=\"alignnone size-full wp-image-232350\" src=\"https:\/\/www.rctvinternational.com\/wp-content\/uploads\/2020\/10\/Sinopsis.png\" alt=\"\" width=\"125\" height=\"57\" \/><\/p>\n<p style=\"text-align: justify;\">Eur\u00eddice (<strong>Marialejandra Mart\u00edn<\/strong>) es una mujer valiente y decidida, que surge de una humilde comunidad y se dedica a ense\u00f1ar en una escuela del barrio, creyendo firmemente que el conocimiento es la clave para un futuro mejor.<\/p>\n<p style=\"text-align: justify;\">Sin embargo, su vida toma un giro inesperado cuando interviene para proteger a un alumno atrapado en el mundo de la delincuencia, y se ve envuelta en un asesinato. Aunque inocente, es perseguida y acusada injustamente. Para escapar de la venganza, cambia su identidad a Eva Marina.<\/p>\n<p style=\"text-align: justify;\">En medio de esta lucha por sobrevivir y limpiar su nombre, Eur\u00eddice se ve atrapada en un tri\u00e1ngulo amoroso con dos hombres: Mauro Sarria V\u00e9lez (<strong>Roberto Moll<\/strong>), un narcotraficante, y \u00c1lvaro Infante (<strong>Aroldo Betancourt<\/strong>), un juez distinguido. Ambos hombres jugar\u00e1n roles fundamentales en su vida, mientras ella navega por un mundo donde el dinero predomina sobre la justicia y las vidas humanas.<\/p>\n<p style=\"text-align: justify;\">A pesar de los desaf\u00edos, Eur\u00eddice nunca pierde su esperanza ni su coraje, convirti\u00e9ndose en un s\u00edmbolo de resistencia y fuerza para aquellos a su alrededor.<\/p>\n<p style=\"text-align: justify;\"><img decoding=\"async\" loading=\"lazy\" class=\"alignnone size-full wp-image-231431\" src=\"https:\/\/www.rctvinternational.com\/wp-content\/uploads\/2020\/04\/deberias-saber-que.jpg\" alt=\"\" width=\"265\" height=\"39\" \/><\/p>\n<p style=\"text-align: justify;\"><b>Eva Marina (Por Estas Calles)<\/b><b><i>\u00a0<\/i><\/b>es la telenovela m\u00e1s larga y exitosa de la historia venezolana, destacada por su poderosa trama de amor, justicia y lucha en un mundo corrupto, que reson\u00f3 profundamente con los espectadores.<\/p>","protected":false},"featured_media":236864,"template":"","meta":{"_et_pb_use_builder":"","_et_pb_old_content":"","_et_gb_content_width":""},"product_cat":[22],"product_tag":[1205,1496,1335,1204,388,670,671,1495],"acf":[],"_links":{"self":[{"href":"https:\/\/www.rctvinternational.com\/en\/wp-json\/wp\/v2\/product\/236826"}],"collection":[{"href":"https:\/\/www.rctvinternational.com\/en\/wp-json\/wp\/v2\/product"}],"about":[{"href":"https:\/\/www.rctvinternational.com\/en\/wp-json\/wp\/v2\/types\/product"}],"wp:featuredmedia":[{"embeddable":true,"href":"https:\/\/www.rctvinternational.com\/en\/wp-json\/wp\/v2\/media\/236864"}],"wp:attachment":[{"href":"https:\/\/www.rctvinternational.com\/en\/wp-json\/wp\/v2\/media?parent=236826"}],"wp:term":[{"taxonomy":"product_cat","embeddable":true,"href":"https:\/\/www.rctvinternational.com\/en\/wp-json\/wp\/v2\/product_cat?post=236826"},{"taxonomy":"product_tag","embeddable":true,"href":"https:\/\/www.rctvinternational.com\/en\/wp-json\/wp\/v2\/product_tag?post=236826"}],"curies":[{"name":"wp","href":"https:\/\/api.w.org\/{rel}","templated":true}]}}