{"id":236785,"date":"2024-12-16T23:25:29","date_gmt":"2024-12-16T23:25:29","guid":{"rendered":"https:\/\/www.rctvinternational.com\/?post_type=product&#038;p=236785"},"modified":"2024-12-18T01:18:40","modified_gmt":"2024-12-18T01:18:40","slug":"luisana-mia","status":"publish","type":"product","link":"https:\/\/www.rctvinternational.com\/en\/product\/luisana-mia\/","title":{"rendered":"Luisana m\u00eda"},"content":{"rendered":"","protected":false},"excerpt":{"rendered":"<p style=\"text-align: justify;\"><img decoding=\"async\" loading=\"lazy\" class=\"alignnone size-medium wp-image-236804\" src=\"https:\/\/www.rctvinternational.com\/wp-content\/uploads\/2024\/12\/Claqueta-Luisana-Mia-226x300.png\" alt=\"\" width=\"226\" height=\"300\" \/><\/p>\n<p style=\"text-align: justify;\"><img decoding=\"async\" loading=\"lazy\" class=\"alignnone size-full wp-image-232350\" src=\"https:\/\/www.rctvinternational.com\/wp-content\/uploads\/2020\/10\/Sinopsis.png\" alt=\"\" width=\"125\" height=\"57\" \/><\/p>\n<p style=\"text-align: justify;\" data-sourcepos=\"5:1-5:258\">Luisana (<strong>Mayra Alejandra<\/strong>), una mujer inteligente y hermosa, queda atrapada en un matrimonio opresivo con Juan Miguel (<strong>Jean Carlo Simancas<\/strong>), un hombre machista y controlador. A pesar de su inteligencia, Luisana se ve reducida al papel de ama de casa, suprimida por los celos enfermizos de su esposo.<\/p>\n<p style=\"text-align: justify;\" data-sourcepos=\"7:1-7:264\">Determinada a recuperar su voz y su autonom\u00eda, Luisana lucha contra las injusticias que sufre a diario. Mientras el abuso psicol\u00f3gico se intensifica, ella se convierte en un s\u00edmbolo de resistencia frente al machismo, cuestionando los roles tradicionales de g\u00e9nero.<\/p>\n<p style=\"text-align: justify;\" data-sourcepos=\"9:1-9:248\">A lo largo de la historia, Luisana muestra que incluso en las situaciones m\u00e1s dif\u00edciles, es posible encontrar la fuerza para luchar por lo que cree. Su b\u00fasqueda por la igualdad y la libertad la convierte en un referente para muchas mujeres.<\/p>\n<p style=\"text-align: justify;\"><img decoding=\"async\" loading=\"lazy\" class=\"alignnone size-full wp-image-231431\" src=\"https:\/\/www.rctvinternational.com\/wp-content\/uploads\/2020\/04\/deberias-saber-que.jpg\" alt=\"\" width=\"265\" height=\"39\" \/><\/p>\n<p style=\"text-align: justify;\"><strong>Luisana M\u00eda<\/strong> es una de las telenovelas m\u00e1s memorables de <strong>RCTV<\/strong>, destacada por la interpretaci\u00f3n de <strong>Mayra Alejandra<\/strong> como la valiente protagonista. <strong>Jean Carlos Simancas<\/strong>, quien dio vida a Juan Miguel Bernal, abord\u00f3 un papel complejo, mostrando los peligros del celos patol\u00f3gicos. La serie fue bien recibida por su tratamiento del maltrato a la mujer,en un momento en el que era un tab\u00fa, abordando temas que siguen siendo relevantes hoy en d\u00eda.<\/p>","protected":false},"featured_media":236800,"template":"","meta":{"_et_pb_use_builder":"","_et_pb_old_content":"","_et_gb_content_width":""},"product_cat":[22],"product_tag":[1490,1489,1488,321,1487,323,1491,745,1204,1214,388,670],"acf":[],"_links":{"self":[{"href":"https:\/\/www.rctvinternational.com\/en\/wp-json\/wp\/v2\/product\/236785"}],"collection":[{"href":"https:\/\/www.rctvinternational.com\/en\/wp-json\/wp\/v2\/product"}],"about":[{"href":"https:\/\/www.rctvinternational.com\/en\/wp-json\/wp\/v2\/types\/product"}],"wp:featuredmedia":[{"embeddable":true,"href":"https:\/\/www.rctvinternational.com\/en\/wp-json\/wp\/v2\/media\/236800"}],"wp:attachment":[{"href":"https:\/\/www.rctvinternational.com\/en\/wp-json\/wp\/v2\/media?parent=236785"}],"wp:term":[{"taxonomy":"product_cat","embeddable":true,"href":"https:\/\/www.rctvinternational.com\/en\/wp-json\/wp\/v2\/product_cat?post=236785"},{"taxonomy":"product_tag","embeddable":true,"href":"https:\/\/www.rctvinternational.com\/en\/wp-json\/wp\/v2\/product_tag?post=236785"}],"curies":[{"name":"wp","href":"https:\/\/api.w.org\/{rel}","templated":true}]}}