{"id":236782,"date":"2024-12-18T17:07:49","date_gmt":"2024-12-18T17:07:49","guid":{"rendered":"https:\/\/www.rctvinternational.com\/?post_type=product&#038;p=236782"},"modified":"2025-09-04T15:34:37","modified_gmt":"2025-09-04T15:34:37","slug":"la-salvaje","status":"publish","type":"product","link":"https:\/\/www.rctvinternational.com\/en\/product\/la-salvaje\/","title":{"rendered":"La Salvaje"},"content":{"rendered":"<div style=\"width: 100%; min-height: 1px;\" id=\"vimeo-wc-video-69f0a61fe14f7\" data-js=\"vimeo-wc-video\" data-atts=\"{&quot;autopause&quot;:&quot;true&quot;,&quot;autoplay&quot;:false,&quot;background&quot;:false,&quot;byline&quot;:&quot;true&quot;,&quot;color&quot;:&quot;none&quot;,&quot;controls&quot;:&quot;true&quot;,&quot;dnt&quot;:&quot;true&quot;,&quot;height&quot;:&quot;none&quot;,&quot;id&quot;:false,&quot;loop&quot;:false,&quot;maxheight&quot;:&quot;none&quot;,&quot;maxwidth&quot;:&quot;none&quot;,&quot;muted&quot;:false,&quot;pip&quot;:false,&quot;playsinline&quot;:&quot;true&quot;,&quot;portrait&quot;:&quot;true&quot;,&quot;quality&quot;:&quot;auto&quot;,&quot;responsive&quot;:&quot;true&quot;,&quot;speed&quot;:false,&quot;texttrack&quot;:&quot;none&quot;,&quot;title&quot;:&quot;true&quot;,&quot;transparent&quot;:true,&quot;url&quot;:&quot;https:\\\/\\\/vimeo.com\\\/1107223785&quot;,&quot;width&quot;:&quot;none&quot;}\"><\/div>\n<p>&nbsp;<\/p>","protected":false},"excerpt":{"rendered":"<p style=\"text-align: justify;\"><img decoding=\"async\" loading=\"lazy\" class=\"alignnone size-medium wp-image-236819\" src=\"https:\/\/www.rctvinternational.com\/wp-content\/uploads\/2024\/12\/Claqueta-La-Salvaje-226x300.png\" alt=\"\" width=\"226\" height=\"300\" \/><\/p>\n<p style=\"text-align: justify;\"><img decoding=\"async\" loading=\"lazy\" class=\"alignnone size-full wp-image-232350\" src=\"https:\/\/www.rctvinternational.com\/wp-content\/uploads\/2020\/10\/Sinopsis.png\" alt=\"\" width=\"125\" height=\"57\" \/><\/p>\n<p style=\"text-align: justify;\" data-sourcepos=\"7:1-7:365\">Maribella (<strong>Caridad Canel\u00f3n<\/strong>), conocida como \u00abLa Salvaje\u00bb, lleva consigo una profunda cicatriz: la ruina y muerte de su padre, causadas por la despiadada Cayetana Sanabria. Enamorada de Alberto Jos\u00e9 (<strong>F\u00e9lix Loreto<\/strong>), uno de los hijos de Cayetana, su coraz\u00f3n se rompe al ser abandonada por \u00e9l. Convertida en una mujer poderosa, jura vengarse de los Sanabria, construyendo un imperio econ\u00f3mico para destruirlos.<\/p>\n<p style=\"text-align: justify;\" data-sourcepos=\"9:1-9:321\">Transformada en una mujer adinerada, convierte a Alberto Jos\u00e9 en el capit\u00e1n de su barco. Sin embargo, el destino juega una cruel broma cuando Cayetana intenta acabar con su vida. Al sobrevivir, Maribella se enfrenta a una decisi\u00f3n crucial: seguir alimentando su odio o permitir que el amor renazca.<\/p>\n<p style=\"text-align: justify;\"><img decoding=\"async\" loading=\"lazy\" class=\"alignnone size-full wp-image-231431\" src=\"https:\/\/www.rctvinternational.com\/wp-content\/uploads\/2020\/04\/deberias-saber-que.jpg\" alt=\"\" width=\"265\" height=\"39\" \/><\/p>\n<p style=\"text-align: justify;\">En esta producci\u00f3n, resalta la manera en que se le da un giro al final de la narrativa tradicional de los amores de telenovela, pues los protagonistas, llevados por la trama de rivalidades y venganzas, concluyen su historia separados.<\/p>","protected":false},"featured_media":236815,"template":"","meta":{"_et_pb_use_builder":"","_et_pb_old_content":"","_et_gb_content_width":""},"product_cat":[22],"product_tag":[269,1205,1486,1484,1485,388,670,1416,277],"acf":[],"_links":{"self":[{"href":"https:\/\/www.rctvinternational.com\/en\/wp-json\/wp\/v2\/product\/236782"}],"collection":[{"href":"https:\/\/www.rctvinternational.com\/en\/wp-json\/wp\/v2\/product"}],"about":[{"href":"https:\/\/www.rctvinternational.com\/en\/wp-json\/wp\/v2\/types\/product"}],"wp:featuredmedia":[{"embeddable":true,"href":"https:\/\/www.rctvinternational.com\/en\/wp-json\/wp\/v2\/media\/236815"}],"wp:attachment":[{"href":"https:\/\/www.rctvinternational.com\/en\/wp-json\/wp\/v2\/media?parent=236782"}],"wp:term":[{"taxonomy":"product_cat","embeddable":true,"href":"https:\/\/www.rctvinternational.com\/en\/wp-json\/wp\/v2\/product_cat?post=236782"},{"taxonomy":"product_tag","embeddable":true,"href":"https:\/\/www.rctvinternational.com\/en\/wp-json\/wp\/v2\/product_tag?post=236782"}],"curies":[{"name":"wp","href":"https:\/\/api.w.org\/{rel}","templated":true}]}}