{"id":236780,"date":"2025-02-13T16:52:04","date_gmt":"2025-02-13T16:52:04","guid":{"rendered":"https:\/\/www.rctvinternational.com\/?post_type=product&#038;p=236780"},"modified":"2025-08-28T11:58:50","modified_gmt":"2025-08-28T11:58:50","slug":"la-madame","status":"publish","type":"product","link":"https:\/\/www.rctvinternational.com\/en\/product\/la-madame\/","title":{"rendered":"La Madame"},"content":{"rendered":"<div style=\"width: 100%; min-height: 1px;\" id=\"vimeo-wc-video-69efa5020eb4e\" data-js=\"vimeo-wc-video\" data-atts=\"{&quot;autopause&quot;:&quot;true&quot;,&quot;autoplay&quot;:false,&quot;background&quot;:false,&quot;byline&quot;:&quot;true&quot;,&quot;color&quot;:&quot;none&quot;,&quot;controls&quot;:&quot;true&quot;,&quot;dnt&quot;:&quot;true&quot;,&quot;height&quot;:&quot;none&quot;,&quot;id&quot;:false,&quot;loop&quot;:false,&quot;maxheight&quot;:&quot;none&quot;,&quot;maxwidth&quot;:&quot;none&quot;,&quot;muted&quot;:false,&quot;pip&quot;:false,&quot;playsinline&quot;:&quot;true&quot;,&quot;portrait&quot;:&quot;true&quot;,&quot;quality&quot;:&quot;auto&quot;,&quot;responsive&quot;:&quot;true&quot;,&quot;speed&quot;:false,&quot;texttrack&quot;:&quot;none&quot;,&quot;title&quot;:&quot;true&quot;,&quot;transparent&quot;:true,&quot;url&quot;:&quot;https:\\\/\\\/vimeo.com\\\/1030082766&quot;,&quot;width&quot;:&quot;none&quot;}\"><\/div>\n<p>&nbsp;<\/p>","protected":false},"excerpt":{"rendered":"<p><img decoding=\"async\" loading=\"lazy\" class=\"alignnone size-medium wp-image-236913\" src=\"https:\/\/www.rctvinternational.com\/wp-content\/uploads\/2025\/01\/Claquetas-La-Madame--267x300.png\" alt=\"\" width=\"267\" height=\"300\" \/><\/p>\n<p><img decoding=\"async\" loading=\"lazy\" class=\"alignnone size-full wp-image-232350\" src=\"https:\/\/www.rctvinternational.com\/wp-content\/uploads\/2020\/10\/Sinopsis.png\" alt=\"\" width=\"125\" height=\"57\" \/><\/p>\n<p style=\"text-align: justify;\" data-sourcepos=\"5:1-5:291\"><strong>La Madame<\/strong> nos sumerge en el coraz\u00f3n palpitante de la Caracas nocturna, un mundo de luces, sombras y pasiones desenfrenadas. Protagonizada por la inolvidable <strong>Mim\u00ed Lazo<\/strong>, esta producci\u00f3n nos presenta a una mujer enigm\u00e1tica y poderosa que ha reinado en el submundo caraque\u00f1o durante d\u00e9cadas.<\/p>\n<p style=\"text-align: justify;\" data-sourcepos=\"7:1-7:336\">A trav\u00e9s de la mirada del periodista bohemio interpretado por <strong>Cosme Cort\u00e1zar<\/strong>, exploramos la vida de La Madame, una figura legendaria que ha sido testigo de los cambios y las transformaciones de la ciudad. Su historia, contada en un flashback magistral, nos revela los secretos y las cicatrices que la han marcado a lo largo de los a\u00f1os.<\/p>\n<p style=\"text-align: justify;\" data-sourcepos=\"7:1-7:336\">Un asesinato inesperado los une en un juego de intrigas y revelaciones, que terminan convirtiendose en el reflejo de la decadencia de la ciudad misma, donde la gloria y la tragedia son dos caras de la misma moneda.<\/p>\n<p style=\"text-align: justify;\" data-sourcepos=\"7:1-7:336\">Rodada en locaciones reales y con una producci\u00f3n de alta calidad, <strong>La Madame<\/strong> es un viaje inolvidable a trav\u00e9s del tiempo y los recuerdos.<\/p>\n<p style=\"text-align: justify;\"><img decoding=\"async\" loading=\"lazy\" class=\"alignnone size-full wp-image-231431\" src=\"https:\/\/www.rctvinternational.com\/wp-content\/uploads\/2020\/04\/deberias-saber-que.jpg\" alt=\"\" width=\"265\" height=\"39\" \/><\/p>\n<p style=\"text-align: justify;\">Esta obra destaca por su audaz cr\u00edtica social y cont\u00f3 con actuaciones magistrales, incluyendo a <strong>Mim\u00ed Lazo<\/strong> como la inolvidable Madame. Escrita por <strong>Leonardo Padr\u00f3n<\/strong>, esta producci\u00f3n cre\u00f3 una fuerte impresi\u00f3n en el publico al mostrar una visi\u00f3n cruda del submundo caraque\u00f1o.<\/p>","protected":false},"featured_media":236909,"template":"","meta":{"_et_pb_use_builder":"","_et_pb_old_content":"","_et_gb_content_width":""},"product_cat":[24],"product_tag":[1229,1480,727,1482,1204,388,1481],"acf":[],"_links":{"self":[{"href":"https:\/\/www.rctvinternational.com\/en\/wp-json\/wp\/v2\/product\/236780"}],"collection":[{"href":"https:\/\/www.rctvinternational.com\/en\/wp-json\/wp\/v2\/product"}],"about":[{"href":"https:\/\/www.rctvinternational.com\/en\/wp-json\/wp\/v2\/types\/product"}],"wp:featuredmedia":[{"embeddable":true,"href":"https:\/\/www.rctvinternational.com\/en\/wp-json\/wp\/v2\/media\/236909"}],"wp:attachment":[{"href":"https:\/\/www.rctvinternational.com\/en\/wp-json\/wp\/v2\/media?parent=236780"}],"wp:term":[{"taxonomy":"product_cat","embeddable":true,"href":"https:\/\/www.rctvinternational.com\/en\/wp-json\/wp\/v2\/product_cat?post=236780"},{"taxonomy":"product_tag","embeddable":true,"href":"https:\/\/www.rctvinternational.com\/en\/wp-json\/wp\/v2\/product_tag?post=236780"}],"curies":[{"name":"wp","href":"https:\/\/api.w.org\/{rel}","templated":true}]}}