{"id":236779,"date":"2024-12-18T19:12:25","date_gmt":"2024-12-18T19:12:25","guid":{"rendered":"https:\/\/www.rctvinternational.com\/?post_type=product&#038;p=236779"},"modified":"2024-12-19T01:08:36","modified_gmt":"2024-12-19T01:08:36","slug":"el-carro-embrujado","status":"publish","type":"product","link":"https:\/\/www.rctvinternational.com\/en\/product\/el-carro-embrujado\/","title":{"rendered":"El Carro Embrujado"},"content":{"rendered":"<div style=\"width: 100%; min-height: 1px;\" id=\"vimeo-wc-video-69da4a69199a1\" data-js=\"vimeo-wc-video\" data-atts=\"{&quot;autopause&quot;:&quot;true&quot;,&quot;autoplay&quot;:false,&quot;background&quot;:false,&quot;byline&quot;:&quot;true&quot;,&quot;color&quot;:&quot;none&quot;,&quot;controls&quot;:&quot;true&quot;,&quot;dnt&quot;:&quot;true&quot;,&quot;height&quot;:&quot;none&quot;,&quot;id&quot;:false,&quot;loop&quot;:false,&quot;maxheight&quot;:&quot;none&quot;,&quot;maxwidth&quot;:&quot;none&quot;,&quot;muted&quot;:false,&quot;pip&quot;:false,&quot;playsinline&quot;:&quot;true&quot;,&quot;portrait&quot;:&quot;true&quot;,&quot;quality&quot;:&quot;auto&quot;,&quot;responsive&quot;:&quot;true&quot;,&quot;speed&quot;:false,&quot;texttrack&quot;:&quot;none&quot;,&quot;title&quot;:&quot;true&quot;,&quot;transparent&quot;:true,&quot;url&quot;:&quot;https:\\\/\\\/vimeo.com\\\/1030081209&quot;,&quot;width&quot;:&quot;none&quot;}\"><\/div>\n<p>&nbsp;<\/p>\n<p>&nbsp;<\/p>","protected":false},"excerpt":{"rendered":"<p style=\"text-align: justify;\"><img decoding=\"async\" loading=\"lazy\" class=\"alignnone size-medium wp-image-236882\" src=\"https:\/\/www.rctvinternational.com\/wp-content\/uploads\/2024\/12\/Claquetas-El-Carro-Embrujado--267x300.png\" alt=\"\" width=\"267\" height=\"300\" \/><\/p>\n<p style=\"text-align: justify;\"><img decoding=\"async\" loading=\"lazy\" class=\"alignnone size-full wp-image-232350\" src=\"https:\/\/www.rctvinternational.com\/wp-content\/uploads\/2020\/10\/Sinopsis.png\" alt=\"\" width=\"125\" height=\"57\" \/><\/p>\n<p style=\"text-align: justify;\">Humberto (<strong>Vicente Tepedino<\/strong>) y Gladys (<strong>Irina Rodr\u00edguez<\/strong>) est\u00e1n celebrando su reciente matrimonio cuando un oscuro misterio comienza a rondar su felicidad. Su flamante carro, adquirido con esfuerzo, parece tener vida propia. Lo que inicialmente pensaron era un mal funcionamiento mec\u00e1nico, pronto se revela como algo mucho m\u00e1s siniestro: el veh\u00edculo est\u00e1 bajo una maldici\u00f3n. En cada giro inesperado y en cada aceleraci\u00f3n sin control, sus vidas se ven envueltas en una ola de desconcierto y terror.<\/p>\n<p style=\"text-align: justify;\">El hechizo detr\u00e1s del carro tiene su origen en la venganza de una mujer con un pasado entrelazado con Humberto. A medida que el veh\u00edculo cambia de due\u00f1o inexplicablemente, los nuevos conductores son arrastrados a esta alocada persecuci\u00f3n. La influencia del carro embrujado desata una cadena de enredos e ins\u00f3litos problemas que parecen no tener remedio.<\/p>\n<p style=\"text-align: justify;\">Con la ayuda de Lino, que mezcla su astucia con un toque de ingenio, Humberto y Gladys buscan romper la maldici\u00f3n que atormenta su veh\u00edculo y aparece la esperanza de que todo regrese a la normalidad. Entre sustos y carcajadas, esta historia combina lo sobrenatural con el humor, en una aventura \u00fanica donde lo imposible se hace real.<\/p>\n<p style=\"text-align: justify;\"><img decoding=\"async\" loading=\"lazy\" class=\"alignnone size-full wp-image-231431\" src=\"https:\/\/www.rctvinternational.com\/wp-content\/uploads\/2020\/04\/deberias-saber-que.jpg\" alt=\"\" width=\"265\" height=\"39\" \/><\/p>\n<p style=\"text-align: justify;\">Esta historia cuenta con la destacada participaci\u00f3n de <strong>Esther Orjuela, Antonio Machuca y Reina Hinojosa,<\/strong> reconocidos talentos de<strong> RCTV,<\/strong> quienes dieron vida a una de las producciones m\u00e1s inusuales de la \u00e9poca, mezclando el misterio con la comedia.<\/p>","protected":false},"featured_media":236883,"template":"","meta":{"_et_pb_use_builder":"","_et_pb_old_content":"","_et_gb_content_width":""},"product_cat":[24],"product_tag":[1222,1359,1479,1264,1204,1214,388,1238],"acf":[],"_links":{"self":[{"href":"https:\/\/www.rctvinternational.com\/en\/wp-json\/wp\/v2\/product\/236779"}],"collection":[{"href":"https:\/\/www.rctvinternational.com\/en\/wp-json\/wp\/v2\/product"}],"about":[{"href":"https:\/\/www.rctvinternational.com\/en\/wp-json\/wp\/v2\/types\/product"}],"wp:featuredmedia":[{"embeddable":true,"href":"https:\/\/www.rctvinternational.com\/en\/wp-json\/wp\/v2\/media\/236883"}],"wp:attachment":[{"href":"https:\/\/www.rctvinternational.com\/en\/wp-json\/wp\/v2\/media?parent=236779"}],"wp:term":[{"taxonomy":"product_cat","embeddable":true,"href":"https:\/\/www.rctvinternational.com\/en\/wp-json\/wp\/v2\/product_cat?post=236779"},{"taxonomy":"product_tag","embeddable":true,"href":"https:\/\/www.rctvinternational.com\/en\/wp-json\/wp\/v2\/product_tag?post=236779"}],"curies":[{"name":"wp","href":"https:\/\/api.w.org\/{rel}","templated":true}]}}