{"id":236758,"date":"2025-02-12T18:40:16","date_gmt":"2025-02-12T18:40:16","guid":{"rendered":"https:\/\/www.rctvinternational.com\/?post_type=product&#038;p=236758"},"modified":"2025-08-28T10:10:11","modified_gmt":"2025-08-28T10:10:11","slug":"buen-corazon","status":"publish","type":"product","link":"https:\/\/www.rctvinternational.com\/en\/product\/buen-corazon\/","title":{"rendered":"Buen Coraz\u00f3n"},"content":{"rendered":"<div style=\"width: 100%; min-height: 1px;\" id=\"vimeo-wc-video-69efa4ece872a\" data-js=\"vimeo-wc-video\" data-atts=\"{&quot;autopause&quot;:&quot;true&quot;,&quot;autoplay&quot;:false,&quot;background&quot;:false,&quot;byline&quot;:&quot;true&quot;,&quot;color&quot;:&quot;none&quot;,&quot;controls&quot;:&quot;true&quot;,&quot;dnt&quot;:&quot;true&quot;,&quot;height&quot;:&quot;none&quot;,&quot;id&quot;:false,&quot;loop&quot;:false,&quot;maxheight&quot;:&quot;none&quot;,&quot;maxwidth&quot;:&quot;none&quot;,&quot;muted&quot;:false,&quot;pip&quot;:false,&quot;playsinline&quot;:&quot;true&quot;,&quot;portrait&quot;:&quot;true&quot;,&quot;quality&quot;:&quot;auto&quot;,&quot;responsive&quot;:&quot;true&quot;,&quot;speed&quot;:false,&quot;texttrack&quot;:&quot;none&quot;,&quot;title&quot;:&quot;true&quot;,&quot;transparent&quot;:true,&quot;url&quot;:&quot;https:\\\/\\\/vimeo.com\\\/1030076850&quot;,&quot;width&quot;:&quot;none&quot;}\"><\/div>\n<p>&nbsp;<\/p>","protected":false},"excerpt":{"rendered":"<p><img decoding=\"async\" loading=\"lazy\" class=\"alignnone size-medium wp-image-236915\" src=\"https:\/\/www.rctvinternational.com\/wp-content\/uploads\/2024\/12\/Claquetas-Buen-Corazon-267x300.png\" alt=\"\" width=\"267\" height=\"300\" \/><\/p>\n<p style=\"text-align: justify;\"><img decoding=\"async\" loading=\"lazy\" class=\"alignnone size-full wp-image-232350\" src=\"https:\/\/www.rctvinternational.com\/wp-content\/uploads\/2020\/10\/Sinopsis.png\" alt=\"\" width=\"125\" height=\"57\" \/><\/p>\n<p style=\"text-align: justify;\">Luc\u00eda (<strong>Coraima Torres<\/strong>) una joven llena de vida, lucha contra una enfermedad card\u00edaca que la obliga a buscar un trasplante de coraz\u00f3n. Mientras tanto, Sim\u00f3n (<strong>Orlando Urdaneta<\/strong>), sumido en una profunda tristeza ante la inminente muerte de su hijo en un tr\u00e1gico accidente, se enfrenta a una decisi\u00f3n que cambiar\u00e1 sus vidas para siempre.<\/p>\n<p style=\"text-align: justify;\">El destino cruza los caminos de Sim\u00f3n y Gardenia<strong> (Caridad Canel\u00f3n)<\/strong>, la madre de Luc\u00eda. Al enterarse de la desesperada situaci\u00f3n de su hija, Gardenia acude a Sim\u00f3n, pr\u00e1cticamente un desconocido, para desahogarse. Cegado por el dolor, Sim\u00f3n cree que se trata de una manipulaci\u00f3n para conseguir el coraz\u00f3n de su hijo. Sin embargo, tras una intensa reflexi\u00f3n, y con la esperanza de que la vida del joven pueda seguir siendo \u00fatil, decide tomar la dif\u00edcil decisi\u00f3n de donar el coraz\u00f3n.<\/p>\n<p style=\"text-align: justify;\">Este acto de generosidad no solo salva la vida de Luc\u00eda, sino que tambi\u00e9n transforma profundamente a Sim\u00f3n y a Gardenia, uni\u00e9ndolos en un lazo indestructible.<\/p>\n<p style=\"text-align: justify;\"><img decoding=\"async\" loading=\"lazy\" class=\"alignnone size-full wp-image-231431\" src=\"https:\/\/www.rctvinternational.com\/wp-content\/uploads\/2020\/04\/deberias-saber-que.jpg\" alt=\"\" width=\"265\" height=\"39\" \/><\/p>\n<p style=\"text-align: justify;\">Esta producci\u00f3n comenz\u00f3 como un pel\u00edcula que cautiv\u00f3 al p\u00fablico gracias a su emotiva trama y sus personajes bien desarrollados. La historia, m\u00e1s tarde se convirti\u00f3 en la exitosa telenovela &#8216;<strong>Gardenia<\/strong>&#8216;, escrita por <strong>Leonardo Padr\u00f3n<\/strong>.<\/p>","protected":false},"featured_media":236914,"template":"","meta":{"_et_pb_use_builder":"","_et_pb_old_content":"","_et_gb_content_width":""},"product_cat":[24],"product_tag":[1468,1470,1467,1471,1357,1473,1472,670,1469],"acf":[],"_links":{"self":[{"href":"https:\/\/www.rctvinternational.com\/en\/wp-json\/wp\/v2\/product\/236758"}],"collection":[{"href":"https:\/\/www.rctvinternational.com\/en\/wp-json\/wp\/v2\/product"}],"about":[{"href":"https:\/\/www.rctvinternational.com\/en\/wp-json\/wp\/v2\/types\/product"}],"wp:featuredmedia":[{"embeddable":true,"href":"https:\/\/www.rctvinternational.com\/en\/wp-json\/wp\/v2\/media\/236914"}],"wp:attachment":[{"href":"https:\/\/www.rctvinternational.com\/en\/wp-json\/wp\/v2\/media?parent=236758"}],"wp:term":[{"taxonomy":"product_cat","embeddable":true,"href":"https:\/\/www.rctvinternational.com\/en\/wp-json\/wp\/v2\/product_cat?post=236758"},{"taxonomy":"product_tag","embeddable":true,"href":"https:\/\/www.rctvinternational.com\/en\/wp-json\/wp\/v2\/product_tag?post=236758"}],"curies":[{"name":"wp","href":"https:\/\/api.w.org\/{rel}","templated":true}]}}