{"id":236734,"date":"2025-02-12T18:56:40","date_gmt":"2025-02-12T18:56:40","guid":{"rendered":"https:\/\/www.rctvinternational.com\/?post_type=product&#038;p=236734"},"modified":"2025-08-07T18:22:49","modified_gmt":"2025-08-07T18:22:49","slug":"alondra","status":"publish","type":"product","link":"https:\/\/www.rctvinternational.com\/en\/product\/alondra\/","title":{"rendered":"Alondra"},"content":{"rendered":"<div style=\"width: 100%; min-height: 1px;\" id=\"vimeo-wc-video-69f0a7b4bd2d1\" data-js=\"vimeo-wc-video\" data-atts=\"{&quot;autopause&quot;:&quot;true&quot;,&quot;autoplay&quot;:false,&quot;background&quot;:false,&quot;byline&quot;:&quot;true&quot;,&quot;color&quot;:&quot;none&quot;,&quot;controls&quot;:&quot;true&quot;,&quot;dnt&quot;:&quot;true&quot;,&quot;height&quot;:&quot;none&quot;,&quot;id&quot;:false,&quot;loop&quot;:false,&quot;maxheight&quot;:&quot;none&quot;,&quot;maxwidth&quot;:&quot;none&quot;,&quot;muted&quot;:false,&quot;pip&quot;:false,&quot;playsinline&quot;:&quot;true&quot;,&quot;portrait&quot;:&quot;true&quot;,&quot;quality&quot;:&quot;auto&quot;,&quot;responsive&quot;:&quot;true&quot;,&quot;speed&quot;:false,&quot;texttrack&quot;:&quot;none&quot;,&quot;title&quot;:&quot;true&quot;,&quot;transparent&quot;:true,&quot;url&quot;:&quot;https:\\\/\\\/vimeo.com\\\/1056027032&quot;,&quot;width&quot;:&quot;none&quot;}\"><\/div>\n<p>&nbsp;<\/p>","protected":false},"excerpt":{"rendered":"<p style=\"text-align: justify;\"><img decoding=\"async\" loading=\"lazy\" class=\"alignnone size-medium wp-image-236930\" src=\"https:\/\/www.rctvinternational.com\/wp-content\/uploads\/2025\/01\/Claqueta-Alondra--226x300.png\" alt=\"\" width=\"226\" height=\"300\" \/><\/p>\n<p style=\"text-align: justify;\"><img decoding=\"async\" loading=\"lazy\" class=\"alignnone size-full wp-image-232350\" src=\"https:\/\/www.rctvinternational.com\/wp-content\/uploads\/2020\/10\/Sinopsis.png\" alt=\"\" width=\"125\" height=\"57\" \/><\/p>\n<p style=\"text-align: justify;\">M\u00f3nica (<strong>Caridad Canel\u00f3n<\/strong>),una joven de doble vida, brilla en los cabarets de Caracas bajo el nombre art\u00edstico de \u00abLa Manette\u00bb. Mientras oculta sus or\u00edgenes humildes y lucha por sobrevivir, se enamora perdidamente de Rub\u00e9n Dar\u00edo (<strong>Roberto Moll<\/strong>).<\/p>\n<p style=\"text-align: justify;\">Su amor es intenso y apasionado, pero est\u00e1 condenado desde el principio por los secretos que M\u00f3nica guarda. Al descubrir su enga\u00f1o, Rub\u00e9n Dar\u00edo se siente traicionado y el mundo de ambos se derrumba, el cae en el alcoholismo y ella es despojada de su hija acabada de nacer.<\/p>\n<p style=\"text-align: justify;\">A\u00f1os despu\u00e9s, logra con su talento y determinaci\u00f3n, convertirse en la aclamada cantante Alondra. Con fama y fortuna regresa a Venezuela decidida a cerrar los cap\u00edtulos pendientes de su vida.<\/p>\n<p style=\"text-align: justify;\"><strong><img decoding=\"async\" loading=\"lazy\" class=\"alignnone size-full wp-image-231431\" src=\"https:\/\/www.rctvinternational.com\/wp-content\/uploads\/2020\/04\/deberias-saber-que.jpg\" alt=\"\" width=\"265\" height=\"39\" \/><\/strong><\/p>\n<p style=\"text-align: justify;\">Esta producci\u00f3n es protagonizada por la destacada actriz Caridad Canel\u00f3n, aclamada e ic\u00f3nica actriz de la televisi\u00f3n venezolana. La telenovela est\u00e1 escrita por Alicia Barrios, reconocida por su trabajo como parte de los escritores de &#8216;<strong>Estefan\u00eda&#8217;<\/strong>, otro cl\u00e1sico de la televisi\u00f3n venezolana que destaca entre los dramas de <strong>RCTV<\/strong>.<\/p>","protected":false},"featured_media":236791,"template":"","meta":{"_et_pb_use_builder":"","_et_pb_old_content":"","_et_gb_content_width":""},"product_cat":[22],"product_tag":[1460,269,1229,1461,1300,1204,670],"acf":[],"_links":{"self":[{"href":"https:\/\/www.rctvinternational.com\/en\/wp-json\/wp\/v2\/product\/236734"}],"collection":[{"href":"https:\/\/www.rctvinternational.com\/en\/wp-json\/wp\/v2\/product"}],"about":[{"href":"https:\/\/www.rctvinternational.com\/en\/wp-json\/wp\/v2\/types\/product"}],"wp:featuredmedia":[{"embeddable":true,"href":"https:\/\/www.rctvinternational.com\/en\/wp-json\/wp\/v2\/media\/236791"}],"wp:attachment":[{"href":"https:\/\/www.rctvinternational.com\/en\/wp-json\/wp\/v2\/media?parent=236734"}],"wp:term":[{"taxonomy":"product_cat","embeddable":true,"href":"https:\/\/www.rctvinternational.com\/en\/wp-json\/wp\/v2\/product_cat?post=236734"},{"taxonomy":"product_tag","embeddable":true,"href":"https:\/\/www.rctvinternational.com\/en\/wp-json\/wp\/v2\/product_tag?post=236734"}],"curies":[{"name":"wp","href":"https:\/\/api.w.org\/{rel}","templated":true}]}}