{"id":236723,"date":"2025-07-22T04:07:56","date_gmt":"2025-07-22T04:07:56","guid":{"rendered":"https:\/\/www.rctvinternational.com\/?post_type=product&#038;p=236723"},"modified":"2025-08-18T09:51:06","modified_gmt":"2025-08-18T09:51:06","slug":"radio-rochela-1ra-temporada","status":"publish","type":"product","link":"https:\/\/www.rctvinternational.com\/en\/product\/radio-rochela-1ra-temporada\/","title":{"rendered":"Radio Rochela 1ra temporada"},"content":{"rendered":"","protected":false},"excerpt":{"rendered":"<p><img decoding=\"async\" loading=\"lazy\" class=\"alignnone size-medium wp-image-237188\" src=\"https:\/\/www.rctvinternational.com\/wp-content\/uploads\/2025\/01\/Radio-Rochela-191x300.png\" alt=\"\" width=\"191\" height=\"300\" \/><\/p>\n<p style=\"text-align: justify;\"><img decoding=\"async\" loading=\"lazy\" class=\"alignnone size-full wp-image-232350\" src=\"https:\/\/www.rctvinternational.com\/wp-content\/uploads\/2020\/10\/Sinopsis.png\" alt=\"\" width=\"125\" height=\"57\" \/><\/p>\n<p style=\"text-align: justify;\" data-sourcepos=\"7:1-7:281\"><strong>Radio Rochela<\/strong> es mucho m\u00e1s que un programa de humor; es un fen\u00f3meno cultural que ha marcado a varias generaciones de venezolanos y latinoamericanos. Con una f\u00f3rmula \u00fanica que combina s\u00e1tira inteligente, improvisaci\u00f3n espont\u00e1nea y personajes inolvidables, este show ha logrado trascender las barreras del tiempo y convertirse en un referente ineludible de la comedia en la regi\u00f3n.<\/p>\n<p style=\"text-align: justify;\" data-sourcepos=\"9:1-9:416\">A trav\u00e9s de una serie de sketches ingeniosos y divertidos, <strong>Radio Rochela<\/strong> temas universales con un toque de humor local, generando identificaci\u00f3n con el p\u00fablico y convirti\u00e9ndose en un espejo de la sociedad. Personajes emblem\u00e1ticos como <strong>\u00abPerolito y Escarlata\u00bb,<\/strong> <strong>\u00abEl Portu\u00bb<\/strong> y el ic\u00f3nico <strong>\u00abMiss Chocozuela\u00bb<\/strong> han dejado una marca indeleble en la cultura popular, enriqueciendo el lenguaje cotidiano y generando un sentimiento de nostalgia en quienes los recuerdan.<\/p>\n<p style=\"text-align: justify;\" data-sourcepos=\"11:1-11:311\">M\u00e1s all\u00e1 de entretener, Radio Rochela ha sido una plataforma de lanzamiento para grandes talentos de la comedia. <strong>Emilio Lovera, Cayito Aponte y Laureano M\u00e1rquez<\/strong>, entre otros, iniciaron sus carreras en este programa, consolid\u00e1ndose como figuras clave del entretenimiento humor\u00edstico en la regi\u00f3n.<\/p>\n<p style=\"text-align: justify;\"><img decoding=\"async\" loading=\"lazy\" class=\"alignnone size-full wp-image-231431\" src=\"https:\/\/www.rctvinternational.com\/wp-content\/uploads\/2020\/04\/deberias-saber-que.jpg\" alt=\"\" width=\"265\" height=\"39\" \/><\/p>\n<p style=\"text-align: justify;\"><strong>Radio Rochela<\/strong> fue reconocido con el R\u00e9cord Guinness por ser el programa humor\u00edstico m\u00e1s longevo de la televisi\u00f3n, un hito que refleja su calidad y su capacidad para conectar con el p\u00fablico a lo largo de d\u00e9cadas. Adem\u00e1s, su influencia se extiende m\u00e1s all\u00e1 de las fronteras de Venezuela, convirti\u00e9ndolo en un contenido de inter\u00e9s para un p\u00fablico global.<\/p>","protected":false},"featured_media":236934,"template":"","meta":{"_et_pb_use_builder":"","_et_pb_old_content":"","_et_gb_content_width":""},"product_cat":[25],"product_tag":[1184,1451,524,862,1319,745,1452,1247,1450,1357,725,388],"acf":[],"_links":{"self":[{"href":"https:\/\/www.rctvinternational.com\/en\/wp-json\/wp\/v2\/product\/236723"}],"collection":[{"href":"https:\/\/www.rctvinternational.com\/en\/wp-json\/wp\/v2\/product"}],"about":[{"href":"https:\/\/www.rctvinternational.com\/en\/wp-json\/wp\/v2\/types\/product"}],"wp:featuredmedia":[{"embeddable":true,"href":"https:\/\/www.rctvinternational.com\/en\/wp-json\/wp\/v2\/media\/236934"}],"wp:attachment":[{"href":"https:\/\/www.rctvinternational.com\/en\/wp-json\/wp\/v2\/media?parent=236723"}],"wp:term":[{"taxonomy":"product_cat","embeddable":true,"href":"https:\/\/www.rctvinternational.com\/en\/wp-json\/wp\/v2\/product_cat?post=236723"},{"taxonomy":"product_tag","embeddable":true,"href":"https:\/\/www.rctvinternational.com\/en\/wp-json\/wp\/v2\/product_tag?post=236723"}],"curies":[{"name":"wp","href":"https:\/\/api.w.org\/{rel}","templated":true}]}}