{"id":236472,"date":"2024-09-26T20:19:56","date_gmt":"2024-09-26T20:19:56","guid":{"rendered":"https:\/\/www.rctvinternational.com\/?post_type=product&#038;p=236472"},"modified":"2024-10-09T04:51:55","modified_gmt":"2024-10-09T04:51:55","slug":"sola","status":"publish","type":"product","link":"https:\/\/www.rctvinternational.com\/en\/product\/sola\/","title":{"rendered":"Sola"},"content":{"rendered":"<div style=\"width: 100%; min-height: 1px;\" id=\"vimeo-wc-video-69efb8b7bf4ca\" data-js=\"vimeo-wc-video\" data-atts=\"{&quot;autopause&quot;:&quot;true&quot;,&quot;autoplay&quot;:false,&quot;background&quot;:false,&quot;byline&quot;:&quot;true&quot;,&quot;color&quot;:&quot;none&quot;,&quot;controls&quot;:&quot;true&quot;,&quot;dnt&quot;:&quot;true&quot;,&quot;height&quot;:&quot;none&quot;,&quot;id&quot;:false,&quot;loop&quot;:false,&quot;maxheight&quot;:&quot;none&quot;,&quot;maxwidth&quot;:&quot;none&quot;,&quot;muted&quot;:false,&quot;pip&quot;:false,&quot;playsinline&quot;:&quot;true&quot;,&quot;portrait&quot;:&quot;true&quot;,&quot;quality&quot;:&quot;auto&quot;,&quot;responsive&quot;:&quot;true&quot;,&quot;speed&quot;:false,&quot;texttrack&quot;:&quot;none&quot;,&quot;title&quot;:&quot;true&quot;,&quot;transparent&quot;:true,&quot;url&quot;:&quot;https:\\\/\\\/vimeo.com\\\/968324829&quot;,&quot;width&quot;:&quot;none&quot;}\"><\/div>","protected":false},"excerpt":{"rendered":"<p style=\"text-align: justify;\"><img decoding=\"async\" loading=\"lazy\" class=\"alignnone size-medium wp-image-236617\" src=\"https:\/\/www.rctvinternational.com\/wp-content\/uploads\/2024\/09\/Sola-Claquetas-2024-267x300.png\" alt=\"\" width=\"267\" height=\"300\" \/><\/p>\n<p style=\"text-align: justify;\"><img decoding=\"async\" loading=\"lazy\" class=\"alignnone size-full wp-image-232350\" src=\"https:\/\/www.rctvinternational.com\/wp-content\/uploads\/2020\/10\/Sinopsis.png\" alt=\"\" width=\"125\" height=\"57\" \/><\/p>\n<p style=\"text-align: justify;\">Aurora (<strong>Mimi Lazo<\/strong>), una mujer atormentada por el pasado, se sumerge en un espiral de paranoia y miedo. Tras a\u00f1os soportando las infidelidades de su esposo, decide enfrentar la vida en solitario. Sin embargo, lo que comienza como una b\u00fasqueda de paz interior se convierte en una pesadilla cuando la soledad se apodera de ella.<\/p>\n<p style=\"text-align: justify;\" data-sourcepos=\"14:1-14:422\">Sus miedos se concentran en Tirso, el enigm\u00e1tico portero del edificio, a quien cree responsable de sus pesadillas. Mientras sus allegados la consideran cada vez m\u00e1s inestable.<\/p>\n<p style=\"text-align: justify;\" data-sourcepos=\"14:1-14:422\">Aurora se refugia en la compa\u00f1\u00eda de Ra\u00fal, un psiquiatra que, lejos de ayudarla, parece empeorar su situaci\u00f3n. A medida que la realidad se distorsiona,\u00a0 ella se\u00a0 encuentra atrapada en una lucha por sobrevivir, donde sus peores temores cobran vida.<\/p>\n<p style=\"text-align: justify;\" data-sourcepos=\"16:1-16:240\">Aurora descubre la verdadera identidad de su perseguidor y se enfrenta a una batalla por su vida. Aislada y vulnerable, deber\u00e1 encontrar la fuerza interior para superar sus miedos y escapar de las garras de la locura.<\/p>\n<h3 style=\"text-align: justify;\"><img decoding=\"async\" loading=\"lazy\" class=\"alignnone size-full wp-image-231431\" src=\"https:\/\/www.rctvinternational.com\/wp-content\/uploads\/2020\/04\/deberias-saber-que.jpg\" alt=\"\" width=\"265\" height=\"39\" \/><\/h3>\n<p style=\"text-align: justify;\"><strong>Mim\u00ed Lazo<\/strong>, una de las actrices m\u00e1s reconocidas de Venezuela, ofrece una interpretaci\u00f3n magistral como Aurora, una mujer al borde de la locura. Su capacidad para transmitir la fragilidad y la fuerza de su personaje es conmovedora y cautivadora. &#8216;Sola&#8217; es un thriller psicol\u00f3gico que explora los l\u00edmites de la mente humana y los peligros de la soledad<\/p>","protected":false},"featured_media":236681,"template":"","meta":{"_et_pb_use_builder":"","_et_pb_old_content":"","_et_gb_content_width":""},"product_cat":[24],"product_tag":[1222,421,735,1360,1264,1401,1238],"acf":[],"_links":{"self":[{"href":"https:\/\/www.rctvinternational.com\/en\/wp-json\/wp\/v2\/product\/236472"}],"collection":[{"href":"https:\/\/www.rctvinternational.com\/en\/wp-json\/wp\/v2\/product"}],"about":[{"href":"https:\/\/www.rctvinternational.com\/en\/wp-json\/wp\/v2\/types\/product"}],"wp:featuredmedia":[{"embeddable":true,"href":"https:\/\/www.rctvinternational.com\/en\/wp-json\/wp\/v2\/media\/236681"}],"wp:attachment":[{"href":"https:\/\/www.rctvinternational.com\/en\/wp-json\/wp\/v2\/media?parent=236472"}],"wp:term":[{"taxonomy":"product_cat","embeddable":true,"href":"https:\/\/www.rctvinternational.com\/en\/wp-json\/wp\/v2\/product_cat?post=236472"},{"taxonomy":"product_tag","embeddable":true,"href":"https:\/\/www.rctvinternational.com\/en\/wp-json\/wp\/v2\/product_tag?post=236472"}],"curies":[{"name":"wp","href":"https:\/\/api.w.org\/{rel}","templated":true}]}}