{"id":236243,"date":"2024-07-18T22:25:30","date_gmt":"2024-07-18T22:25:30","guid":{"rendered":"https:\/\/www.rctvinternational.com\/?post_type=product&#038;p=236243"},"modified":"2024-09-20T18:02:17","modified_gmt":"2024-09-20T18:02:17","slug":"querida-irina","status":"publish","type":"product","link":"https:\/\/www.rctvinternational.com\/en\/product\/querida-irina\/","title":{"rendered":"Querida Irina"},"content":{"rendered":"<div style=\"width: 100%; min-height: 1px;\" id=\"vimeo-wc-video-69efcc8a54a49\" data-js=\"vimeo-wc-video\" data-atts=\"{&quot;autopause&quot;:&quot;true&quot;,&quot;autoplay&quot;:false,&quot;background&quot;:false,&quot;byline&quot;:&quot;true&quot;,&quot;color&quot;:&quot;none&quot;,&quot;controls&quot;:&quot;true&quot;,&quot;dnt&quot;:&quot;true&quot;,&quot;height&quot;:&quot;none&quot;,&quot;id&quot;:false,&quot;loop&quot;:false,&quot;maxheight&quot;:&quot;none&quot;,&quot;maxwidth&quot;:&quot;none&quot;,&quot;muted&quot;:false,&quot;pip&quot;:false,&quot;playsinline&quot;:&quot;true&quot;,&quot;portrait&quot;:&quot;true&quot;,&quot;quality&quot;:&quot;auto&quot;,&quot;responsive&quot;:&quot;true&quot;,&quot;speed&quot;:false,&quot;texttrack&quot;:&quot;none&quot;,&quot;title&quot;:&quot;true&quot;,&quot;transparent&quot;:true,&quot;url&quot;:&quot;https:\\\/\\\/vimeo.com\\\/968322198&quot;,&quot;width&quot;:&quot;none&quot;}\"><\/div>","protected":false},"excerpt":{"rendered":"<p style=\"text-align: justify;\"><img decoding=\"async\" loading=\"lazy\" class=\"alignnone size-medium wp-image-236616\" src=\"https:\/\/www.rctvinternational.com\/wp-content\/uploads\/2024\/07\/Querida-Irina-Claquet4s-2024-267x300.png\" alt=\"\" width=\"267\" height=\"300\" \/><\/p>\n<p style=\"text-align: justify;\"><img decoding=\"async\" loading=\"lazy\" class=\"alignnone size-full wp-image-232350\" src=\"https:\/\/www.rctvinternational.com\/wp-content\/uploads\/2020\/10\/Sinopsis.png\" alt=\"\" width=\"125\" height=\"57\" \/><\/p>\n<p style=\"text-align: justify;\">Irina (<strong>Mim\u00ed Lazo<\/strong>) es una actriz reconocida y admirada, viviendo una vida de \u00e9xito y glamour en el mundo del espect\u00e1culo. Sin embargo, detr\u00e1s de su brillante carrera, una sombra la acecha: Elisa (<strong>Carolina Perpetuo<\/strong>), una fan obsesiva cuya admiraci\u00f3n por Irina supera todos los l\u00edmites. Desde hace mucho tiempo, Elisa ha idolatrado a Irina, so\u00f1ando con acercarse a ella y compartir su vida.<\/p>\n<p style=\"text-align: justify;\">Elisa, astuta y determinada, finalmente logra entrar en el c\u00edrculo \u00edntimo de Irina, gan\u00e1ndose su confianza como asistente devota. Al principio, su presencia parece inofensiva, incluso beneficiosa, ayudando a Irina en su ajetreada vida. Sin embargo, con el tiempo, Elisa comienza a usurpar el lugar de Irina en la vida p\u00fablica, rob\u00e1ndole sus roles, oportunidades y, finalmente, su identidad.<\/p>\n<p style=\"text-align: justify;\">La obsesi\u00f3n de Elisa llega a un punto cr\u00edtico cuando logra seducir y arrebatarle a Irina su marido, destruyendo su vida personal. Utilizando manipulaci\u00f3n y encanto, Elisa se adentra en todos los aspectos de la vida de Irina, tomando su lugar en el escenario y en la vida diaria. La situaci\u00f3n se vuelve insostenible cuando Elisa asume el papel principal que Irina siempre interpretaba en el teatro, rob\u00e1ndole su show, su personaje y su carrera profesional.<\/p>\n<p style=\"text-align: justify;\">Irina, ahora desplazada y olvidada por el mundo que una vez la ador\u00f3, se encuentra aislada y desesperada. Elisa ha logrado lo que siempre quiso: convertirse en Irina, tanto en lo personal como en lo profesional. Al final, queda una inquietante pregunta: \u00bfd\u00f3nde est\u00e1 Irina y por qu\u00e9 el mundo parece haberla olvidado?<\/p>\n<p style=\"text-align: justify;\"><img decoding=\"async\" loading=\"lazy\" class=\"alignnone size-full wp-image-231431\" src=\"https:\/\/www.rctvinternational.com\/wp-content\/uploads\/2020\/04\/deberias-saber-que.jpg\" alt=\"\" width=\"265\" height=\"39\" \/><\/p>\n<p style=\"text-align: justify;\">La actriz que interpreta a Irina,<strong> Mim\u00ed Lazo<\/strong>, ha tenido una destacada carrera en <strong>RCTV<\/strong>, participando en exitosas producciones<em>.<\/em>\u00a0Adem\u00e1s ha sido productora de cine y, televisi\u00f3n y teatro<\/p>","protected":false},"featured_media":236244,"template":"","meta":{"_et_pb_use_builder":"","_et_pb_old_content":"","_et_gb_content_width":""},"product_cat":[24],"product_tag":[1205,669,1276,421,1152,1214,726,1277,388,1278],"acf":[],"_links":{"self":[{"href":"https:\/\/www.rctvinternational.com\/en\/wp-json\/wp\/v2\/product\/236243"}],"collection":[{"href":"https:\/\/www.rctvinternational.com\/en\/wp-json\/wp\/v2\/product"}],"about":[{"href":"https:\/\/www.rctvinternational.com\/en\/wp-json\/wp\/v2\/types\/product"}],"wp:featuredmedia":[{"embeddable":true,"href":"https:\/\/www.rctvinternational.com\/en\/wp-json\/wp\/v2\/media\/236244"}],"wp:attachment":[{"href":"https:\/\/www.rctvinternational.com\/en\/wp-json\/wp\/v2\/media?parent=236243"}],"wp:term":[{"taxonomy":"product_cat","embeddable":true,"href":"https:\/\/www.rctvinternational.com\/en\/wp-json\/wp\/v2\/product_cat?post=236243"},{"taxonomy":"product_tag","embeddable":true,"href":"https:\/\/www.rctvinternational.com\/en\/wp-json\/wp\/v2\/product_tag?post=236243"}],"curies":[{"name":"wp","href":"https:\/\/api.w.org\/{rel}","templated":true}]}}