{"id":236170,"date":"2024-09-19T21:36:24","date_gmt":"2024-09-19T21:36:24","guid":{"rendered":"https:\/\/www.rctvinternational.com\/?post_type=product&#038;p=236170"},"modified":"2024-09-19T21:39:28","modified_gmt":"2024-09-19T21:39:28","slug":"mi-dia-de-suerte","status":"publish","type":"product","link":"https:\/\/www.rctvinternational.com\/en\/product\/mi-dia-de-suerte\/","title":{"rendered":"Mi D\u00eda De Suerte"},"content":{"rendered":"<div style=\"width: 100%; min-height: 1px;\" id=\"vimeo-wc-video-69efb8a702a88\" data-js=\"vimeo-wc-video\" data-atts=\"{&quot;autopause&quot;:&quot;true&quot;,&quot;autoplay&quot;:false,&quot;background&quot;:false,&quot;byline&quot;:&quot;true&quot;,&quot;color&quot;:&quot;none&quot;,&quot;controls&quot;:&quot;true&quot;,&quot;dnt&quot;:&quot;true&quot;,&quot;height&quot;:&quot;none&quot;,&quot;id&quot;:false,&quot;loop&quot;:false,&quot;maxheight&quot;:&quot;none&quot;,&quot;maxwidth&quot;:&quot;none&quot;,&quot;muted&quot;:false,&quot;pip&quot;:false,&quot;playsinline&quot;:&quot;true&quot;,&quot;portrait&quot;:&quot;true&quot;,&quot;quality&quot;:&quot;auto&quot;,&quot;responsive&quot;:&quot;true&quot;,&quot;speed&quot;:false,&quot;texttrack&quot;:&quot;none&quot;,&quot;title&quot;:&quot;true&quot;,&quot;transparent&quot;:true,&quot;url&quot;:&quot;https:\\\/\\\/vimeo.com\\\/930390670&quot;,&quot;width&quot;:&quot;none&quot;}\"><\/div>","protected":false},"excerpt":{"rendered":"<p><img decoding=\"async\" loading=\"lazy\" class=\"alignnone size-medium wp-image-236614\" src=\"https:\/\/www.rctvinternational.com\/wp-content\/uploads\/2024\/08\/Mi-dia-de-Suerte-Claquet4s-2024-40-267x300.png\" alt=\"\" width=\"267\" height=\"300\" \/><\/p>\n<p style=\"text-align: justify;\"><img decoding=\"async\" loading=\"lazy\" class=\"alignnone size-full wp-image-232350\" src=\"https:\/\/www.rctvinternational.com\/wp-content\/uploads\/2020\/10\/Sinopsis.png\" alt=\"\" width=\"125\" height=\"57\" \/><\/p>\n<p style=\"text-align: justify;\">Un hombre llamado Falopio (<strong>Nen\u00e9 Quintero<\/strong>), infortunado desde su nacimiento, trabaja incansablemente en su oficina, so\u00f1ando con una vida mejor. Falopio es un poco torpe y parece tener una racha interminable de mala suerte, pero siempre mantiene la esperanza de que alg\u00fan d\u00eda su situaci\u00f3n cambiar\u00e1.<\/p>\n<p style=\"text-align: justify;\">Finalmente, llega el d\u00eda en que recibe un aumento de sueldo y, con ello, promete aliviar sus problemas econ\u00f3micos. Pero, desde que lo recibe las circunstancias negativas le persiguen. Primero, el monto resulta ser menor de lo que esperaba, su destartalado carro se descompuso cerca de un banco justo cuando un grupo de delincuentes lo estaba asaltando. El l\u00edder de los malhechores, necesitado de una v\u00eda de escape, rapta a Falopio en la chatarra.<\/p>\n<p style=\"text-align: justify;\">Secuestrado y convertido en c\u00f3mplice involuntario. Cuando logra regresar a su trabajo, se encuentra con la noticia de que ha sido despedido debido a las circunstancias del rapto. Como si esto no fuera suficiente, descubre que su novia lo estaba enga\u00f1ando y termina perdiendo el auto.<\/p>\n<p style=\"text-align: justify;\">Desesperado y al borde de la ruina, Falopio logra recuperar su carro, con lo que el delincuente hab\u00edan dejado dentro: la fortuna robada del banco. Con los testimonios de los testigos del asalto apuntando hacia \u00e9l, Falopio se convierte en un sospechoso en la investigaci\u00f3n policial. Finalmente, la polic\u00eda logra capturar a los verdaderos criminales, pero no sin que Falopio sufra las consecuencias de la serie de eventos desafortunados \u2014\u00bfo afortunados?\u2014 que marcaron el d\u00eda de su suerte de manera inesperada.<\/p>\n<p style=\"text-align: justify;\"><img decoding=\"async\" loading=\"lazy\" class=\"alignnone size-full wp-image-231431\" src=\"https:\/\/www.rctvinternational.com\/wp-content\/uploads\/2020\/04\/deberias-saber-que.jpg\" alt=\"\" width=\"265\" height=\"39\" \/><\/p>\n<p style=\"text-align: justify;\">\u2018<strong>Mi D\u00eda de Suerte<\/strong>\u2019 bajo la direcci\u00f3n de Orlando Gonz\u00e1lez, destaca por su capacidad para mezclar de manera magistral la comedia y el drama en una narrativa impactante. El guion captura v\u00edvidamente la esencia de la comedia venezolana, en situaciones con un toque de realismo. Nen\u00e9 Quintero, en el papel de Falopio, es un comediante reconocido por los espectadores, que no para de provocar risas a la audiencia.<\/p>\n<p style=\"text-align: justify;\">","protected":false},"featured_media":236400,"template":"","meta":{"_et_pb_use_builder":"","_et_pb_old_content":"","_et_gb_content_width":""},"product_cat":[24],"product_tag":[1229,1205,1266,1265,1267,727,1152,1204,388,1239],"acf":[],"_links":{"self":[{"href":"https:\/\/www.rctvinternational.com\/en\/wp-json\/wp\/v2\/product\/236170"}],"collection":[{"href":"https:\/\/www.rctvinternational.com\/en\/wp-json\/wp\/v2\/product"}],"about":[{"href":"https:\/\/www.rctvinternational.com\/en\/wp-json\/wp\/v2\/types\/product"}],"wp:featuredmedia":[{"embeddable":true,"href":"https:\/\/www.rctvinternational.com\/en\/wp-json\/wp\/v2\/media\/236400"}],"wp:attachment":[{"href":"https:\/\/www.rctvinternational.com\/en\/wp-json\/wp\/v2\/media?parent=236170"}],"wp:term":[{"taxonomy":"product_cat","embeddable":true,"href":"https:\/\/www.rctvinternational.com\/en\/wp-json\/wp\/v2\/product_cat?post=236170"},{"taxonomy":"product_tag","embeddable":true,"href":"https:\/\/www.rctvinternational.com\/en\/wp-json\/wp\/v2\/product_tag?post=236170"}],"curies":[{"name":"wp","href":"https:\/\/api.w.org\/{rel}","templated":true}]}}