{"id":236120,"date":"2024-07-11T21:03:24","date_gmt":"2024-07-11T21:03:24","guid":{"rendered":"https:\/\/www.rctvinternational.com\/?post_type=product&#038;p=236120"},"modified":"2024-12-05T17:01:39","modified_gmt":"2024-12-05T17:01:39","slug":"cuentos-de-navidad-el-billete-de-loteria","status":"publish","type":"product","link":"https:\/\/www.rctvinternational.com\/en\/product\/cuentos-de-navidad-el-billete-de-loteria\/","title":{"rendered":"Cuentos de Navidad: El Billete de Loter\u00eda"},"content":{"rendered":"<div style=\"width: 100%; min-height: 1px;\" id=\"vimeo-wc-video-69efd182f00bc\" data-js=\"vimeo-wc-video\" data-atts=\"{&quot;autopause&quot;:&quot;true&quot;,&quot;autoplay&quot;:false,&quot;background&quot;:false,&quot;byline&quot;:&quot;true&quot;,&quot;color&quot;:&quot;none&quot;,&quot;controls&quot;:&quot;true&quot;,&quot;dnt&quot;:&quot;true&quot;,&quot;height&quot;:&quot;none&quot;,&quot;id&quot;:false,&quot;loop&quot;:false,&quot;maxheight&quot;:&quot;none&quot;,&quot;maxwidth&quot;:&quot;none&quot;,&quot;muted&quot;:false,&quot;pip&quot;:false,&quot;playsinline&quot;:&quot;true&quot;,&quot;portrait&quot;:&quot;true&quot;,&quot;quality&quot;:&quot;auto&quot;,&quot;responsive&quot;:&quot;true&quot;,&quot;speed&quot;:false,&quot;texttrack&quot;:&quot;none&quot;,&quot;title&quot;:&quot;true&quot;,&quot;transparent&quot;:true,&quot;url&quot;:&quot;https:\\\/\\\/vimeo.com\\\/930396234&quot;,&quot;width&quot;:&quot;none&quot;}\"><\/div>","protected":false},"excerpt":{"rendered":"<p><img decoding=\"async\" loading=\"lazy\" class=\"alignnone size-medium wp-image-236141\" src=\"https:\/\/www.rctvinternational.com\/wp-content\/uploads\/2024\/07\/el-billete-de-Loteria-20-20-267x300.png\" alt=\"\" width=\"267\" height=\"300\" \/><\/p>\n<p><img decoding=\"async\" loading=\"lazy\" class=\"alignnone size-full wp-image-232350\" src=\"https:\/\/www.rctvinternational.com\/wp-content\/uploads\/2020\/10\/Sinopsis.png\" alt=\"\" width=\"125\" height=\"57\" \/><\/p>\n<p>En un peque\u00f1o orfanato, una ni\u00f1a llamada Tico enfrenta la posibilidad de perder su hogar justo antes de Navidad. Decidida a salvar el lugar que ha sido su refugio, Tico se escapa y comienza a vender billetes de loter\u00eda en la calle, con la esperanza de recaudar dinero y ganar el premio mayor. A pesar de los peligros y dificultades que encuentra en su aventura, su esp\u00edritu valiente y su inocencia la mantienen firme en su misi\u00f3n.<\/p>\n<p>Mientras vende los billetes, Tico conoce a un amable se\u00f1or que, conmovido por su historia, decide ayudarla. Le brinda un helado y se convierte en su amigo y m\u00e1s adelante ser\u00e1 su salvador.<\/p>\n<p>Tico enfrenta los desaf\u00edos de la vida en la calle, en su empe\u00f1o de preservar su hogar. As\u00ed pone toda su fe en un billete de loter\u00eda, pero la suerte del premio mayor queda en otras manos.<\/p>\n<p>Sin embargo, cuando todo parece perdido, un obsequio de navidad devolver\u00e1 la esperanza a todos.<\/p>\n<h3><img decoding=\"async\" loading=\"lazy\" class=\"alignnone size-full wp-image-231431\" src=\"https:\/\/www.rctvinternational.com\/wp-content\/uploads\/2020\/04\/deberias-saber-que.jpg\" alt=\"\" width=\"265\" height=\"39\" \/><\/h3>\n<p><strong>&#8216;Cuentos de Navidad: El billete de loter\u00eda&#8217;<\/strong> es una conmovedora producci\u00f3n que resalta el valor de la esperanza, la generosidad y la perseverancia. Ambientada en la m\u00e1gica \u00e9poca navide\u00f1a, la historia de Tico nos recuerda que los milagros pueden suceder cuando menos lo esperamos, y que la bondad y la solidaridad siempre encuentran la manera de triunfar.<\/p>","protected":false},"featured_media":236121,"template":"","meta":{"_et_pb_use_builder":"","_et_pb_old_content":"","_et_gb_content_width":""},"product_cat":[24],"product_tag":[1243,1221,1231,1242,1244,745,1240,1241,1238,1239],"acf":[],"_links":{"self":[{"href":"https:\/\/www.rctvinternational.com\/en\/wp-json\/wp\/v2\/product\/236120"}],"collection":[{"href":"https:\/\/www.rctvinternational.com\/en\/wp-json\/wp\/v2\/product"}],"about":[{"href":"https:\/\/www.rctvinternational.com\/en\/wp-json\/wp\/v2\/types\/product"}],"wp:featuredmedia":[{"embeddable":true,"href":"https:\/\/www.rctvinternational.com\/en\/wp-json\/wp\/v2\/media\/236121"}],"wp:attachment":[{"href":"https:\/\/www.rctvinternational.com\/en\/wp-json\/wp\/v2\/media?parent=236120"}],"wp:term":[{"taxonomy":"product_cat","embeddable":true,"href":"https:\/\/www.rctvinternational.com\/en\/wp-json\/wp\/v2\/product_cat?post=236120"},{"taxonomy":"product_tag","embeddable":true,"href":"https:\/\/www.rctvinternational.com\/en\/wp-json\/wp\/v2\/product_tag?post=236120"}],"curies":[{"name":"wp","href":"https:\/\/api.w.org\/{rel}","templated":true}]}}