{"id":236115,"date":"2024-07-11T20:17:24","date_gmt":"2024-07-11T20:17:24","guid":{"rendered":"https:\/\/www.rctvinternational.com\/?post_type=product&#038;p=236115"},"modified":"2024-09-04T17:23:48","modified_gmt":"2024-09-04T17:23:48","slug":"decide-mi-vida","status":"publish","type":"product","link":"https:\/\/www.rctvinternational.com\/en\/product\/decide-mi-vida\/","title":{"rendered":"Decide Mi Vida"},"content":{"rendered":"<div style=\"width: 100%; min-height: 1px;\" id=\"vimeo-wc-video-69efd16c5f70b\" data-js=\"vimeo-wc-video\" data-atts=\"{&quot;autopause&quot;:&quot;true&quot;,&quot;autoplay&quot;:false,&quot;background&quot;:false,&quot;byline&quot;:&quot;true&quot;,&quot;color&quot;:&quot;none&quot;,&quot;controls&quot;:&quot;true&quot;,&quot;dnt&quot;:&quot;true&quot;,&quot;height&quot;:&quot;none&quot;,&quot;id&quot;:false,&quot;loop&quot;:false,&quot;maxheight&quot;:&quot;none&quot;,&quot;maxwidth&quot;:&quot;none&quot;,&quot;muted&quot;:false,&quot;pip&quot;:false,&quot;playsinline&quot;:&quot;true&quot;,&quot;portrait&quot;:&quot;true&quot;,&quot;quality&quot;:&quot;auto&quot;,&quot;responsive&quot;:&quot;true&quot;,&quot;speed&quot;:false,&quot;texttrack&quot;:&quot;none&quot;,&quot;title&quot;:&quot;true&quot;,&quot;transparent&quot;:true,&quot;url&quot;:&quot;https:\\\/\\\/vimeo.com\\\/930411883&quot;,&quot;width&quot;:&quot;none&quot;}\"><\/div>","protected":false},"excerpt":{"rendered":"<p><img decoding=\"async\" loading=\"lazy\" class=\"alignnone size-medium wp-image-236138\" src=\"https:\/\/www.rctvinternational.com\/wp-content\/uploads\/2024\/07\/Decide-mi-vida-2024-267x300.png\" alt=\"\" width=\"267\" height=\"300\" \/><\/p>\n<p><img decoding=\"async\" loading=\"lazy\" class=\"alignnone size-full wp-image-232350\" src=\"https:\/\/www.rctvinternational.com\/wp-content\/uploads\/2020\/10\/Sinopsis.png\" alt=\"\" width=\"125\" height=\"57\" \/><\/p>\n<p style=\"text-align: justify;\">Una mujer reci\u00e9n casada, siempre hab\u00eda so\u00f1ado con un futuro brillante y lleno de amor junto a su esposo. Pero su vida dio un giro inesperado y desgarrador cuando descubri\u00f3 que padec\u00eda una enfermedad terminal. Desde ese momento, cada d\u00eda se convirti\u00f3 en una batalla no solo contra su dolor f\u00edsico, sino tambi\u00e9n contra la desesperaci\u00f3n y la incertidumbre.<\/p>\n<p style=\"text-align: justify;\">La mujer de esp\u00edritu fuerte y coraz\u00f3n noble, se encuentra enfrentando un padecimiento infinito. Su esposo, devoto y amoroso, esta dispuesto a hacer todo lo posible para aliviar su sufrimiento. Sin embargo, la enfermedad progresa implacablemente, rob\u00e1ndole poco a poco su vitalidad y su alegr\u00eda. En su hogar, que una vez resonaba con risas y sue\u00f1os compartidos, ahora solo hay silencio y tristeza.<\/p>\n<p style=\"text-align: justify;\">Dentro de tanta lucha y resistencia, tambi\u00e9n est\u00e1 una b\u00fasqueda desesperada de un final piadoso. Con cada d\u00eda que pasa, su dolor se volv\u00eda m\u00e1s insoportable, y su cuerpo, m\u00e1s fr\u00e1gil. En medio de su sufrimiento, la mujer comienza a contemplar la posibilidad de la eutanasia, una decisi\u00f3n que la llena de temor pero tambi\u00e9n de esperanza, al imaginar un alivio para su incesante tormento.<\/p>\n<p style=\"text-align: justify;\">Hacia el final, la intensidad emocional es m\u00e1s profunda. La mujer se encuentra rodeada del amor incondicional de su esposo, la angustia de sus amigos y la dif\u00edcil realidad que enfrenta. Cada conversaci\u00f3n, cada l\u00e1grima y cada decisi\u00f3n est\u00e1n impregnadas de la lucha entre la esperanza y la desesperaci\u00f3n. Finalmente, con una valent\u00eda silenciosa, pide a su familia que respeten su deseo de encontrar paz, incluso si eso significa decir adi\u00f3s antes de tiempo.<\/p>\n<h3 style=\"text-align: justify;\"><img decoding=\"async\" loading=\"lazy\" class=\"alignnone size-full wp-image-231431\" src=\"https:\/\/www.rctvinternational.com\/wp-content\/uploads\/2020\/04\/deberias-saber-que.jpg\" alt=\"\" width=\"265\" height=\"39\" \/><\/h3>\n<p style=\"text-align: justify;\"><strong>\u2018Decide Mi Vida\u2019 <\/strong>una poderosa producci\u00f3n de <strong>RCTV<\/strong> que aborda el tema de la eutanasia con sensibilidad y profundidad. Este tema, bastante innovador para la \u00e9poca en que se transmiti\u00f3, desafi\u00f3 las normas y provoc\u00f3 una reflexi\u00f3n significativa entre los espectadores. La actuaci\u00f3n de <strong>Rosario Prieto<\/strong>, una figura central en esta historia, captura el dolor y la dignidad de una mujer enfrentando su destino con valent\u00eda. Rosario Prieto ha participado <strong>en m\u00e1s de cien producciones dram\u00e1ticas<\/strong>, consolid\u00e1ndose como una actriz de gran renombre y talento. La pel\u00edcula es una reflexi\u00f3n conmovedora sobre el amor, la p\u00e9rdida y la dif\u00edcil elecci\u00f3n de permitir a un ser querido encontrar su paz final.<\/p>","protected":false},"featured_media":236116,"template":"","meta":{"_et_pb_use_builder":"","_et_pb_old_content":"","_et_gb_content_width":""},"product_cat":[24],"product_tag":[1213,727,1152,745,388,1238],"acf":[],"_links":{"self":[{"href":"https:\/\/www.rctvinternational.com\/en\/wp-json\/wp\/v2\/product\/236115"}],"collection":[{"href":"https:\/\/www.rctvinternational.com\/en\/wp-json\/wp\/v2\/product"}],"about":[{"href":"https:\/\/www.rctvinternational.com\/en\/wp-json\/wp\/v2\/types\/product"}],"wp:featuredmedia":[{"embeddable":true,"href":"https:\/\/www.rctvinternational.com\/en\/wp-json\/wp\/v2\/media\/236116"}],"wp:attachment":[{"href":"https:\/\/www.rctvinternational.com\/en\/wp-json\/wp\/v2\/media?parent=236115"}],"wp:term":[{"taxonomy":"product_cat","embeddable":true,"href":"https:\/\/www.rctvinternational.com\/en\/wp-json\/wp\/v2\/product_cat?post=236115"},{"taxonomy":"product_tag","embeddable":true,"href":"https:\/\/www.rctvinternational.com\/en\/wp-json\/wp\/v2\/product_tag?post=236115"}],"curies":[{"name":"wp","href":"https:\/\/api.w.org\/{rel}","templated":true}]}}