{"id":236006,"date":"2024-07-11T21:16:59","date_gmt":"2024-07-11T21:16:59","guid":{"rendered":"https:\/\/www.rctvinternational.com\/?post_type=product&#038;p=236006"},"modified":"2024-07-12T12:53:13","modified_gmt":"2024-07-12T12:53:13","slug":"la-elegida","status":"publish","type":"product","link":"https:\/\/www.rctvinternational.com\/en\/product\/la-elegida\/","title":{"rendered":"La Elegida"},"content":{"rendered":"","protected":false},"excerpt":{"rendered":"<p><img decoding=\"async\" loading=\"lazy\" class=\"alignnone size-medium wp-image-236154\" src=\"https:\/\/www.rctvinternational.com\/wp-content\/uploads\/2024\/07\/La-Elegida-08-08-267x300.png\" alt=\"\" width=\"267\" height=\"300\" \/><\/p>\n<p style=\"text-align: justify;\"><img decoding=\"async\" loading=\"lazy\" class=\"alignnone size-full wp-image-232350\" src=\"https:\/\/www.rctvinternational.com\/wp-content\/uploads\/2020\/10\/Sinopsis.png\" alt=\"\" width=\"125\" height=\"57\" \/><\/p>\n<p style=\"text-align: justify;\">Danilo, un hombre poderoso y ambicioso, desea asegurar la fortuna que ha heredado de su padre, pero para ello necesita un descendiente. En su b\u00fasqueda, contrata los servicios de Emilia, una joven humilde y fuerte, para que le haga compa\u00f1\u00eda. Al poco tiempo, Danilo le propone a Emilia un trato ins\u00f3lito: tener un hijo con \u00e9l, a cambio de una vida de comodidad y riqueza.<\/p>\n<p style=\"text-align: justify;\">Emilia, consciente de la dif\u00edcil situaci\u00f3n, acepta la propuesta con la esperanza de mejorar su vida. Sin embargo, la tarea no ser\u00e1 f\u00e1cil. La familia de Danilo, motivada por la codicia y el miedo a perder su influencia y parte de la herencia, ve en Emilia una amenaza. As\u00ed, comienzan a conspirar para sacarla del camino, utilizando todas las artima\u00f1as posibles para desacreditarla y alejarla de Danilo.<\/p>\n<p style=\"text-align: justify;\">Mientras Emilia enfrenta constantes desaf\u00edos y ataques, su determinaci\u00f3n y valent\u00eda se ponen a prueba. La joven debe luchar no solo por su futuro y el de su hijo, sino tambi\u00e9n por ganarse el respeto y el amor de Danilo, quien empieza a ver m\u00e1s all\u00e1 de su ambici\u00f3n y a valorar a Emilia por quien es realmente.<\/p>\n<p style=\"text-align: justify;\">En medio de traiciones, intrigas y conflictos familiares, Emilia demuestra que es capaz de enfrentar cualquier obst\u00e1culo por el bienestar de su hijo y su propio futuro. Danilo, en su b\u00fasqueda de poder, descubre un camino que lo gu\u00eda hacia el verdadero amor.<\/p>\n<h3 style=\"text-align: justify;\"><img decoding=\"async\" loading=\"lazy\" class=\"alignnone size-full wp-image-231431\" src=\"https:\/\/www.rctvinternational.com\/wp-content\/uploads\/2020\/04\/deberias-saber-que.jpg\" alt=\"\" width=\"265\" height=\"39\" \/><\/h3>\n<p style=\"text-align: justify;\"><strong>\u2018La Elegida\u2019 <\/strong>es una producci\u00f3n destacada de <strong>RCTV<\/strong> que combina drama y romance en una trama llena de intrigas y desaf\u00edos. Con un elenco talentoso encabezado por actores reconocidos, la serie presenta una narrativa envolvente que captura la lucha de una mujer por sobrevivir y prosperar en un mundo lleno de adversidades. La historia de Emilia es un testimonio de resistencia y esperanza, inspirando a la audiencia con su valent\u00eda y determinaci\u00f3n.<\/p>","protected":false},"featured_media":236090,"template":"","meta":{"_et_pb_use_builder":"","_et_pb_old_content":"","_et_gb_content_width":""},"product_cat":[24],"product_tag":[1229,1232,745,1214,388,1238],"acf":[],"_links":{"self":[{"href":"https:\/\/www.rctvinternational.com\/en\/wp-json\/wp\/v2\/product\/236006"}],"collection":[{"href":"https:\/\/www.rctvinternational.com\/en\/wp-json\/wp\/v2\/product"}],"about":[{"href":"https:\/\/www.rctvinternational.com\/en\/wp-json\/wp\/v2\/types\/product"}],"wp:featuredmedia":[{"embeddable":true,"href":"https:\/\/www.rctvinternational.com\/en\/wp-json\/wp\/v2\/media\/236090"}],"wp:attachment":[{"href":"https:\/\/www.rctvinternational.com\/en\/wp-json\/wp\/v2\/media?parent=236006"}],"wp:term":[{"taxonomy":"product_cat","embeddable":true,"href":"https:\/\/www.rctvinternational.com\/en\/wp-json\/wp\/v2\/product_cat?post=236006"},{"taxonomy":"product_tag","embeddable":true,"href":"https:\/\/www.rctvinternational.com\/en\/wp-json\/wp\/v2\/product_tag?post=236006"}],"curies":[{"name":"wp","href":"https:\/\/api.w.org\/{rel}","templated":true}]}}