{"id":235958,"date":"2024-07-11T16:25:37","date_gmt":"2024-07-11T16:25:37","guid":{"rendered":"https:\/\/www.rctvinternational.com\/?post_type=product&#038;p=235958"},"modified":"2024-11-27T02:11:25","modified_gmt":"2024-11-27T02:11:25","slug":"un-milagro-en-galipan","status":"publish","type":"product","link":"https:\/\/www.rctvinternational.com\/en\/product\/un-milagro-en-galipan\/","title":{"rendered":"Un Milagro en Galip\u00e1n"},"content":{"rendered":"<div style=\"width: 100%; min-height: 1px;\" id=\"vimeo-wc-video-69efd18307949\" data-js=\"vimeo-wc-video\" data-atts=\"{&quot;autopause&quot;:&quot;true&quot;,&quot;autoplay&quot;:false,&quot;background&quot;:false,&quot;byline&quot;:&quot;true&quot;,&quot;color&quot;:&quot;none&quot;,&quot;controls&quot;:&quot;true&quot;,&quot;dnt&quot;:&quot;true&quot;,&quot;height&quot;:&quot;none&quot;,&quot;id&quot;:false,&quot;loop&quot;:false,&quot;maxheight&quot;:&quot;none&quot;,&quot;maxwidth&quot;:&quot;none&quot;,&quot;muted&quot;:false,&quot;pip&quot;:false,&quot;playsinline&quot;:&quot;true&quot;,&quot;portrait&quot;:&quot;true&quot;,&quot;quality&quot;:&quot;auto&quot;,&quot;responsive&quot;:&quot;true&quot;,&quot;speed&quot;:false,&quot;texttrack&quot;:&quot;none&quot;,&quot;title&quot;:&quot;true&quot;,&quot;transparent&quot;:true,&quot;url&quot;:&quot;https:\\\/\\\/vimeo.com\\\/930317278&quot;,&quot;width&quot;:&quot;none&quot;}\"><\/div>","protected":false},"excerpt":{"rendered":"<p style=\"text-align: justify;\"><img decoding=\"async\" loading=\"lazy\" class=\"alignnone size-medium wp-image-236638\" src=\"https:\/\/www.rctvinternational.com\/wp-content\/uploads\/2024\/07\/Un-milagro-en-galipan-02-02-267x300.png\" alt=\"\" width=\"267\" height=\"300\" \/><\/p>\n<p style=\"text-align: justify;\"><img decoding=\"async\" loading=\"lazy\" class=\"alignnone size-full wp-image-232350\" src=\"https:\/\/www.rctvinternational.com\/wp-content\/uploads\/2020\/10\/Sinopsis.png\" alt=\"\" width=\"125\" height=\"57\" \/><\/p>\n<p style=\"text-align: justify;\" data-sourcepos=\"25:1-25:283\">Jes\u00fas Obreg\u00f3n, un hombre desconsolado por la p\u00e9rdida de su esposa, ha dejado de creer en la magia de la Navidad. Aislado y lleno de tristeza, decide escapar a Galip\u00e1n, un pintoresco pueblo de monta\u00f1a. All\u00ed, un encuentro inesperado con un ni\u00f1o misterioso cambia su vida por completo.<\/p>\n<p style=\"text-align: justify;\" data-sourcepos=\"27:1-27:243\">El peque\u00f1o Jes\u00fas, con su esp\u00edritu alegre y su deseo de ayudar a los dem\u00e1s, logra despertar en Obreg\u00f3n una chispa de esperanza. Juntos, emprenden una misi\u00f3n para mejorar la escuela del pueblo, un lugar donde los ni\u00f1os pueden aprender y crecer.<\/p>\n<p style=\"text-align: justify;\" data-sourcepos=\"29:1-29:298\">A medida que se involucran en este proyecto, Obreg\u00f3n comienza a sanar sus heridas emocionales y a recuperar la alegr\u00eda perdida. Sin embargo, cuando la nueva escuela es inaugurada, el ni\u00f1o Jes\u00fas desaparece misteriosamente, dejando a Obreg\u00f3n pregunt\u00e1ndose si todo fue un sue\u00f1o o un verdadero milagro.<\/p>\n<p style=\"text-align: justify;\"><img decoding=\"async\" loading=\"lazy\" class=\"alignnone size-full wp-image-231431\" src=\"https:\/\/www.rctvinternational.com\/wp-content\/uploads\/2020\/04\/deberias-saber-que.jpg\" alt=\"\" width=\"265\" height=\"39\" \/><\/p>\n<p style=\"text-align: justify;\">Enrique Ib\u00e1\u00f1ez, quien interpreta a Jes\u00fas Obreg\u00f3n, es un actor ampliamente reconocido en la televisi\u00f3n venezolana, destac\u00e1ndose en \u00e9xitos como <strong>\u2018El Desprecio\u2019<\/strong> y <strong>\u2018Amores de fin de siglo\u2019<\/strong>. Adem\u00e1s de su exitosa carrera en la actuaci\u00f3n, Ib\u00e1\u00f1ez tambi\u00e9n incursion\u00f3 en la m\u00fasica, grabando un disco con <strong>Sonogr\u00e1fica<\/strong>.<\/p>","protected":false},"featured_media":236751,"template":"","meta":{"_et_pb_use_builder":"","_et_pb_old_content":"","_et_gb_content_width":""},"product_cat":[24],"product_tag":[1246,1205,1152,1214,1245,388,1238],"acf":[],"_links":{"self":[{"href":"https:\/\/www.rctvinternational.com\/en\/wp-json\/wp\/v2\/product\/235958"}],"collection":[{"href":"https:\/\/www.rctvinternational.com\/en\/wp-json\/wp\/v2\/product"}],"about":[{"href":"https:\/\/www.rctvinternational.com\/en\/wp-json\/wp\/v2\/types\/product"}],"wp:featuredmedia":[{"embeddable":true,"href":"https:\/\/www.rctvinternational.com\/en\/wp-json\/wp\/v2\/media\/236751"}],"wp:attachment":[{"href":"https:\/\/www.rctvinternational.com\/en\/wp-json\/wp\/v2\/media?parent=235958"}],"wp:term":[{"taxonomy":"product_cat","embeddable":true,"href":"https:\/\/www.rctvinternational.com\/en\/wp-json\/wp\/v2\/product_cat?post=235958"},{"taxonomy":"product_tag","embeddable":true,"href":"https:\/\/www.rctvinternational.com\/en\/wp-json\/wp\/v2\/product_tag?post=235958"}],"curies":[{"name":"wp","href":"https:\/\/api.w.org\/{rel}","templated":true}]}}