{"id":235926,"date":"2024-07-11T14:05:48","date_gmt":"2024-07-11T14:05:48","guid":{"rendered":"https:\/\/www.rctvinternational.com\/?post_type=product&#038;p=235926"},"modified":"2024-07-11T21:02:04","modified_gmt":"2024-07-11T21:02:04","slug":"betania-gruta-milagrosa","status":"publish","type":"product","link":"https:\/\/www.rctvinternational.com\/en\/product\/betania-gruta-milagrosa\/","title":{"rendered":"Betania Gruta Milagrosa"},"content":{"rendered":"<div style=\"width: 100%; min-height: 1px;\" id=\"vimeo-wc-video-69efa54e19675\" data-js=\"vimeo-wc-video\" data-atts=\"{&quot;autopause&quot;:&quot;true&quot;,&quot;autoplay&quot;:false,&quot;background&quot;:false,&quot;byline&quot;:&quot;true&quot;,&quot;color&quot;:&quot;none&quot;,&quot;controls&quot;:&quot;true&quot;,&quot;dnt&quot;:&quot;true&quot;,&quot;height&quot;:&quot;none&quot;,&quot;id&quot;:false,&quot;loop&quot;:false,&quot;maxheight&quot;:&quot;none&quot;,&quot;maxwidth&quot;:&quot;none&quot;,&quot;muted&quot;:false,&quot;pip&quot;:false,&quot;playsinline&quot;:&quot;true&quot;,&quot;portrait&quot;:&quot;true&quot;,&quot;quality&quot;:&quot;auto&quot;,&quot;responsive&quot;:&quot;true&quot;,&quot;speed&quot;:false,&quot;texttrack&quot;:&quot;none&quot;,&quot;title&quot;:&quot;true&quot;,&quot;transparent&quot;:true,&quot;url&quot;:&quot;https:\\\/\\\/vimeo.com\\\/968167667&quot;,&quot;width&quot;:&quot;none&quot;}\"><\/div>","protected":false},"excerpt":{"rendered":"<p><img decoding=\"async\" loading=\"lazy\" class=\"alignnone size-medium wp-image-236144\" src=\"https:\/\/www.rctvinternational.com\/wp-content\/uploads\/2024\/07\/Betania-Gruta-Milagrosa-09-09-267x300.png\" alt=\"\" width=\"267\" height=\"300\" \/><\/p>\n<p style=\"text-align: justify;\"><img decoding=\"async\" loading=\"lazy\" class=\"alignnone size-full wp-image-232350\" src=\"https:\/\/www.rctvinternational.com\/wp-content\/uploads\/2020\/10\/Sinopsis.png\" alt=\"\" width=\"125\" height=\"57\" \/><\/p>\n<p style=\"text-align: justify;\">Una familia y su comunidad viven un evento sin precedentes.\u00a0 Isabel Cristina Sarmiento, es una joven de extraordinaria belleza que est\u00e1 postrada en una silla de ruedas debido a un tr\u00e1gico accidente. Sus padres, desesperados y sin m\u00e1s opciones en el \u00e1mbito de la medicina, depositan su \u00faltima esperanza en un milagro celestial.<\/p>\n<p style=\"text-align: justify;\">Una tarde, la familia y sus allegados son testigos de un suceso asombroso: la aparici\u00f3n de la Sant\u00edsima Virgen. Esta aparici\u00f3n se repite siete veces, permiti\u00e9ndoles detallar perfectamente su figura y experimentar una serie de milagros que fortalecen su fe y esperanza.<\/p>\n<p style=\"text-align: justify;\">Entre los milagros, un hombre llamado Braulio experimenta un cambio profundo en su vida, renaciendo con una nueva perspectiva espiritual. As\u00ed mismo, Sor Alicia, quien sufr\u00eda de c\u00e1ncer, es milagrosamente curada, sin rastro alguno de la enfermedad que amenazaba su vida. Finalmente, Isabel Cristina Sarmiento, nuestra protagonista, en un evento que deja a todos asombrados, logra ponerse de pie y caminar, a pesar de estar confinada a su silla de ruedas.<\/p>\n<p style=\"text-align: justify;\">En ese momento, tanto la familia como la comunidad del lugar se llenan de fe, esperanza y milagros. Gracias a la inesperada circunstancia, encuentran la fuerza que todos necesitaban y logran transformar sus vidas, gracias a la manifestaci\u00f3n que pudo traer luz en los momentos m\u00e1s oscuros.<\/p>\n<h3 style=\"text-align: justify;\"><img decoding=\"async\" loading=\"lazy\" class=\"alignnone size-full wp-image-231431\" src=\"https:\/\/www.rctvinternational.com\/wp-content\/uploads\/2020\/04\/deberias-saber-que.jpg\" alt=\"\" width=\"265\" height=\"39\" \/><\/h3>\n<p style=\"text-align: justify;\">&#8216;<strong>Betania Gruta Milagrosa<\/strong>&#8216; est\u00e1 basada en testimonios reales de personas que vivieron estos milagros. Los relatos de\u00a0 apariciones de la Sant\u00edsima Virgen y los milagros subsecuentes fueron eventos que marcaron profundamente a la comunidad, dejando una impacto determinante en la vida de todos los involucrados. Esta producci\u00f3n busca transmitir un mensaje de fe y esperanza, a la par que transmite desde la narrativa, el precepto principal de los testimonios reales: incluso en las circunstancias m\u00e1s desesperadas, los milagros pueden ocurrir.<\/p>","protected":false},"featured_media":236024,"template":"","meta":{"_et_pb_use_builder":"","_et_pb_old_content":"","_et_gb_content_width":""},"product_cat":[24],"product_tag":[1209,1211,727,1152,1210,745,1204,1208,583],"acf":[],"_links":{"self":[{"href":"https:\/\/www.rctvinternational.com\/en\/wp-json\/wp\/v2\/product\/235926"}],"collection":[{"href":"https:\/\/www.rctvinternational.com\/en\/wp-json\/wp\/v2\/product"}],"about":[{"href":"https:\/\/www.rctvinternational.com\/en\/wp-json\/wp\/v2\/types\/product"}],"wp:featuredmedia":[{"embeddable":true,"href":"https:\/\/www.rctvinternational.com\/en\/wp-json\/wp\/v2\/media\/236024"}],"wp:attachment":[{"href":"https:\/\/www.rctvinternational.com\/en\/wp-json\/wp\/v2\/media?parent=235926"}],"wp:term":[{"taxonomy":"product_cat","embeddable":true,"href":"https:\/\/www.rctvinternational.com\/en\/wp-json\/wp\/v2\/product_cat?post=235926"},{"taxonomy":"product_tag","embeddable":true,"href":"https:\/\/www.rctvinternational.com\/en\/wp-json\/wp\/v2\/product_tag?post=235926"}],"curies":[{"name":"wp","href":"https:\/\/api.w.org\/{rel}","templated":true}]}}