{"id":235921,"date":"2024-07-11T21:37:29","date_gmt":"2024-07-11T21:37:29","guid":{"rendered":"https:\/\/www.rctvinternational.com\/?post_type=product&#038;p=235921"},"modified":"2024-07-12T12:48:24","modified_gmt":"2024-07-12T12:48:24","slug":"alias-perecito","status":"publish","type":"product","link":"https:\/\/www.rctvinternational.com\/en\/product\/alias-perecito\/","title":{"rendered":"Alias Perecito"},"content":{"rendered":"<div style=\"width: 100%; min-height: 1px;\" id=\"vimeo-wc-video-69efa562356fb\" data-js=\"vimeo-wc-video\" data-atts=\"{&quot;autopause&quot;:&quot;true&quot;,&quot;autoplay&quot;:false,&quot;background&quot;:false,&quot;byline&quot;:&quot;true&quot;,&quot;color&quot;:&quot;none&quot;,&quot;controls&quot;:&quot;true&quot;,&quot;dnt&quot;:&quot;true&quot;,&quot;height&quot;:&quot;none&quot;,&quot;id&quot;:false,&quot;loop&quot;:false,&quot;maxheight&quot;:&quot;none&quot;,&quot;maxwidth&quot;:&quot;none&quot;,&quot;muted&quot;:false,&quot;pip&quot;:false,&quot;playsinline&quot;:&quot;true&quot;,&quot;portrait&quot;:&quot;true&quot;,&quot;quality&quot;:&quot;auto&quot;,&quot;responsive&quot;:&quot;true&quot;,&quot;speed&quot;:false,&quot;texttrack&quot;:&quot;none&quot;,&quot;title&quot;:&quot;true&quot;,&quot;transparent&quot;:true,&quot;url&quot;:&quot;https:\\\/\\\/vimeo.com\\\/968084269&quot;,&quot;width&quot;:&quot;none&quot;}\"><\/div>","protected":false},"excerpt":{"rendered":"<p><img decoding=\"async\" loading=\"lazy\" class=\"alignnone size-medium wp-image-236159\" src=\"https:\/\/www.rctvinternational.com\/wp-content\/uploads\/2024\/07\/alias-Perecito-12-12-267x300.png\" alt=\"\" width=\"267\" height=\"300\" \/><\/p>\n<p style=\"text-align: justify;\"><img decoding=\"async\" loading=\"lazy\" class=\"alignnone size-full wp-image-232350\" src=\"https:\/\/www.rctvinternational.com\/wp-content\/uploads\/2020\/10\/Sinopsis.png\" alt=\"\" width=\"125\" height=\"57\" \/><\/p>\n<p style=\"text-align: justify;\">En el bullicioso puerto de La Guaira, un hombre es asesinado, y la polic\u00eda r\u00e1pidamente lo etiqueta como un ajuste de cuentas entre pandillas. Sin embargo, la v\u00edctima no es un criminal com\u00fan, sino el hermano de Carmen (<strong>Ana Karina Manco)<\/strong>, una periodista radial dedicada a denunciar casos de corrupci\u00f3n. Convencida de que hay algo m\u00e1s detr\u00e1s de la muerte de su hermano, Carmen decide investigar por su cuenta.<\/p>\n<p style=\"text-align: justify;\">Carmen entra en contacto con Perecito, un fiscal de hacienda conocido por su tenacidad en desenmascarar casos de corrupci\u00f3n. Juntos, comienzan a desentra\u00f1ar una red de corrupci\u00f3n que se extiende por todos los niveles del poder. Sus descubrimientos revelan una conspiraci\u00f3n que involucra a pol\u00edticos, empresarios y funcionarios p\u00fablicos, todos trabajando en las sombras para proteger sus intereses.<\/p>\n<p style=\"text-align: justify;\">A medida que se acercan a la verdad, Perecito se convierte en una v\u00edctima del esc\u00e1ndalo que est\u00e1n descubriendo. Es desacreditado p\u00fablicamente, acusado falsamente de ser parte de la misma corrupci\u00f3n que ha jurado combatir. La prensa y los medios de comunicaci\u00f3n, manipulados por los verdaderos corruptos, difunden historias para destruir su reputaci\u00f3n y detener la investigaci\u00f3n.<\/p>\n<p style=\"text-align: justify;\">A pesar de los desaf\u00edos y la desconfianza generalizada, Carmen y Perecito no se rinden. Su relaci\u00f3n se fortalece, no solo por la b\u00fasqueda de justicia, sino tambi\u00e9n por el creciente afecto que sienten el uno por el otro. La combinaci\u00f3n de su inteligencia y perseverancia finalmente les permite reunir pruebas irrefutables contra los verdaderos culpables.<\/p>\n<p style=\"text-align: justify;\">En un dram\u00e1tico giro final, la verdad sale a la luz. Los responsables son arrestados y llevados ante la justicia. La reputaci\u00f3n de Perecito es restaurada, y Carmen puede finalmente dar un cierre al dolor por la p\u00e9rdida de su hermano, sabiendo que su lucha no fue en vano.<\/p>\n<p style=\"text-align: justify;\"><img decoding=\"async\" loading=\"lazy\" class=\"alignnone size-full wp-image-231431\" src=\"https:\/\/www.rctvinternational.com\/wp-content\/uploads\/2020\/04\/deberias-saber-que.jpg\" alt=\"\" width=\"265\" height=\"39\" \/><\/p>\n<p style=\"text-align: justify;\">Esta obra se inspira en numerosos casos reales de corrupci\u00f3n que han sacudido a diferentes pa\u00edses.<\/p>\n<p style=\"text-align: justify;\">Esta producci\u00f3n fue la \u00faltima que el director Jos\u00e9 Novoa realiz\u00f3 para televisi\u00f3n. Aunque la pel\u00edcula fue filmada en video, Novoa aplic\u00f3 t\u00e9cnicas cinematogr\u00e1ficas para darle una calidad excepcional. Con \u2018<strong>Alias Perecito<\/strong>\u2019,\u00a0 el director dio por culminada su etapa televisiva, para luego dedicarse a trabajos para el cine, el cual incluy\u00f3 trabajos notables como el filme &#8216;Sicario&#8217;.<\/p>","protected":false},"featured_media":236007,"template":"","meta":{"_et_pb_use_builder":"","_et_pb_old_content":"","_et_gb_content_width":""},"product_cat":[24],"product_tag":[1194,397,429,1196,1197,727,1152,1195],"acf":[],"_links":{"self":[{"href":"https:\/\/www.rctvinternational.com\/en\/wp-json\/wp\/v2\/product\/235921"}],"collection":[{"href":"https:\/\/www.rctvinternational.com\/en\/wp-json\/wp\/v2\/product"}],"about":[{"href":"https:\/\/www.rctvinternational.com\/en\/wp-json\/wp\/v2\/types\/product"}],"wp:featuredmedia":[{"embeddable":true,"href":"https:\/\/www.rctvinternational.com\/en\/wp-json\/wp\/v2\/media\/236007"}],"wp:attachment":[{"href":"https:\/\/www.rctvinternational.com\/en\/wp-json\/wp\/v2\/media?parent=235921"}],"wp:term":[{"taxonomy":"product_cat","embeddable":true,"href":"https:\/\/www.rctvinternational.com\/en\/wp-json\/wp\/v2\/product_cat?post=235921"},{"taxonomy":"product_tag","embeddable":true,"href":"https:\/\/www.rctvinternational.com\/en\/wp-json\/wp\/v2\/product_tag?post=235921"}],"curies":[{"name":"wp","href":"https:\/\/api.w.org\/{rel}","templated":true}]}}