{"id":235915,"date":"2024-07-10T23:28:47","date_gmt":"2024-07-10T23:28:47","guid":{"rendered":"https:\/\/www.rctvinternational.com\/?post_type=product&#038;p=235915"},"modified":"2025-03-28T01:38:48","modified_gmt":"2025-03-28T01:38:48","slug":"a-gozar","status":"publish","type":"product","link":"https:\/\/www.rctvinternational.com\/en\/product\/a-gozar\/","title":{"rendered":"A Gozar"},"content":{"rendered":"<div style=\"width: 100%; min-height: 1px;\" id=\"vimeo-wc-video-69eb6f46e95e2\" data-js=\"vimeo-wc-video\" data-atts=\"{&quot;autopause&quot;:&quot;true&quot;,&quot;autoplay&quot;:false,&quot;background&quot;:false,&quot;byline&quot;:&quot;true&quot;,&quot;color&quot;:&quot;none&quot;,&quot;controls&quot;:&quot;true&quot;,&quot;dnt&quot;:&quot;true&quot;,&quot;height&quot;:&quot;none&quot;,&quot;id&quot;:false,&quot;loop&quot;:false,&quot;maxheight&quot;:&quot;none&quot;,&quot;maxwidth&quot;:&quot;none&quot;,&quot;muted&quot;:false,&quot;pip&quot;:false,&quot;playsinline&quot;:&quot;true&quot;,&quot;portrait&quot;:&quot;true&quot;,&quot;quality&quot;:&quot;auto&quot;,&quot;responsive&quot;:&quot;true&quot;,&quot;speed&quot;:false,&quot;texttrack&quot;:&quot;none&quot;,&quot;title&quot;:&quot;true&quot;,&quot;transparent&quot;:true,&quot;url&quot;:&quot;https:\\\/\\\/vimeo.com\\\/927672226&quot;,&quot;width&quot;:&quot;none&quot;}\"><\/div>","protected":false},"excerpt":{"rendered":"<p><img decoding=\"async\" loading=\"lazy\" class=\"alignnone size-medium wp-image-237044\" src=\"https:\/\/www.rctvinternational.com\/wp-content\/uploads\/2024\/07\/Claqueta-A-Gozar-2025-246x300.png\" alt=\"\" width=\"246\" height=\"300\" \/><\/p>\n<p><img decoding=\"async\" loading=\"lazy\" class=\"alignnone size-full wp-image-232350\" src=\"https:\/\/www.rctvinternational.com\/wp-content\/uploads\/2020\/10\/Sinopsis.png\" alt=\"\" width=\"125\" height=\"57\" \/><\/p>\n<p style=\"text-align: justify;\">Un programa emblem\u00e1tico que ha divertido a audiencias de todas las edades y ofrece una amplia variedad de entretenimiento. Inicialmente presentado por la din\u00e1mica dupla de Emilio Lovera y Mar\u00eda Alejandra Requena, el programa es un favorito del p\u00fablico con su combinaci\u00f3n \u00fanica de chistes, m\u00fasica y an\u00e9cdotas.<\/p>\n<p style=\"text-align: justify;\">Con Emilio Lovera aportando su ingenio y carisma, y Mar\u00eda Alejandra Requena aportando su encanto y energ\u00eda, la qu\u00edmica entre los dos presentadores garantiza risas constantes. \u201cA Gozar\u201d tambi\u00e9n ofrece una vitrina para talentosos artistas musicales y comediantes invitados.<\/p>\n<p style=\"text-align: justify;\">Carlos Rodr\u00edguez, conocido popularmente como \u201cRafucho\u201d, tambi\u00e9n tom\u00f3 las riendas como animador principal. Con su estilo \u00fanico y su habilidad para conectar con el p\u00fablico, Rafucho mantiene viva la esencia del programa.<\/p>\n<p style=\"text-align: justify;\">\u00abA Gozar\u00bb cuenta con la participaci\u00f3n de diversos invitados especiales, frecuentemente estrellas reconocidas de la televisi\u00f3n, quienes participan en entrevistas y contribuyen al espect\u00e1culo.<\/p>\n<p style=\"text-align: justify;\">El programa tambi\u00e9n presenta la secci\u00f3n \u00abCosas que Pasan\u00bb, donde se transmiten videos caseros divertidos, a\u00f1adiendo un toque fresco y espont\u00e1neo al programa.<\/p>\n<p style=\"text-align: justify;\">Durante su emisi\u00f3n, \u00abA Gozar\u00bb se convirti\u00f3 en un fen\u00f3meno cultural en Venezuela, y algunas de las expresiones y personajes del programa se integraron en el lenguaje coloquial del pa\u00eds.<\/p>\n<p style=\"text-align: justify;\">Desde sus sketches c\u00f3micos hasta sus actuaciones musicales, \u00abA Gozar\u00bb es un programa para re\u00edr, bailar y disfrutar de la cultura venezolana en todo su esplendor.<\/p>\n<p style=\"text-align: justify;\"><img decoding=\"async\" loading=\"lazy\" class=\"alignnone size-full wp-image-231431\" src=\"https:\/\/www.rctvinternational.com\/wp-content\/uploads\/2020\/04\/deberias-saber-que.jpg\" alt=\"\" width=\"265\" height=\"39\" \/><\/p>\n<p style=\"text-align: justify;\">Tras la partida de Emilio Lovera de \u201cA Gozar\u201d, debido a su incursi\u00f3n en otro proyecto humor\u00edstico, surgi\u00f3 una incertidumbre en torno a qui\u00e9n podr\u00eda llenar su lugar de manera efectiva. La direcci\u00f3n del programa decidi\u00f3 someter esta decisi\u00f3n al criterio del p\u00fablico a trav\u00e9s de una encuesta p\u00fablica. Fue as\u00ed como Carlos Rodr\u00edguez \u201cRafucho\u201d, emergi\u00f3 como el sucesor elegido, gracias al respaldo y la preferencia del p\u00fablico.<\/p>","protected":false},"featured_media":235988,"template":"","meta":{"_et_pb_use_builder":"","_et_pb_old_content":"","_et_gb_content_width":""},"product_cat":[25],"product_tag":[1187,1182,1184,1193,1144,1189,524,1180,563,1192,1181,1188,1185,1183,1191,1190,1186],"acf":[],"_links":{"self":[{"href":"https:\/\/www.rctvinternational.com\/en\/wp-json\/wp\/v2\/product\/235915"}],"collection":[{"href":"https:\/\/www.rctvinternational.com\/en\/wp-json\/wp\/v2\/product"}],"about":[{"href":"https:\/\/www.rctvinternational.com\/en\/wp-json\/wp\/v2\/types\/product"}],"wp:featuredmedia":[{"embeddable":true,"href":"https:\/\/www.rctvinternational.com\/en\/wp-json\/wp\/v2\/media\/235988"}],"wp:attachment":[{"href":"https:\/\/www.rctvinternational.com\/en\/wp-json\/wp\/v2\/media?parent=235915"}],"wp:term":[{"taxonomy":"product_cat","embeddable":true,"href":"https:\/\/www.rctvinternational.com\/en\/wp-json\/wp\/v2\/product_cat?post=235915"},{"taxonomy":"product_tag","embeddable":true,"href":"https:\/\/www.rctvinternational.com\/en\/wp-json\/wp\/v2\/product_tag?post=235915"}],"curies":[{"name":"wp","href":"https:\/\/api.w.org\/{rel}","templated":true}]}}