{"id":235914,"date":"2024-07-11T21:26:26","date_gmt":"2024-07-11T21:26:26","guid":{"rendered":"https:\/\/www.rctvinternational.com\/?post_type=product&#038;p=235914"},"modified":"2024-07-12T12:51:00","modified_gmt":"2024-07-12T12:51:00","slug":"al-filo-del-abismo","status":"publish","type":"product","link":"https:\/\/www.rctvinternational.com\/en\/product\/al-filo-del-abismo\/","title":{"rendered":"Al filo del abismo"},"content":{"rendered":"<div style=\"width: 100%; min-height: 1px;\" id=\"vimeo-wc-video-69efa54da512e\" data-js=\"vimeo-wc-video\" data-atts=\"{&quot;autopause&quot;:&quot;true&quot;,&quot;autoplay&quot;:false,&quot;background&quot;:false,&quot;byline&quot;:&quot;true&quot;,&quot;color&quot;:&quot;none&quot;,&quot;controls&quot;:&quot;true&quot;,&quot;dnt&quot;:&quot;true&quot;,&quot;height&quot;:&quot;none&quot;,&quot;id&quot;:false,&quot;loop&quot;:false,&quot;maxheight&quot;:&quot;none&quot;,&quot;maxwidth&quot;:&quot;none&quot;,&quot;muted&quot;:false,&quot;pip&quot;:false,&quot;playsinline&quot;:&quot;true&quot;,&quot;portrait&quot;:&quot;true&quot;,&quot;quality&quot;:&quot;auto&quot;,&quot;responsive&quot;:&quot;true&quot;,&quot;speed&quot;:false,&quot;texttrack&quot;:&quot;none&quot;,&quot;title&quot;:&quot;true&quot;,&quot;transparent&quot;:true,&quot;url&quot;:&quot;https:\\\/\\\/vimeo.com\\\/968073989&quot;,&quot;width&quot;:&quot;none&quot;}\"><\/div>","protected":false},"excerpt":{"rendered":"<p><img decoding=\"async\" loading=\"lazy\" class=\"alignnone size-medium wp-image-236156\" src=\"https:\/\/www.rctvinternational.com\/wp-content\/uploads\/2024\/07\/Al-filo-del-Avismo-07-07-267x300.png\" alt=\"\" width=\"267\" height=\"300\" \/><\/p>\n<p style=\"text-align: justify;\"><img decoding=\"async\" loading=\"lazy\" class=\"alignnone size-full wp-image-232350\" src=\"https:\/\/www.rctvinternational.com\/wp-content\/uploads\/2020\/10\/Sinopsis.png\" alt=\"\" width=\"125\" height=\"57\" \/><\/p>\n<p style=\"text-align: justify;\">Gonzalo Reque\u00f1a \u201cGonzalito\u201d (<strong>Roberto Lamarca<\/strong>) se encuentra al borde de la cornisa de un edificio, contemplando el suicidio. Mientras un helic\u00f3ptero policial sobrevuela en un intento de protegerlo y convencerlo de que no salte, el hombre se sumerge en una serie de recuerdos perturbadores.<\/p>\n<p style=\"text-align: justify;\">A medida que el drama se despliega, se revelan terribles episodios de su infancia, marcados por el abuso y el abandono, que han dejado cicatrices profundas en su psique. Tambi\u00e9n recuerda su tormentosa relaci\u00f3n matrimonial con Teresa <strong>(Caridad Canel\u00f3n)<\/strong>, llena de conflictos y desilusi\u00f3n, que lo ha llevado a sentirse sin esperanza y aislado. La tensi\u00f3n se intensifica con cada segundo, mostrando un retrato v\u00edvido de la desesperaci\u00f3n y la lucha interna del protagonista.<\/p>\n<p style=\"text-align: justify;\">Teresa lo abandon\u00f3 por un hombre llamado Lezama, quien le prometi\u00f3 riquezas y lujos. Esta traici\u00f3n dej\u00f3 a Gonzalito devastado y sin esperanzas.<\/p>\n<p style=\"text-align: justify;\">Despu\u00e9s de dejar a Gonzalito, Teresa cay\u00f3 en la drogadicci\u00f3n, se deterior\u00f3 completamente y fue internada en un hospital psiqui\u00e1trico. Logrando escapar, Teresa, embarazada, llega al edificio donde Gonzalito se encuentra en la cornisa. Gonzalito, al verla, asume que el hijo que espera es de Lezama, lo que lo hunde a\u00fan m\u00e1s en su desesperaci\u00f3n. Teresa intenta acercarse a Gonzalito y persuadirlo para que no salte, asegur\u00e1ndole que el beb\u00e9 que espera es de \u00e9l.<\/p>\n<p style=\"text-align: justify;\">Lezama, al ver la noticia por televisi\u00f3n, decide intervenir para ganar notoriedad, sin saber que el hombre en la cornisa es Gonzalito. Al llegar a la azotea y tratar de salvarlo, reconoce a Gonzalito y, presa del p\u00e1nico, cae al vac\u00edo debido a la tensi\u00f3n de la situaci\u00f3n y la manipulaci\u00f3n de Gonzalito para atraerlo all\u00ed.<\/p>\n<p style=\"text-align: justify;\">En ese momento, el hijo y la suegra de Gonzalito llegan a la azotea. En un dram\u00e1tico giro, le hacen comprender que el ni\u00f1o que Teresa est\u00e1 esperando es suyo, brind\u00e1ndole una nueva perspectiva y esperanza.<\/p>\n<p style=\"text-align: justify;\">Este descubrimiento act\u00faa como un rayo de luz en la oscuridad del protagonista, haci\u00e9ndole comprender que hay motivos para vivir y luchar. La noticia de la paternidad inminente y la posibilidad de redenci\u00f3n y una nueva vida le ofrecen una raz\u00f3n para aferrarse a la vida.<\/p>\n<p style=\"text-align: justify;\"><img decoding=\"async\" loading=\"lazy\" class=\"alignnone size-full wp-image-231431\" src=\"https:\/\/www.rctvinternational.com\/wp-content\/uploads\/2020\/04\/deberias-saber-que.jpg\" alt=\"\" width=\"265\" height=\"39\" \/><\/p>\n<p style=\"text-align: justify;\">Esta producci\u00f3n captura la angustia y la desesperaci\u00f3n de su protagonista a trav\u00e9s de una narrativa intensa y emocionalmente cargada. La pel\u00edcula se adentra en temas como el trauma infantil, la salud mental y las relaciones interpersonales.<\/p>\n<p style=\"text-align: justify;\">Esta producci\u00f3n tiene un escenario \u00fanico. La mayor parte de la acci\u00f3n ocurre en la azotea de un edificio.<\/p>","protected":false},"featured_media":236155,"template":"","meta":{"_et_pb_use_builder":"","_et_pb_old_content":"","_et_gb_content_width":""},"product_cat":[24],"product_tag":[1171,269,1173,1178,1179,1174,1177,1175,1172,1176],"acf":[],"_links":{"self":[{"href":"https:\/\/www.rctvinternational.com\/en\/wp-json\/wp\/v2\/product\/235914"}],"collection":[{"href":"https:\/\/www.rctvinternational.com\/en\/wp-json\/wp\/v2\/product"}],"about":[{"href":"https:\/\/www.rctvinternational.com\/en\/wp-json\/wp\/v2\/types\/product"}],"wp:featuredmedia":[{"embeddable":true,"href":"https:\/\/www.rctvinternational.com\/en\/wp-json\/wp\/v2\/media\/236155"}],"wp:attachment":[{"href":"https:\/\/www.rctvinternational.com\/en\/wp-json\/wp\/v2\/media?parent=235914"}],"wp:term":[{"taxonomy":"product_cat","embeddable":true,"href":"https:\/\/www.rctvinternational.com\/en\/wp-json\/wp\/v2\/product_cat?post=235914"},{"taxonomy":"product_tag","embeddable":true,"href":"https:\/\/www.rctvinternational.com\/en\/wp-json\/wp\/v2\/product_tag?post=235914"}],"curies":[{"name":"wp","href":"https:\/\/api.w.org\/{rel}","templated":true}]}}