{"id":235907,"date":"2024-07-11T14:08:47","date_gmt":"2024-07-11T14:08:47","guid":{"rendered":"https:\/\/www.rctvinternational.com\/?post_type=product&#038;p=235907"},"modified":"2025-05-05T23:07:24","modified_gmt":"2025-05-05T23:07:24","slug":"acosada","status":"publish","type":"product","link":"https:\/\/www.rctvinternational.com\/en\/product\/acosada\/","title":{"rendered":"Acosada"},"content":{"rendered":"<ol>\n<li><div style=\"width: 100%; min-height: 1px;\" id=\"vimeo-wc-video-69efa4eb53f8d\" data-js=\"vimeo-wc-video\" data-atts=\"{&quot;autopause&quot;:&quot;true&quot;,&quot;autoplay&quot;:false,&quot;background&quot;:false,&quot;byline&quot;:&quot;true&quot;,&quot;color&quot;:&quot;none&quot;,&quot;controls&quot;:&quot;true&quot;,&quot;dnt&quot;:&quot;true&quot;,&quot;height&quot;:&quot;none&quot;,&quot;id&quot;:false,&quot;loop&quot;:false,&quot;maxheight&quot;:&quot;none&quot;,&quot;maxwidth&quot;:&quot;none&quot;,&quot;muted&quot;:false,&quot;pip&quot;:false,&quot;playsinline&quot;:&quot;true&quot;,&quot;portrait&quot;:&quot;true&quot;,&quot;quality&quot;:&quot;auto&quot;,&quot;responsive&quot;:&quot;true&quot;,&quot;speed&quot;:false,&quot;texttrack&quot;:&quot;none&quot;,&quot;title&quot;:&quot;true&quot;,&quot;transparent&quot;:true,&quot;url&quot;:&quot;https:\\\/\\\/vimeo.com\\\/930397825&quot;,&quot;width&quot;:&quot;none&quot;}\"><\/div><\/li>\n<\/ol>\n<p>&nbsp;<\/p>","protected":false},"excerpt":{"rendered":"<p style=\"text-align: justify;\"><img decoding=\"async\" loading=\"lazy\" class=\"alignnone size-medium wp-image-236145\" src=\"https:\/\/www.rctvinternational.com\/wp-content\/uploads\/2024\/07\/Acosada-13-13-267x300.png\" alt=\"\" width=\"267\" height=\"300\" \/><\/p>\n<p style=\"text-align: justify;\"><img decoding=\"async\" loading=\"lazy\" class=\"alignnone size-full wp-image-232350\" src=\"https:\/\/www.rctvinternational.com\/wp-content\/uploads\/2020\/10\/Sinopsis.png\" alt=\"\" width=\"125\" height=\"57\" \/><\/p>\n<p style=\"text-align: justify;\">Una joven mujer llamada Morela (<strong>Crisol Carabal<\/strong>) llega a una c\u00e1rcel de mujeres, y desde el primer momento, es recibida con gran admiraci\u00f3n por las dem\u00e1s reclusas. La raz\u00f3n de su fama es un crimen sin precedentes: hab\u00eda castrado a su marido, Claudio (<strong>Karl Hoffman<\/strong>)<\/p>\n<p style=\"text-align: justify;\">Morela, ha sido enjuiciada y se enfrenta a la vida en prisi\u00f3n. Las otras presas la ven como una hero\u00edna, una figura de culto. Muchas de ellas desean haber tenido el coraje de llevar a cabo un acto similar en busca de justicia. Cuando esperaba a su abogada, la desconsolada joven conoce a una mujer que trabaja en defensa de los derechos de las mujeres maltratadas, as\u00ed comienza a tomar confianza y narra su atroz historia.<\/p>\n<p style=\"text-align: justify;\">En la carcel, Morela comienza a sufrir flashbacks, all\u00ed revive recuerdos de su\u00a0 matrimonio, el cual fue todo un tormento desde el inicio. Ella soport\u00f3 a\u00f1os de abusos f\u00edsicos y psicol\u00f3gicos a manos de su esposo. Cada d\u00eda, el miedo y la desesperaci\u00f3n crecen en su coraz\u00f3n, ya que su esposo controla cada aspecto de su vida con una crueldad implacable. La manipulaci\u00f3n y la violencia dom\u00e9stica son el pan de cada d\u00eda para Morela, y su sufrimiento se vuelve insoportable.<\/p>\n<p style=\"text-align: justify;\">Un d\u00eda, tras una brutal golpiza, Morela alcanza su punto de quiebre. En un momento de desesperaci\u00f3n total, ella toma una dr\u00e1stica decisi\u00f3n. Una noche, mientras su esposo duerme, entra a la habitaci\u00f3n con un cuchillo en mano y con manos temblorosas pero decididas, comete el acto que cambiar\u00e1 su vida para siempre: castra a su marido.<\/p>\n<p style=\"text-align: justify;\">Un proceso judicial se desencadena tras el crimen. Morela es arrestada y llevada a juicio, donde su caso se convierte en un circo medi\u00e1tico. La sociedad y los medios de comunicaci\u00f3n se dividen en su opini\u00f3n sobre ella: algunos la ven como una v\u00edctima que finalmente se defendi\u00f3, mientras que otros la consideran una criminal despiadada.<\/p>\n<p style=\"text-align: justify;\">Durante el juicio, Morela se encuentra en el centro de un debate p\u00fablico, mientras su abogado lucha por demostrar que ella actu\u00f3 en defensa propia tras a\u00f1os de sufrimiento y abuso. Adem\u00e1s de afrontar que es una sobreviviente de abusos, tiene que enfrentar las deficiencias del departamento legal y los prejuicios del sistema judicial.<\/p>\n<p style=\"text-align: justify;\"><img decoding=\"async\" loading=\"lazy\" class=\"alignnone size-full wp-image-231431\" src=\"https:\/\/www.rctvinternational.com\/wp-content\/uploads\/2020\/04\/deberias-saber-que.jpg\" alt=\"\" width=\"265\" height=\"39\" \/><\/p>\n<p style=\"text-align: justify;\"><strong>\u2018Acosada\u2019<\/strong> est\u00e1 basada en el famoso caso de Lorena Bobbitt, quien en 1993 se convirti\u00f3 en noticia mundial tras cortar el pene de su esposo, John Wayne Bobbitt, despu\u00e9s de sufrir a\u00f1os de abuso conyugal. El caso fue altamente medi\u00e1tico y gener\u00f3 un debate internacional sobre la violencia dom\u00e9stica.<\/p>","protected":false},"featured_media":235976,"template":"","meta":{"_et_pb_use_builder":"","_et_pb_old_content":"","_et_gb_content_width":""},"product_cat":[24],"product_tag":[1166,1164,1160,1165,1152,1159,1161,388,1158],"acf":[],"_links":{"self":[{"href":"https:\/\/www.rctvinternational.com\/en\/wp-json\/wp\/v2\/product\/235907"}],"collection":[{"href":"https:\/\/www.rctvinternational.com\/en\/wp-json\/wp\/v2\/product"}],"about":[{"href":"https:\/\/www.rctvinternational.com\/en\/wp-json\/wp\/v2\/types\/product"}],"wp:featuredmedia":[{"embeddable":true,"href":"https:\/\/www.rctvinternational.com\/en\/wp-json\/wp\/v2\/media\/235976"}],"wp:attachment":[{"href":"https:\/\/www.rctvinternational.com\/en\/wp-json\/wp\/v2\/media?parent=235907"}],"wp:term":[{"taxonomy":"product_cat","embeddable":true,"href":"https:\/\/www.rctvinternational.com\/en\/wp-json\/wp\/v2\/product_cat?post=235907"},{"taxonomy":"product_tag","embeddable":true,"href":"https:\/\/www.rctvinternational.com\/en\/wp-json\/wp\/v2\/product_tag?post=235907"}],"curies":[{"name":"wp","href":"https:\/\/api.w.org\/{rel}","templated":true}]}}