{"id":235604,"date":"2024-07-12T12:25:43","date_gmt":"2024-07-12T12:25:43","guid":{"rendered":"https:\/\/www.rctvinternational.com\/?post_type=product&#038;p=235604"},"modified":"2025-05-07T23:39:35","modified_gmt":"2025-05-07T23:39:35","slug":"sangre-azul","status":"publish","type":"product","link":"https:\/\/www.rctvinternational.com\/en\/product\/sangre-azul\/","title":{"rendered":"Sangre Azul"},"content":{"rendered":"<div style=\"width: 100%; min-height: 1px;\" id=\"vimeo-wc-video-69f17534e4106\" data-js=\"vimeo-wc-video\" data-atts=\"{&quot;autopause&quot;:&quot;true&quot;,&quot;autoplay&quot;:false,&quot;background&quot;:false,&quot;byline&quot;:&quot;true&quot;,&quot;color&quot;:&quot;none&quot;,&quot;controls&quot;:&quot;true&quot;,&quot;dnt&quot;:&quot;true&quot;,&quot;height&quot;:&quot;none&quot;,&quot;id&quot;:false,&quot;loop&quot;:false,&quot;maxheight&quot;:&quot;none&quot;,&quot;maxwidth&quot;:&quot;none&quot;,&quot;muted&quot;:false,&quot;pip&quot;:false,&quot;playsinline&quot;:&quot;true&quot;,&quot;portrait&quot;:&quot;true&quot;,&quot;quality&quot;:&quot;auto&quot;,&quot;responsive&quot;:&quot;true&quot;,&quot;speed&quot;:false,&quot;texttrack&quot;:&quot;none&quot;,&quot;title&quot;:&quot;true&quot;,&quot;transparent&quot;:true,&quot;url&quot;:&quot;https:\\\/\\\/vimeo.com\\\/908725817&quot;,&quot;width&quot;:&quot;none&quot;}\"><\/div>\n<p>&nbsp;<\/p>","protected":false},"excerpt":{"rendered":"<p><img decoding=\"async\" loading=\"lazy\" class=\"alignnone size-medium wp-image-236164\" src=\"https:\/\/www.rctvinternational.com\/wp-content\/uploads\/2024\/07\/Sangre-Azul-2024-45-225x300.png\" alt=\"\" width=\"225\" height=\"300\" \/><\/p>\n<p><img decoding=\"async\" loading=\"lazy\" class=\"alignnone size-full wp-image-232350\" src=\"https:\/\/www.rctvinternational.com\/wp-content\/uploads\/2020\/10\/Sinopsis.png\" alt=\"\" width=\"125\" height=\"57\" \/><\/p>\n<p><em>Sangre Azul<\/em>, una cautivadora telenovela producida por <strong>RCTV<\/strong>, nos sumerge en el vibrante escenario del siglo XIX, donde la enamoradiza Mariana Granados (<strong>Pierina Espa\u00f1a<\/strong>), una joven que desaf\u00eda las normas sociales con su actitud fr\u00edvola y solo es fiel a su deseo de divertirse, cautiva el coraz\u00f3n del militar Jos\u00e9 Antonio Casal (<strong>Jos\u00e9 Luis Rodr\u00edguez<\/strong>). En medio de una fuerte guerra, esta pareja se ver\u00e1 envuelta en un romance inesperado que desafiar\u00e1 las convenciones sociales de la \u00e9poca.<\/p>\n<p>Mariana, es joven y vivaz, aparentemente fr\u00edvola y superficial ante la sociedad conservadora del siglo XIX, juega con el coraz\u00f3n de los hombres sin comprometerse. Su padre, la m\u00e1xima autoridad regional, desaprueba este comportamiento inmaduro.<\/p>\n<p>Jos\u00e9 Antonio es un hombre valiente y noble, comprometido con su deber militar y durante la fiesta de compromiso con Mariana, se entera que su anterior novia est\u00e1 embarazada. Jos\u00e9 Antonio se casa con Mar\u00eda Teresa por lealtad y compasi\u00f3n, dejando a Mariana en la desdicha. Para sumar malos tiempos, la madre de Mariana muere y su familia cae en la ruina. Todos estos eventos la transforman en una mujer fuerte y decidida, que asume el desaf\u00edo de sacar a flote la hacienda familiar.<\/p>\n<p>La historia toma un giro significativo en la fiesta de compromiso entre Jos\u00e9 Antonio y Mariana, cuando Mar\u00eda Teresa (<b>Carmen Julia \u00c1lvarez<\/b>), la antigua novia del militar, revela estar embarazada. Obligado por el sentido del deber y la fragilidad de Mar\u00eda Teresa, Jos\u00e9 Antonio se casa con ella, sumiendo a Mariana en la desdicha. La muerte de la madre de Mariana y la ruina econ\u00f3mica de su familia la transforman en una mujer fuerte y decidida.<\/p>\n<p>La trama se desarrolla en un contexto de luchas pol\u00edticas entre conservadores y liberales, que afectan la vida y el amor de los protagonistas. Jos\u00e9 Antonio, como militar, debe defender su bando y enfrentarse a los enemigos, arriesgando su vida y su felicidad. Mariana, como mujer, debe sobrevivir en un mundo donde las apariencias y las tradiciones se imponen sobre sus verdaderos anhelos. Ambos deben lidiar con un mundo que demanda sacrificios y decisiones dif\u00edciles.<\/p>\n<p>La trama se complica con la rivalidad entre Jos\u00e9 Antonio y Armando (<b>Jean Carlo Simancas<\/b>), un hombre ambicioso, que desea a Mariana y odia a Jos\u00e9 Antonio. Armando desencadena duelos a muerte, venganzas y querellas que dificultan la situaci\u00f3n amorosa y pol\u00edtica de la pareja protag\u00f3nica.<\/p>\n<p>Con la carga emocional de la promesa a Mar\u00eda Teresa, quien fallece al dar a luz, Mariana y Jos\u00e9 Antonio se unen en matrimonio, enfrentando la sociedad, las intrigas familiares y los fantasmas del pasado. Su amor, forjado en medio de la guerra y las adversidades, se convierte en la fuerza motriz que los impulsa a construir un futuro juntos. Sin embargo, tendr\u00e1n que superar pasiones y deseos que los pondr\u00e1n a prueba, y descubrir la aut\u00e9ntica importancia de la apariencia y la familia. Sangre Azul nos transporta a una \u00e9poca tumultuosa donde el amor y la valent\u00eda son puestos a prueba.<\/p>\n<p><img decoding=\"async\" loading=\"lazy\" class=\"alignnone size-full wp-image-231431\" src=\"https:\/\/www.rctvinternational.com\/wp-content\/uploads\/2020\/04\/deberias-saber-que.jpg\" alt=\"\" width=\"265\" height=\"39\" \/><\/p>\n<p>Este impactante drama televisivo recibi\u00f3 reconocimientos destacados al ser nominado para los Premios de la Asociaci\u00f3n de Cronistas de Espect\u00e1culos de Nueva York, y se alz\u00f3 victorioso en varias categor\u00edas. Los galardones incluyeron distinciones a la mejor actriz, sobresaliendo el talento interpretativo de Pierina Espa\u00f1a, y reconocimientos a la mejor coactuaci\u00f3n masculina, con un elogio especial para Jean Carlos Simancas. Adem\u00e1s, la telenovela fue honrada con el premio al mejor programa esc\u00e9nico, destacando su excepcional calidad y ejecuci\u00f3n art\u00edstica.<\/p>","protected":false},"featured_media":235711,"template":"","meta":{"_et_pb_use_builder":"","_et_pb_old_content":"","_et_gb_content_width":""},"product_cat":[22],"product_tag":[275,1028,1026,322,1024,1025,1029,1027,1023,670],"acf":[],"_links":{"self":[{"href":"https:\/\/www.rctvinternational.com\/en\/wp-json\/wp\/v2\/product\/235604"}],"collection":[{"href":"https:\/\/www.rctvinternational.com\/en\/wp-json\/wp\/v2\/product"}],"about":[{"href":"https:\/\/www.rctvinternational.com\/en\/wp-json\/wp\/v2\/types\/product"}],"wp:featuredmedia":[{"embeddable":true,"href":"https:\/\/www.rctvinternational.com\/en\/wp-json\/wp\/v2\/media\/235711"}],"wp:attachment":[{"href":"https:\/\/www.rctvinternational.com\/en\/wp-json\/wp\/v2\/media?parent=235604"}],"wp:term":[{"taxonomy":"product_cat","embeddable":true,"href":"https:\/\/www.rctvinternational.com\/en\/wp-json\/wp\/v2\/product_cat?post=235604"},{"taxonomy":"product_tag","embeddable":true,"href":"https:\/\/www.rctvinternational.com\/en\/wp-json\/wp\/v2\/product_tag?post=235604"}],"curies":[{"name":"wp","href":"https:\/\/api.w.org\/{rel}","templated":true}]}}