{"id":235603,"date":"2020-01-31T03:03:52","date_gmt":"2020-01-31T03:03:52","guid":{"rendered":"https:\/\/www.rctvinternational.com\/?post_type=product&#038;p=235603"},"modified":"2024-09-17T22:02:45","modified_gmt":"2024-09-17T22:02:45","slug":"natalia-de-8-a-9","status":"publish","type":"product","link":"https:\/\/www.rctvinternational.com\/en\/product\/natalia-de-8-a-9\/","title":{"rendered":"Natalia de 8 a 9"},"content":{"rendered":"<div style=\"width: 100%; min-height: 1px;\" id=\"vimeo-wc-video-69f1751cc6f15\" data-js=\"vimeo-wc-video\" data-atts=\"{&quot;autopause&quot;:&quot;true&quot;,&quot;autoplay&quot;:false,&quot;background&quot;:false,&quot;byline&quot;:&quot;true&quot;,&quot;color&quot;:&quot;none&quot;,&quot;controls&quot;:&quot;true&quot;,&quot;dnt&quot;:&quot;true&quot;,&quot;height&quot;:&quot;none&quot;,&quot;id&quot;:false,&quot;loop&quot;:false,&quot;maxheight&quot;:&quot;none&quot;,&quot;maxwidth&quot;:&quot;none&quot;,&quot;muted&quot;:false,&quot;pip&quot;:false,&quot;playsinline&quot;:&quot;true&quot;,&quot;portrait&quot;:&quot;true&quot;,&quot;quality&quot;:&quot;auto&quot;,&quot;responsive&quot;:&quot;true&quot;,&quot;speed&quot;:false,&quot;texttrack&quot;:&quot;none&quot;,&quot;title&quot;:&quot;true&quot;,&quot;transparent&quot;:true,&quot;url&quot;:&quot;https:\\\/\\\/vimeo.com\\\/908660510&quot;,&quot;width&quot;:&quot;none&quot;}\"><\/div>","protected":false},"excerpt":{"rendered":"<p><img decoding=\"async\" loading=\"lazy\" class=\"alignnone wp-image-236161 size-full\" src=\"https:\/\/www.rctvinternational.com\/wp-content\/uploads\/2020\/01\/Natalia-de8-a-9-serie.png\" alt=\"\" width=\"225\" height=\"300\" \/><\/p>\n<p><img decoding=\"async\" loading=\"lazy\" class=\"alignnone size-full wp-image-232350\" src=\"https:\/\/www.rctvinternational.com\/wp-content\/uploads\/2020\/10\/Sinopsis.png\" alt=\"\" width=\"125\" height=\"57\" \/><\/p>\n<p style=\"text-align: justify;\"><em>Natalia de 8 a 9<\/em> narra la historia de Natalia M\u00e1rquez De Guzm\u00e1n (<strong>Marina Baura)<\/strong>, una mujer contempor\u00e1nea, esposa y madre abnegada, cuya vida aparentemente perfecta se ve afectada por la falta de tiempo y atenci\u00f3n de su esposo, Juan Carlos Guzm\u00e1n Barreto (<strong>Gustavo Rodr\u00edguez<\/strong>) un profesor y publicista exitoso, pero\u00a0insatisfecho.<\/p>\n<p style=\"text-align: justify;\">Juan Carlos se ve inmerso en una rutina agotadora que lo lleva a enamorarse de Mariana Del Carmen Brito (<strong>Mar\u00eda Conchita Alonso<\/strong>), una joven estudiante universitaria llena de vitalidad. Cuando Natalia descubre la infidelidad de su esposo, se desencadena una serie de conflictos emocionales y tensiones familiares.<\/p>\n<p style=\"text-align: justify;\">La trama se desenvuelve en un ambiente de clase media, donde Natalia y Juan Carlos tienen una vida c\u00f3moda con sus tres hijos: Alejandra, Diego y Gustavito. A medida que la historia avanza, se exploran las vidas individuales de los hijos y c\u00f3mo se ven afectados por el desequilibrio emocional de sus padres.<\/p>\n<p style=\"text-align: justify;\">Paralelamente, la conserje del edificio, Genoveva, desempe\u00f1a un papel clave al poner a Natalia al tanto de la infidelidad de Juan Carlos. Adem\u00e1s, Jos\u00e9 Antonio, amigo de Juan Carlos, revela sus sentimientos hacia Natalia en un momento crucial de la historia.<\/p>\n<p style=\"text-align: justify;\">Juan Carlos decide divorciarse de Natalia para casarse con Mariana, lo que genera conflictos tanto en la familia de Mariana como en la cotidianidad de Natalia. Mientras tanto, Natalia comienza a reconstruir su vida, enfrentando la oferta de un nuevo pretendiente, Roberto.<\/p>\n<p style=\"text-align: justify;\">A medida que la historia se desenvuelve, los personajes principales experimentan cambios significativos en su realidad, con Natalia aprendiendo a vivir sola y Juan Carlos enfrentando las consecuencias de sus decisiones. El desenlace deja al espectador con la incertidumbre sobre el futuro de Natalia y Juan Carlos, planteando preguntas sobre el perd\u00f3n, la redenci\u00f3n y la posibilidad de un nuevo comienzo.<\/p>\n<p style=\"text-align: justify;\"><img decoding=\"async\" loading=\"lazy\" class=\"alignnone size-full wp-image-231431\" src=\"https:\/\/www.rctvinternational.com\/wp-content\/uploads\/2020\/04\/deberias-saber-que.jpg\" alt=\"\" width=\"265\" height=\"39\" \/><\/p>\n<p style=\"text-align: justify;\">La exitosa serie televisiva <em>Natalia de 8 a 9<\/em> reson\u00f3 tan profundamente con la audiencia que, en un paso audaz y emocionante, RCTV decidi\u00f3 llevarla a una versi\u00f3n en formato de pel\u00edcula para televisi\u00f3n. Esta adaptaci\u00f3n, escrita con maestr\u00eda por Rossana Negr\u00edn, se destac\u00f3 por su capacidad para capturar la esencia y la complejidad de la historia original.<\/p>\n<p style=\"text-align: justify;\">En esta versi\u00f3n cinematogr\u00e1fica, los roles protag\u00f3nicos fueron interpretados por la talentosa Ruddy Rodr\u00edguez, quien asumi\u00f3 el papel de Natalia M\u00e1rquez De Guzm\u00e1n, y Luis Fern\u00e1ndez, quien personific\u00f3 a Juan Carlos Guzm\u00e1n Barreto. La qu\u00edmica entre Rodr\u00edguez y Fern\u00e1ndez llev\u00f3 la historia a nuevas alturas, brindando una interpretaci\u00f3n convincente que cautiv\u00f3 a la audiencia y la sumergi\u00f3 nuevamente en el fascinante universo de esta trama familiar.<\/p>","protected":false},"featured_media":235689,"template":"","meta":{"_et_pb_use_builder":"","_et_pb_old_content":"","_et_gb_content_width":""},"product_cat":[22],"product_tag":[],"acf":[],"_links":{"self":[{"href":"https:\/\/www.rctvinternational.com\/en\/wp-json\/wp\/v2\/product\/235603"}],"collection":[{"href":"https:\/\/www.rctvinternational.com\/en\/wp-json\/wp\/v2\/product"}],"about":[{"href":"https:\/\/www.rctvinternational.com\/en\/wp-json\/wp\/v2\/types\/product"}],"wp:featuredmedia":[{"embeddable":true,"href":"https:\/\/www.rctvinternational.com\/en\/wp-json\/wp\/v2\/media\/235689"}],"wp:attachment":[{"href":"https:\/\/www.rctvinternational.com\/en\/wp-json\/wp\/v2\/media?parent=235603"}],"wp:term":[{"taxonomy":"product_cat","embeddable":true,"href":"https:\/\/www.rctvinternational.com\/en\/wp-json\/wp\/v2\/product_cat?post=235603"},{"taxonomy":"product_tag","embeddable":true,"href":"https:\/\/www.rctvinternational.com\/en\/wp-json\/wp\/v2\/product_tag?post=235603"}],"curies":[{"name":"wp","href":"https:\/\/api.w.org\/{rel}","templated":true}]}}