{"id":235593,"date":"2024-07-11T14:31:34","date_gmt":"2024-07-11T14:31:34","guid":{"rendered":"https:\/\/www.rctvinternational.com\/?post_type=product&#038;p=235593"},"modified":"2025-05-07T23:41:57","modified_gmt":"2025-05-07T23:41:57","slug":"ilusiones","status":"publish","type":"product","link":"https:\/\/www.rctvinternational.com\/en\/product\/ilusiones\/","title":{"rendered":"Ilusiones"},"content":{"rendered":"<div style=\"width: 100%; min-height: 1px;\" id=\"vimeo-wc-video-69f173080bece\" data-js=\"vimeo-wc-video\" data-atts=\"{&quot;autopause&quot;:&quot;true&quot;,&quot;autoplay&quot;:false,&quot;background&quot;:false,&quot;byline&quot;:&quot;true&quot;,&quot;color&quot;:&quot;none&quot;,&quot;controls&quot;:&quot;true&quot;,&quot;dnt&quot;:&quot;true&quot;,&quot;height&quot;:&quot;none&quot;,&quot;id&quot;:false,&quot;loop&quot;:false,&quot;maxheight&quot;:&quot;none&quot;,&quot;maxwidth&quot;:&quot;none&quot;,&quot;muted&quot;:false,&quot;pip&quot;:false,&quot;playsinline&quot;:&quot;true&quot;,&quot;portrait&quot;:&quot;true&quot;,&quot;quality&quot;:&quot;auto&quot;,&quot;responsive&quot;:&quot;true&quot;,&quot;speed&quot;:false,&quot;texttrack&quot;:&quot;none&quot;,&quot;title&quot;:&quot;true&quot;,&quot;transparent&quot;:true,&quot;url&quot;:&quot;https:\\\/\\\/vimeo.com\\\/542835749&quot;,&quot;width&quot;:&quot;none&quot;}\"><\/div>\n<p>&nbsp;<\/p>","protected":false},"excerpt":{"rendered":"<p><img decoding=\"async\" loading=\"lazy\" class=\"alignnone size-medium wp-image-235966\" src=\"https:\/\/www.rctvinternational.com\/wp-content\/uploads\/2024\/07\/Ilusiones-48-225x300.png\" alt=\"\" width=\"225\" height=\"300\" \/><\/p>\n<p><img decoding=\"async\" loading=\"lazy\" class=\"alignnone size-full wp-image-232350\" src=\"https:\/\/www.rctvinternational.com\/wp-content\/uploads\/2020\/10\/Sinopsis.png\" alt=\"\" width=\"125\" height=\"57\" \/><\/p>\n<p style=\"text-align: justify;\">Marisol Palacios<strong> (Crisol Carabal)<\/strong>, es una joven abogada radiante y so\u00f1adora y\u00a0Octavio C\u00e1ceres <strong>(Vicente Tepedino<\/strong>), un trabajador del puerto, de noble coraz\u00f3n se enamoran en medio de un mundo de intrigas y chantajes.<\/p>\n<p style=\"text-align: justify;\">Jimena Ferrini (<strong>Caridad Canel\u00f3n)<\/strong>,una mujer ambiciosa con una fortuna de origen il\u00edcito, conspira para chantajear al padre de Marisol, V\u00edctor<strong> (Ra\u00fal Xiqu\u00e9s)<\/strong>, un respetado congresista. Marisol, intentando proteger a su padre, es secuestrada por orden de Jimena. Sin embargo, el secuestro es frustrado por Octavio, quien la lleva un lugar seguro en una playa remota.<\/p>\n<p style=\"text-align: justify;\">La relaci\u00f3n entre Marisol y Octavio florece mientras se esconden, pero su amor se ve amenazado por las tensiones sociales y familiares. Macarena, antes mejor amiga de Marisol, se enamora de Octavio, creando una rivalidad. El padre de Marisol, V\u00edctor, rechaza a Octavio debido a las diferencias de clase, mientras que Dionisio, el hermano gemelo de Marisol, se ve envuelto en problemas de drogas.La relaci\u00f3n entre Marisol y Octavio florece mientras se esconden, pero su amor se ve amenazado por las tensiones sociales y familiares. Macarena, antes mejor amiga de Marisol, se enamora de Octavio, creando una rivalidad. El padre de Marisol, V\u00edctor, rechaza a Octavio debido a las diferencias de clase, mientras que Dionisio, el hermano gemelo de Marisol, se ve envuelto en problemas de drogas, al punto de morir a causa de una sobredosis.<\/p>\n<p style=\"text-align: justify;\">V\u00edctor, tratando de proteger a su familia, oculta la verdad y cambia el historial m\u00e9dico de Dionisio y haciendo parecer culpable a Octavio. Marisol, decidida a vengar la muerte de su hermano, se embarca en una b\u00fasqueda que la lleva a descubrir la verdad del crimen.<\/p>\n<p style=\"text-align: justify;\">La malvada Jimena aprovecha la situaci\u00f3n para separar a Marisol y Octavio, involucrando a su hijo Ricardo<strong> (Gabriel Fern\u00e1ndez) <\/strong>en el plan. Sin embargo, el amor entre Marisol y Octavio demostrar\u00e1 ser m\u00e1s fuerte que cualquier obst\u00e1culo. A medida que enfrentan la prisi\u00f3n y la conspiraci\u00f3n, luchan por reunirse y superar las barreras impuestas por la sociedad y la familia.<\/p>\n<p style=\"text-align: justify;\"><img decoding=\"async\" loading=\"lazy\" class=\"alignnone size-full wp-image-231431\" src=\"https:\/\/www.rctvinternational.com\/wp-content\/uploads\/2020\/04\/deberias-saber-que.jpg\" alt=\"\" width=\"265\" height=\"39\" \/><\/p>\n<p style=\"text-align: justify;\">\u00abIlusiones\u00bb es recordada no solo por su impactante historia de amor, sino tambi\u00e9n por la intensidad de sus escenas dram\u00e1ticas y la habilidad del elenco para transmitir las emociones de los personajes. Adem\u00e1s, la telenovela abord\u00f3 valientemente temas sociales y de clase, destacando la lucha contra las adversidades y la b\u00fasqueda del amor verdadero en medio de la injusticia y la oposici\u00f3n.<\/p>","protected":false},"featured_media":235628,"template":"","meta":{"_et_pb_use_builder":"","_et_pb_old_content":"","_et_gb_content_width":""},"product_cat":[22],"product_tag":[269,1017,1014,1022,1016,1020,1019,868,1021,1018],"acf":[],"_links":{"self":[{"href":"https:\/\/www.rctvinternational.com\/en\/wp-json\/wp\/v2\/product\/235593"}],"collection":[{"href":"https:\/\/www.rctvinternational.com\/en\/wp-json\/wp\/v2\/product"}],"about":[{"href":"https:\/\/www.rctvinternational.com\/en\/wp-json\/wp\/v2\/types\/product"}],"wp:featuredmedia":[{"embeddable":true,"href":"https:\/\/www.rctvinternational.com\/en\/wp-json\/wp\/v2\/media\/235628"}],"wp:attachment":[{"href":"https:\/\/www.rctvinternational.com\/en\/wp-json\/wp\/v2\/media?parent=235593"}],"wp:term":[{"taxonomy":"product_cat","embeddable":true,"href":"https:\/\/www.rctvinternational.com\/en\/wp-json\/wp\/v2\/product_cat?post=235593"},{"taxonomy":"product_tag","embeddable":true,"href":"https:\/\/www.rctvinternational.com\/en\/wp-json\/wp\/v2\/product_tag?post=235593"}],"curies":[{"name":"wp","href":"https:\/\/api.w.org\/{rel}","templated":true}]}}