{"id":235406,"date":"2023-10-09T14:10:57","date_gmt":"2023-10-09T14:10:57","guid":{"rendered":"https:\/\/www.rctvinternational.com\/?post_type=product&#038;p=235406"},"modified":"2025-03-25T18:36:14","modified_gmt":"2025-03-25T18:36:14","slug":"planeta-sur","status":"publish","type":"product","link":"https:\/\/www.rctvinternational.com\/en\/product\/planeta-sur\/","title":{"rendered":"Planeta Sur"},"content":{"rendered":"<div style=\"width: 100%; min-height: 1px;\" id=\"vimeo-wc-video-69fcf6680344e\" data-js=\"vimeo-wc-video\" data-atts=\"{&quot;autopause&quot;:&quot;true&quot;,&quot;autoplay&quot;:false,&quot;background&quot;:false,&quot;byline&quot;:&quot;true&quot;,&quot;color&quot;:&quot;none&quot;,&quot;controls&quot;:&quot;true&quot;,&quot;dnt&quot;:&quot;true&quot;,&quot;height&quot;:&quot;none&quot;,&quot;id&quot;:false,&quot;loop&quot;:false,&quot;maxheight&quot;:&quot;none&quot;,&quot;maxwidth&quot;:&quot;none&quot;,&quot;muted&quot;:false,&quot;pip&quot;:false,&quot;playsinline&quot;:&quot;true&quot;,&quot;portrait&quot;:&quot;true&quot;,&quot;quality&quot;:&quot;auto&quot;,&quot;responsive&quot;:&quot;true&quot;,&quot;speed&quot;:false,&quot;texttrack&quot;:&quot;none&quot;,&quot;title&quot;:&quot;true&quot;,&quot;transparent&quot;:true,&quot;url&quot;:&quot;https:\\\/\\\/vimeo.com\\\/870778856&quot;,&quot;width&quot;:&quot;none&quot;}\"><\/div>","protected":false},"excerpt":{"rendered":"<p><img decoding=\"async\" loading=\"lazy\" class=\"alignnone size-medium wp-image-235425\" src=\"https:\/\/www.rctvinternational.com\/wp-content\/uploads\/2023\/10\/Claquetas-Planeta-Sur-06-230x300.png\" alt=\"\" width=\"230\" height=\"300\" \/><\/p>\n<p><img decoding=\"async\" loading=\"lazy\" class=\"alignnone size-full wp-image-232350\" src=\"https:\/\/www.rctvinternational.com\/wp-content\/uploads\/2020\/10\/Sinopsis.png\" alt=\"\" width=\"125\" height=\"57\" \/><\/p>\n<p><strong>Planeta Sur<\/strong> es un programa de aventura que te invita a descubrir los maravillosos lugares del hemisferio sur del planeta. Acompa\u00f1a a Kive Valles y su equipo en un viaje fascinante por los paisajes m\u00e1s espectaculares, las culturas m\u00e1s diversas y las historias m\u00e1s sorprendentes de esta parte del mundo.<\/p>\n<p>Con un formato din\u00e1mico y entretenido,<strong> Planeta Sur<\/strong> te muestra im\u00e1genes impresionantes, datos curiosos y testimonios emotivos de cada destino. Cada episodio se centra en un pa\u00eds o una regi\u00f3n, explorando sus aspectos geogr\u00e1ficos, sociales, culturales y ambientales.<\/p>\n<p><strong>Planeta Sur<\/strong> es un programa para disfrutar, aprender y emocionarse con la belleza y la riqueza de nuestro planeta sur.<\/p>\n<p><img decoding=\"async\" loading=\"lazy\" class=\"alignnone size-full wp-image-231431\" src=\"https:\/\/www.rctvinternational.com\/wp-content\/uploads\/2020\/04\/deberias-saber-que.jpg\" alt=\"\" width=\"265\" height=\"39\" \/><\/p>\n<p><strong>Planeta Sur<\/strong>\u00a0es un programa de aventura que forma parte de la serie de documentales ecol\u00f3gicos de\u00a0<strong>RCTV<\/strong>, junto con el premiado y famoso\u00a0<strong>Expedici\u00f3n<\/strong>. Este programa est\u00e1 dirigido a un p\u00fablico joven y amante de la naturaleza.<\/p>\n<p>&nbsp;<\/p>","protected":false},"featured_media":235414,"template":"","meta":{"_et_pb_use_builder":"","_et_pb_old_content":"","_et_gb_content_width":""},"product_cat":[25],"product_tag":[],"acf":[],"_links":{"self":[{"href":"https:\/\/www.rctvinternational.com\/en\/wp-json\/wp\/v2\/product\/235406"}],"collection":[{"href":"https:\/\/www.rctvinternational.com\/en\/wp-json\/wp\/v2\/product"}],"about":[{"href":"https:\/\/www.rctvinternational.com\/en\/wp-json\/wp\/v2\/types\/product"}],"wp:featuredmedia":[{"embeddable":true,"href":"https:\/\/www.rctvinternational.com\/en\/wp-json\/wp\/v2\/media\/235414"}],"wp:attachment":[{"href":"https:\/\/www.rctvinternational.com\/en\/wp-json\/wp\/v2\/media?parent=235406"}],"wp:term":[{"taxonomy":"product_cat","embeddable":true,"href":"https:\/\/www.rctvinternational.com\/en\/wp-json\/wp\/v2\/product_cat?post=235406"},{"taxonomy":"product_tag","embeddable":true,"href":"https:\/\/www.rctvinternational.com\/en\/wp-json\/wp\/v2\/product_tag?post=235406"}],"curies":[{"name":"wp","href":"https:\/\/api.w.org\/{rel}","templated":true}]}}