{"id":235038,"date":"2023-06-29T21:48:00","date_gmt":"2023-06-29T21:48:00","guid":{"rendered":"https:\/\/www.rctvinternational.com\/?post_type=product&#038;p=235038"},"modified":"2025-05-07T22:45:02","modified_gmt":"2025-05-07T22:45:02","slug":"amor-infiel-los-declaro-marido-y-mujer","status":"publish","type":"product","link":"https:\/\/www.rctvinternational.com\/en\/product\/amor-infiel-los-declaro-marido-y-mujer\/","title":{"rendered":"Amor Infiel (Los declaro marido y mujer)"},"content":{"rendered":"<div style=\"width: 100%; min-height: 1px;\" id=\"vimeo-wc-video-69f447ee2f850\" data-js=\"vimeo-wc-video\" data-atts=\"{&quot;autopause&quot;:&quot;true&quot;,&quot;autoplay&quot;:false,&quot;background&quot;:false,&quot;byline&quot;:&quot;true&quot;,&quot;color&quot;:&quot;none&quot;,&quot;controls&quot;:&quot;true&quot;,&quot;dnt&quot;:&quot;true&quot;,&quot;height&quot;:&quot;none&quot;,&quot;id&quot;:false,&quot;loop&quot;:false,&quot;maxheight&quot;:&quot;none&quot;,&quot;maxwidth&quot;:&quot;none&quot;,&quot;muted&quot;:false,&quot;pip&quot;:false,&quot;playsinline&quot;:&quot;true&quot;,&quot;portrait&quot;:&quot;true&quot;,&quot;quality&quot;:&quot;auto&quot;,&quot;responsive&quot;:&quot;true&quot;,&quot;speed&quot;:false,&quot;texttrack&quot;:&quot;none&quot;,&quot;title&quot;:&quot;true&quot;,&quot;transparent&quot;:true,&quot;url&quot;:&quot;https:\\\/\\\/vimeo.com\\\/839335989&quot;,&quot;width&quot;:&quot;none&quot;}\"><\/div>\n<p>&nbsp;<\/p>","protected":false},"excerpt":{"rendered":"<p><img decoding=\"async\" loading=\"lazy\" class=\"alignnone size-medium wp-image-235060\" src=\"https:\/\/www.rctvinternational.com\/wp-content\/uploads\/2023\/06\/Amor-infiel-claqueta-05-230x300.jpg\" alt=\"\" width=\"230\" height=\"300\" \/><\/p>\n<p><img decoding=\"async\" loading=\"lazy\" class=\"alignnone size-full wp-image-232350\" src=\"https:\/\/www.rctvinternational.com\/wp-content\/uploads\/2020\/10\/Sinopsis.png\" alt=\"\" width=\"125\" height=\"57\" \/><\/p>\n<p>Cuatro maravillosas mujeres son las protagonistas de esta entramada historia: Saoia <strong>(Marjorie de Sousa),<\/strong> Elizabeth <strong>(Marlene De Andrade), <\/strong>Rebeca <strong>(Ver\u00f3nica Schneider) <\/strong>y Elo\u00edna <strong>(Christina Dieckmann).<\/strong> Cada una de ellas tiene una vida distinta, pero con algo en com\u00fan: son luchadoras que buscar\u00e1n la felicidad, tras descubrir infidelidades.<\/p>\n<p>La historia comienza cuando Saoia quien es novia de Efra\u00edn <strong>(<\/strong><strong>Carlos<\/strong><strong> Guillermo Haydon)<\/strong> descubre que su novio est\u00e1 casado con Elo\u00edna, una celosa mujer que no est\u00e1 dispuesta a perderlo.<\/p>\n<p>Mientras tanto, la relaci\u00f3n con las otras protagonistas se complica. Por ejemplo, Elizabeth, prima de Saoia y esposa de Juan Andr\u00e9s <strong>(Juan Pablo Raba) <\/strong>un apasionado publicista jefe de una agencia establecida en la isla. Elizabeth y Juan Andr\u00e9s, a pesar de tener una vida matrimonial aparentemente ideal, tienen un conflicto importante, no logran un acuerdo sobre la maternidad.<\/p>\n<p>Sin embargo, Juan Andr\u00e9s es tambi\u00e9n el jefe de Saoia y se enamora de ella en secreto.<\/p>\n<p>Por otro lado, Rebeca vive enga\u00f1ada por Gustavo (Hugo V\u00e1squez), quien le hizo creer que estaban casados legalmente, cuando en realidad fue un montaje.<\/p>\n<p><img decoding=\"async\" loading=\"lazy\" class=\"alignnone size-full wp-image-231431\" src=\"https:\/\/www.rctvinternational.com\/wp-content\/uploads\/2020\/04\/deberias-saber-que.jpg\" alt=\"\" width=\"265\" height=\"39\" \/><\/p>\n<p>Esta telenovela fue grabada en Margarita, hermosa isla de Venezuela y lugar paradisiaco donde se desarrolla gran parte de la trama. En el guion participaron varios escritores, lo que ayud\u00f3 a darle giros inesperados a cada etapa de la obra. Fue emitida en varios pa\u00edses de Europa y Am\u00e9rica, con un nivel de rating elevado. La calidad de esta producci\u00f3n la hizo acreedora de numerosos galardones entre los que destaca el de Novela del a\u00f1o, entre otros merecidos premios.<\/p>","protected":false},"featured_media":235042,"template":"","meta":{"_et_pb_use_builder":"","_et_pb_old_content":"","_et_gb_content_width":""},"product_cat":[23],"product_tag":[861,296,357,281,282,315,305],"acf":[],"_links":{"self":[{"href":"https:\/\/www.rctvinternational.com\/en\/wp-json\/wp\/v2\/product\/235038"}],"collection":[{"href":"https:\/\/www.rctvinternational.com\/en\/wp-json\/wp\/v2\/product"}],"about":[{"href":"https:\/\/www.rctvinternational.com\/en\/wp-json\/wp\/v2\/types\/product"}],"wp:featuredmedia":[{"embeddable":true,"href":"https:\/\/www.rctvinternational.com\/en\/wp-json\/wp\/v2\/media\/235042"}],"wp:attachment":[{"href":"https:\/\/www.rctvinternational.com\/en\/wp-json\/wp\/v2\/media?parent=235038"}],"wp:term":[{"taxonomy":"product_cat","embeddable":true,"href":"https:\/\/www.rctvinternational.com\/en\/wp-json\/wp\/v2\/product_cat?post=235038"},{"taxonomy":"product_tag","embeddable":true,"href":"https:\/\/www.rctvinternational.com\/en\/wp-json\/wp\/v2\/product_tag?post=235038"}],"curies":[{"name":"wp","href":"https:\/\/api.w.org\/{rel}","templated":true}]}}