{"id":234900,"date":"2023-04-18T00:07:52","date_gmt":"2023-04-18T00:07:52","guid":{"rendered":"https:\/\/www.rctvinternational.com\/?post_type=product&#038;p=234900"},"modified":"2025-05-08T00:02:15","modified_gmt":"2025-05-08T00:02:15","slug":"el-desafio","status":"publish","type":"product","link":"https:\/\/www.rctvinternational.com\/en\/product\/el-desafio\/","title":{"rendered":"El Desaf\u00edo"},"content":{"rendered":"<div style=\"width: 100%; min-height: 1px;\" id=\"vimeo-wc-video-69f1767a3715f\" data-js=\"vimeo-wc-video\" data-atts=\"{&quot;autopause&quot;:&quot;true&quot;,&quot;autoplay&quot;:false,&quot;background&quot;:false,&quot;byline&quot;:&quot;true&quot;,&quot;color&quot;:&quot;none&quot;,&quot;controls&quot;:&quot;true&quot;,&quot;dnt&quot;:&quot;true&quot;,&quot;height&quot;:&quot;none&quot;,&quot;id&quot;:false,&quot;loop&quot;:false,&quot;maxheight&quot;:&quot;none&quot;,&quot;maxwidth&quot;:&quot;none&quot;,&quot;muted&quot;:false,&quot;pip&quot;:false,&quot;playsinline&quot;:&quot;true&quot;,&quot;portrait&quot;:&quot;true&quot;,&quot;quality&quot;:&quot;auto&quot;,&quot;responsive&quot;:&quot;true&quot;,&quot;speed&quot;:false,&quot;texttrack&quot;:&quot;none&quot;,&quot;title&quot;:&quot;true&quot;,&quot;transparent&quot;:true,&quot;url&quot;:&quot;https:\\\/\\\/vimeo.com\\\/816336786&quot;,&quot;width&quot;:&quot;none&quot;}\"><\/div>\n<p>&nbsp;<\/p>","protected":false},"excerpt":{"rendered":"<p style=\"text-align: justify;\"><img decoding=\"async\" loading=\"lazy\" class=\"alignnone size-medium wp-image-234943\" src=\"http:\/\/www.rctvinternational.com\/wp-content\/uploads\/2023\/04\/El-Desafio-05-230x300.png\" alt=\"\" width=\"230\" height=\"300\" \/><\/p>\n<p style=\"text-align: justify;\"><img decoding=\"async\" loading=\"lazy\" class=\"alignnone size-full wp-image-232350\" src=\"http:\/\/www.rctvinternational.com\/wp-content\/uploads\/2020\/10\/Sinopsis.png\" alt=\"\" width=\"125\" height=\"57\" \/><\/p>\n<p style=\"text-align: justify;\">Fernanda San Vicente <strong>(Claudia Venturini), <\/strong><span style=\"font-weight: 400;\">una joven de car\u00e1cter dulce y amable, es abandonada en el altar el d\u00eda de su boda y, para agravar la situaci\u00f3n, se entera del asesinato de su padre esa misma noche. <\/span><\/p>\n<p style=\"text-align: justify;\"><span style=\"font-weight: 400;\">Estos eventos traum\u00e1ticos transforman a Fernanda, llen\u00e1ndola de amargura y resentimiento. Como resultado, su personalidad cambia dr\u00e1sticamente, y se convierte en una mujer fr\u00eda y distante que alberga un profundo odio hacia los hombres.<\/span><span style=\"font-weight: 400;\">A pesar de su dolor, Fernanda asume la responsabilidad de administrar la hacienda familiar que hered\u00f3 de su padre. Sin embargo, se enfrenta a varios desaf\u00edos, incluyendo la confrontaci\u00f3n con el capataz Aquiles Hurtado, un hombre intimidante que ejerce un control excesivo sobre la hacienda. Adem\u00e1s, tiene que lidiar con las acciones ego\u00edstas y ambiciosas de sus primos, Marilina y Federico.<\/span><\/p>\n<p style=\"text-align: justify;\"><span style=\"font-weight: 400;\">En medio de estas dificultades, Fernanda conoce a Arturo Gallardo, interpretado por <strong>Henry Soto<\/strong>. Su relaci\u00f3n comienza con hostilidad, pero a medida que se conocen, se desarrolla un romance inesperado. Fernanda, quien se hab\u00eda endurecido por sus experiencias pasadas, ahora debe enfrentar un nuevo desaf\u00edo: abrir su coraz\u00f3n al amor.<\/span><\/p>\n<p><img decoding=\"async\" loading=\"lazy\" class=\"alignnone size-full wp-image-231431\" src=\"http:\/\/www.rctvinternational.com\/wp-content\/uploads\/2020\/04\/deberias-saber-que.jpg\" alt=\"\" width=\"265\" height=\"39\" \/><\/p>\n<p>Esta telenovela creada por<strong> Salvador Garmendi<\/strong>a y <strong>Mart\u00edn Hahn<\/strong> es una versi\u00f3n que adapta la historia de La Do\u00f1a, escrita originalmente por In\u00e9s Rodena.<\/p>","protected":false},"featured_media":234901,"template":"","meta":{"_et_pb_use_builder":"","_et_pb_old_content":"","_et_gb_content_width":""},"product_cat":[22],"product_tag":[866,865,867,580,869,868],"acf":[],"_links":{"self":[{"href":"https:\/\/www.rctvinternational.com\/en\/wp-json\/wp\/v2\/product\/234900"}],"collection":[{"href":"https:\/\/www.rctvinternational.com\/en\/wp-json\/wp\/v2\/product"}],"about":[{"href":"https:\/\/www.rctvinternational.com\/en\/wp-json\/wp\/v2\/types\/product"}],"wp:featuredmedia":[{"embeddable":true,"href":"https:\/\/www.rctvinternational.com\/en\/wp-json\/wp\/v2\/media\/234901"}],"wp:attachment":[{"href":"https:\/\/www.rctvinternational.com\/en\/wp-json\/wp\/v2\/media?parent=234900"}],"wp:term":[{"taxonomy":"product_cat","embeddable":true,"href":"https:\/\/www.rctvinternational.com\/en\/wp-json\/wp\/v2\/product_cat?post=234900"},{"taxonomy":"product_tag","embeddable":true,"href":"https:\/\/www.rctvinternational.com\/en\/wp-json\/wp\/v2\/product_tag?post=234900"}],"curies":[{"name":"wp","href":"https:\/\/api.w.org\/{rel}","templated":true}]}}