{"id":234600,"date":"2023-04-13T00:57:22","date_gmt":"2023-04-13T00:57:22","guid":{"rendered":"https:\/\/www.rctvinternational.com\/?post_type=product&#038;p=234600"},"modified":"2025-05-08T00:16:28","modified_gmt":"2025-05-08T00:16:28","slug":"las-novias-del-mendigo","status":"publish","type":"product","link":"https:\/\/www.rctvinternational.com\/en\/product\/las-novias-del-mendigo\/","title":{"rendered":"Las Novias Del Mendigo"},"content":{"rendered":"<p style=\"text-align: center;\"><div style=\"width: 100%; min-height: 1px;\" id=\"vimeo-wc-video-69f175db2e5fe\" data-js=\"vimeo-wc-video\" data-atts=\"{&quot;autopause&quot;:&quot;true&quot;,&quot;autoplay&quot;:false,&quot;background&quot;:false,&quot;byline&quot;:&quot;true&quot;,&quot;color&quot;:&quot;none&quot;,&quot;controls&quot;:&quot;true&quot;,&quot;dnt&quot;:&quot;true&quot;,&quot;height&quot;:&quot;none&quot;,&quot;id&quot;:false,&quot;loop&quot;:false,&quot;maxheight&quot;:&quot;none&quot;,&quot;maxwidth&quot;:&quot;none&quot;,&quot;muted&quot;:false,&quot;pip&quot;:false,&quot;playsinline&quot;:&quot;true&quot;,&quot;portrait&quot;:&quot;true&quot;,&quot;quality&quot;:&quot;auto&quot;,&quot;responsive&quot;:&quot;true&quot;,&quot;speed&quot;:false,&quot;texttrack&quot;:&quot;none&quot;,&quot;title&quot;:&quot;true&quot;,&quot;transparent&quot;:true,&quot;url&quot;:&quot;https:\\\/\\\/vimeo.com\\\/757184157&quot;,&quot;width&quot;:&quot;none&quot;}\"><\/div><\/p>\n<p>&nbsp;<\/p>","protected":false},"excerpt":{"rendered":"<p style=\"text-align: justify;\"><img decoding=\"async\" loading=\"lazy\" class=\"alignnone size-medium wp-image-234626\" src=\"http:\/\/www.rctvinternational.com\/wp-content\/uploads\/2023\/01\/Las_Novias_del_Mendigo_claquetas_2022-237x300.png\" alt=\"\" width=\"237\" height=\"300\" \/><\/p>\n<p style=\"text-align: justify;\"><img decoding=\"async\" loading=\"lazy\" class=\"alignnone size-full wp-image-232350\" src=\"http:\/\/www.rctvinternational.com\/wp-content\/uploads\/2020\/10\/Sinopsis.png\" alt=\"\" width=\"125\" height=\"57\" \/><\/p>\n<p>Crisanto es un mendigo muy original en su apariencia, en su actuar, de forma inofensiva, el fr\u00e1gil mendigo interact\u00faa con un grupo de chicas que vienen a veranear al lugar, una poblaci\u00f3n del interior, cercana a un r\u00edo.<\/p>\n<p>El hombre se siente atra\u00eddo rom\u00e1nticamente por las j\u00f3venes a quienes trata con amabilidad rec\u00edproca. Entre las mujeres resalta Elena, quien se siente atra\u00edda por el joven Manuel, un audaz nadador apodado \u00abEl Caim\u00e1n\u00bb, por sus dotes en el agua y en las conquistas amorosas.<\/p>\n<p>Cuando Manuel muere ahogado, se convierte en la obsesi\u00f3n de Elena. La joven sufre por la desgracia, no acepta la muerte de quien fuere su anhelado amor, sin encontrar consuelo alguno que la aparte de su tristeza y nostalgia.<\/p>\n<p>De nada sirven los intentos de las otras j\u00f3venes para confortar a Elena. Crisanto, el mendigo, como un gesto de amor hacia la chica por la cual el hombre tiene mayor afecto y de quien se siente enamorado, tambi\u00e9n intenta levantar el \u00e1nimo de la muchacha que antes era tan divertida y alegre; pero su empe\u00f1o no da resultado, Elena ya no sonr\u00ede.<\/p>\n<p>Desafortunadamente, Elena, en un gesto de desesperaci\u00f3n, cree ver a su amor, Manuel, en el r\u00edo y se lanza al agua, pereciendo ahogada.<\/p>\n<p><img decoding=\"async\" loading=\"lazy\" class=\"alignnone size-full wp-image-231431\" src=\"http:\/\/www.rctvinternational.com\/wp-content\/uploads\/2020\/04\/deberias-saber-que.jpg\" alt=\"\" width=\"265\" height=\"39\" \/><\/p>\n<p style=\"text-align: justify;\">El relato en el cual se bas\u00f3 este largometraje fue publicado en la revista El Cojo Ilustrado en 1910. Esta producci\u00f3n fue hecha en las Ferias y fiestas de Tariba con el apoyo de los profesores y estudiantes de la UNET del centro de video cinematogr\u00e1fico Paramillo y fue dirigida por Tito Rojas, director de m\u00e1s de 15 exitosas telenovelas de <strong>RCTV<\/strong> entre las cuales destacan Cristal y Abiga\u00edl.<\/p>","protected":false},"featured_media":234627,"template":"","meta":{"_et_pb_use_builder":"","_et_pb_old_content":"","_et_gb_content_width":""},"product_cat":[22,24],"product_tag":[271,718,759,727,745,738],"acf":[],"_links":{"self":[{"href":"https:\/\/www.rctvinternational.com\/en\/wp-json\/wp\/v2\/product\/234600"}],"collection":[{"href":"https:\/\/www.rctvinternational.com\/en\/wp-json\/wp\/v2\/product"}],"about":[{"href":"https:\/\/www.rctvinternational.com\/en\/wp-json\/wp\/v2\/types\/product"}],"wp:featuredmedia":[{"embeddable":true,"href":"https:\/\/www.rctvinternational.com\/en\/wp-json\/wp\/v2\/media\/234627"}],"wp:attachment":[{"href":"https:\/\/www.rctvinternational.com\/en\/wp-json\/wp\/v2\/media?parent=234600"}],"wp:term":[{"taxonomy":"product_cat","embeddable":true,"href":"https:\/\/www.rctvinternational.com\/en\/wp-json\/wp\/v2\/product_cat?post=234600"},{"taxonomy":"product_tag","embeddable":true,"href":"https:\/\/www.rctvinternational.com\/en\/wp-json\/wp\/v2\/product_tag?post=234600"}],"curies":[{"name":"wp","href":"https:\/\/api.w.org\/{rel}","templated":true}]}}