{"id":234596,"date":"2023-01-24T01:41:51","date_gmt":"2023-01-24T01:41:51","guid":{"rendered":"https:\/\/www.rctvinternational.com\/?post_type=product&#038;p=234596"},"modified":"2025-05-08T00:26:54","modified_gmt":"2025-05-08T00:26:54","slug":"estrellas-sobre-el-barranco","status":"publish","type":"product","link":"https:\/\/www.rctvinternational.com\/en\/product\/estrellas-sobre-el-barranco\/","title":{"rendered":"Estrellas Sobre El Barranco"},"content":{"rendered":"<p style=\"text-align: center;\"><div style=\"width: 100%; min-height: 1px;\" id=\"vimeo-wc-video-69f1752ae7dbb\" data-js=\"vimeo-wc-video\" data-atts=\"{&quot;autopause&quot;:&quot;true&quot;,&quot;autoplay&quot;:false,&quot;background&quot;:false,&quot;byline&quot;:&quot;true&quot;,&quot;color&quot;:&quot;none&quot;,&quot;controls&quot;:&quot;true&quot;,&quot;dnt&quot;:&quot;true&quot;,&quot;height&quot;:&quot;none&quot;,&quot;id&quot;:false,&quot;loop&quot;:false,&quot;maxheight&quot;:&quot;none&quot;,&quot;maxwidth&quot;:&quot;none&quot;,&quot;muted&quot;:false,&quot;pip&quot;:false,&quot;playsinline&quot;:&quot;true&quot;,&quot;portrait&quot;:&quot;true&quot;,&quot;quality&quot;:&quot;auto&quot;,&quot;responsive&quot;:&quot;true&quot;,&quot;speed&quot;:false,&quot;texttrack&quot;:&quot;none&quot;,&quot;title&quot;:&quot;true&quot;,&quot;transparent&quot;:true,&quot;url&quot;:&quot;https:\\\/\\\/vimeo.com\\\/757169730&quot;,&quot;width&quot;:&quot;none&quot;}\"><\/div><\/p>\n<p>&nbsp;<\/p>","protected":false},"excerpt":{"rendered":"<p><img decoding=\"async\" loading=\"lazy\" class=\"alignnone size-medium wp-image-234942\" src=\"http:\/\/www.rctvinternational.com\/wp-content\/uploads\/2023\/01\/Estrellas_Sobre_el_Barranco-21-238x300.png\" alt=\"\" width=\"238\" height=\"300\" \/><\/p>\n<p><img decoding=\"async\" loading=\"lazy\" class=\"alignnone size-full wp-image-232350\" src=\"http:\/\/www.rctvinternational.com\/wp-content\/uploads\/2020\/10\/Sinopsis.png\" alt=\"\" width=\"125\" height=\"57\" \/><\/p>\n<p>Dos hermanos j\u00f3venes, Petra y Genaro, quedan hu\u00e9rfanos y deben huir de la adversidad. Viven juntos en una vivienda miserable. Petra trabaja como costurera en un taller, mientras que Genaro sufre de lepra, una enfermedad que en ese entonces se cre\u00eda err\u00f3neamente que era hereditaria.<\/p>\n<p>Antonio, el pretendiente de Petra, abandona sus intenciones matrimoniales al enterarse del mal de Genaro. Mientras tanto, Petra es acosada por su amiga y compa\u00f1era de trabajo, Josefita, para unirse a un grupo de j\u00f3venes que practican la prostituci\u00f3n bajo la gu\u00eda de \u00abla madama\u00bb. Petra se niega.<\/p>\n<p>Genaro comienza a sentirse atra\u00eddo por su hermana y un d\u00eda intenta violarla. Petra se defiende y lo golpea tan fuerte en la cabeza que le ocasiona demencia. Al final, Genaro cuestiona qu\u00e9 es el amor.<\/p>\n<p>Esta pregunta envuelve la historia desde el principio y muestra magistralmente un argumento sobre el amor y sus diferentes formas a trav\u00e9s de la trama y los personajes de los dos hermanos, impuls\u00e1ndolos a enfrentar sus propios l\u00edmites.<\/p>\n<p style=\"text-align: justify;\"><img decoding=\"async\" loading=\"lazy\" class=\"alignnone size-full wp-image-231431\" src=\"http:\/\/www.rctvinternational.com\/wp-content\/uploads\/2020\/04\/deberias-saber-que.jpg\" alt=\"\" width=\"265\" height=\"39\" \/><\/p>\n<p style=\"text-align: justify;\">Esta historia fue desarrollada a partir del cuento de R\u00f3mulo Gallegos publicado en 1913. La pel\u00edcula fue dirigida por Luis Manzo, el talentoso director de otro de nuestros \u00e9xitos: La Se\u00f1ora de C\u00e1rdenas. El elenco cuenta con Franklin Virg\u00fcez y Yajaira Orta como protagonistas. Esta pel\u00edcula fue filmada en Trujillo, espec\u00edficamente en el pueblo de Los Arangues, a 20 kil\u00f3metros de Carora.<\/p>","protected":false},"featured_media":234644,"template":"","meta":{"_et_pb_use_builder":"","_et_pb_old_content":"","_et_gb_content_width":""},"product_cat":[22,24],"product_tag":[271,744,713,727,745,746],"acf":[],"_links":{"self":[{"href":"https:\/\/www.rctvinternational.com\/en\/wp-json\/wp\/v2\/product\/234596"}],"collection":[{"href":"https:\/\/www.rctvinternational.com\/en\/wp-json\/wp\/v2\/product"}],"about":[{"href":"https:\/\/www.rctvinternational.com\/en\/wp-json\/wp\/v2\/types\/product"}],"wp:featuredmedia":[{"embeddable":true,"href":"https:\/\/www.rctvinternational.com\/en\/wp-json\/wp\/v2\/media\/234644"}],"wp:attachment":[{"href":"https:\/\/www.rctvinternational.com\/en\/wp-json\/wp\/v2\/media?parent=234596"}],"wp:term":[{"taxonomy":"product_cat","embeddable":true,"href":"https:\/\/www.rctvinternational.com\/en\/wp-json\/wp\/v2\/product_cat?post=234596"},{"taxonomy":"product_tag","embeddable":true,"href":"https:\/\/www.rctvinternational.com\/en\/wp-json\/wp\/v2\/product_tag?post=234596"}],"curies":[{"name":"wp","href":"https:\/\/api.w.org\/{rel}","templated":true}]}}