{"id":234245,"date":"2019-09-06T12:11:22","date_gmt":"2019-09-06T12:11:22","guid":{"rendered":"http:\/\/www.rctvinternational.com\/?post_type=product&#038;p=234245"},"modified":"2025-05-07T22:59:26","modified_gmt":"2025-05-07T22:59:26","slug":"el-desprecio-2006","status":"publish","type":"product","link":"https:\/\/www.rctvinternational.com\/en\/product\/el-desprecio-2006\/","title":{"rendered":"El Desprecio (2006)"},"content":{"rendered":"<div style=\"width: 100%; min-height: 1px;\" id=\"vimeo-wc-video-69e19c580279b\" data-js=\"vimeo-wc-video\" data-atts=\"{&quot;autopause&quot;:&quot;true&quot;,&quot;autoplay&quot;:false,&quot;background&quot;:false,&quot;byline&quot;:&quot;true&quot;,&quot;color&quot;:&quot;none&quot;,&quot;controls&quot;:&quot;true&quot;,&quot;dnt&quot;:&quot;true&quot;,&quot;height&quot;:&quot;none&quot;,&quot;id&quot;:false,&quot;loop&quot;:false,&quot;maxheight&quot;:&quot;none&quot;,&quot;maxwidth&quot;:&quot;none&quot;,&quot;muted&quot;:false,&quot;pip&quot;:false,&quot;playsinline&quot;:&quot;true&quot;,&quot;portrait&quot;:&quot;true&quot;,&quot;quality&quot;:&quot;auto&quot;,&quot;responsive&quot;:&quot;true&quot;,&quot;speed&quot;:false,&quot;texttrack&quot;:&quot;none&quot;,&quot;title&quot;:&quot;true&quot;,&quot;transparent&quot;:true,&quot;url&quot;:&quot;https:\\\/\\\/vimeo.com\\\/726082970&quot;,&quot;width&quot;:&quot;none&quot;}\"><\/div>\n<p>&nbsp;<\/p>","protected":false},"excerpt":{"rendered":"<p><img decoding=\"async\" loading=\"lazy\" class=\"alignnone size-medium wp-image-234283\" src=\"http:\/\/www.rctvinternational.com\/wp-content\/uploads\/2022\/08\/Claqueta_El_Desprecio2006_2022-19-229x300.png\" alt=\"\" width=\"229\" height=\"300\" \/><\/p>\n<p><img decoding=\"async\" loading=\"lazy\" class=\"alignnone size-full wp-image-232350\" src=\"http:\/\/www.rctvinternational.com\/wp-content\/uploads\/2020\/10\/Sinopsis.png\" alt=\"\" width=\"125\" height=\"57\" \/><\/p>\n<p style=\"text-align: justify;\">Clara In\u00e9s Santamar\u00eda (<strong>Flavia Gleske<\/strong>) es una joven presuntamente hu\u00e9rfana que al tratar de encontrar a su familia es v\u00edctima de una gran maldad. Tras ser criada en un orfanato, descubre que ella pertenece a una poderosa familia y emprende un viaje en b\u00fasqueda de su verdadero padre. En el camino conoce al apuesto Ra\u00fal Velandr\u00f3 Lara Portillo (<strong>Ricardo \u00c1lamo<\/strong>), quien se ofrecer\u00e1 a ayudarla y ella, sin poder evitarlo, terminar\u00e1 enamor\u00e1ndose de \u00e9l.<\/p>\n<p style=\"text-align: justify;\">El problema comenzar\u00e1 cuando conozca a la poderosa y adinerada familia de Ra\u00fal. Primero tendr\u00e1 que afrontar una dura verdad: Ra\u00fal tiene una esposa. Se trata de la caprichosa y manipuladora Tamara (<strong>M\u00f3nica Spear<\/strong>), que menospreciar\u00e1 a Clara desde el momento en que la ve y se convertir\u00e1 en su rival amoroso.<\/p>\n<p style=\"text-align: justify;\">Pero el peor maltrato lo recibir\u00e1 de Pastora Lara-Portillo de Santamar\u00eda (<strong>Fedra L\u00f3pez<\/strong>), la madre de Ra\u00fal, quien no soporta verlos juntos. Pastora es despiadada y sus acciones son motivadas por un solo objetivo: que su hijo favorito sea el \u00fanico heredero; adem\u00e1s ella desprecia profundamente a Clara, a quien considera una intrusa y un gran inconveniente para sus prop\u00f3sitos, por lo que se dedicar\u00e1 a causarle el mayor da\u00f1o posible.<\/p>\n<p style=\"text-align: justify;\">Clara In\u00e9s ser\u00e1 v\u00edctima de una incre\u00edble crueldad, incluso intentar\u00e1n asesinarla; por todo esto, la desdichada joven acumular\u00e1 un gran rencor y finalmente, se vengar\u00e1 de toda la familia.<\/p>\n<p><img decoding=\"async\" loading=\"lazy\" class=\"alignnone wp-image-231431 size-full\" src=\"http:\/\/www.rctvinternational.com\/wp-content\/uploads\/2020\/04\/deberias-saber-que.jpg\" alt=\"\" width=\"265\" height=\"39\" \/><\/p>\n<p>Esta producci\u00f3n es una nueva versi\u00f3n de la exitosa telenovela del mismo nombre que se hizo a comienzos de los a\u00f1os 90 con guion original del c\u00e9lebre escritor Julio C\u00e9sar M\u00e1rmol.<\/p>\n<p>El personaje de la villana principal, Pastora, interpretado por Fedra L\u00f3pez, dej\u00f3 una gran huella e impresi\u00f3n en la audiencia debido al nivel de maldad en su car\u00e1cter y acciones. Hasta hoy, este personaje, en su primera versi\u00f3n como en esta, representa un \u00edcono de la maldad en las telenovelas producidas por <strong>RCTV<\/strong>.<\/p>","protected":false},"featured_media":234246,"template":"","meta":{"_et_pb_use_builder":"","_et_pb_old_content":"","_et_gb_content_width":""},"product_cat":[23],"product_tag":[413,107,689,300,249],"acf":[],"_links":{"self":[{"href":"https:\/\/www.rctvinternational.com\/en\/wp-json\/wp\/v2\/product\/234245"}],"collection":[{"href":"https:\/\/www.rctvinternational.com\/en\/wp-json\/wp\/v2\/product"}],"about":[{"href":"https:\/\/www.rctvinternational.com\/en\/wp-json\/wp\/v2\/types\/product"}],"wp:featuredmedia":[{"embeddable":true,"href":"https:\/\/www.rctvinternational.com\/en\/wp-json\/wp\/v2\/media\/234246"}],"wp:attachment":[{"href":"https:\/\/www.rctvinternational.com\/en\/wp-json\/wp\/v2\/media?parent=234245"}],"wp:term":[{"taxonomy":"product_cat","embeddable":true,"href":"https:\/\/www.rctvinternational.com\/en\/wp-json\/wp\/v2\/product_cat?post=234245"},{"taxonomy":"product_tag","embeddable":true,"href":"https:\/\/www.rctvinternational.com\/en\/wp-json\/wp\/v2\/product_tag?post=234245"}],"curies":[{"name":"wp","href":"https:\/\/api.w.org\/{rel}","templated":true}]}}