{"id":234097,"date":"2022-05-26T15:54:51","date_gmt":"2022-05-26T15:54:51","guid":{"rendered":"http:\/\/www.rctvinternational.com\/?post_type=product&#038;p=234097"},"modified":"2025-03-25T18:40:54","modified_gmt":"2025-03-25T18:40:54","slug":"poniendo-la-comica","status":"publish","type":"product","link":"https:\/\/www.rctvinternational.com\/en\/product\/poniendo-la-comica\/","title":{"rendered":"Poniendo La C\u00f3mica"},"content":{"rendered":"<div style=\"width: 100%; min-height: 1px;\" id=\"vimeo-wc-video-69f7920a4ec78\" data-js=\"vimeo-wc-video\" data-atts=\"{&quot;autopause&quot;:&quot;true&quot;,&quot;autoplay&quot;:false,&quot;background&quot;:false,&quot;byline&quot;:&quot;true&quot;,&quot;color&quot;:&quot;none&quot;,&quot;controls&quot;:&quot;true&quot;,&quot;dnt&quot;:&quot;true&quot;,&quot;height&quot;:&quot;none&quot;,&quot;id&quot;:false,&quot;loop&quot;:false,&quot;maxheight&quot;:&quot;none&quot;,&quot;maxwidth&quot;:&quot;none&quot;,&quot;muted&quot;:false,&quot;pip&quot;:false,&quot;playsinline&quot;:&quot;true&quot;,&quot;portrait&quot;:&quot;true&quot;,&quot;quality&quot;:&quot;auto&quot;,&quot;responsive&quot;:&quot;true&quot;,&quot;speed&quot;:false,&quot;texttrack&quot;:&quot;none&quot;,&quot;title&quot;:&quot;true&quot;,&quot;transparent&quot;:true,&quot;url&quot;:&quot;https:\\\/\\\/vimeo.com\\\/672524129&quot;,&quot;width&quot;:&quot;none&quot;}\"><\/div>","protected":false},"excerpt":{"rendered":"<p><img decoding=\"async\" src=\"http:\/\/www.rctvinternational.com\/wp-content\/uploads\/2022\/04\/Claquetas_Pnoniendo_la_Comica-01-03-229x300.png\" \/><\/p>\n<p><img decoding=\"async\" loading=\"lazy\" class=\"alignnone wp-image-232350 size-full\" src=\"https:\/\/www.rctvinternational.com\/wp-content\/uploads\/2020\/10\/Sinopsis.png\" alt=\"\" width=\"125\" height=\"57\" \/><\/p>\n<p style=\"text-align: justify;\"><strong>Poniendo la C\u00f3mica<\/strong>, es un programa cargado con el mejor humor, donde los especialistas en chistes, los \u00abchist\u00f3logos\u00bb se juntar\u00e1n para hacer re\u00edr al televidente a carcajadas.<\/p>\n<p style=\"text-align: justify;\">Este espacio humor\u00edstico cuenta con un \u00abescuadr\u00f3n\u00bb plenamente armado de chistes, adem\u00e1s de invitados especiales que con seguridad sabr\u00e1n \u00abponer la c\u00f3mica\u00bb.<\/p>\n<p style=\"text-align: justify;\">El p\u00fablico tambi\u00e9n podr\u00e1 disfrutar con las secciones: \u00abDest\u00e1cate\u00bb, en donde se presenta un nuevo talento; \u00abRocheleando\u00bb, en donde se buscan actores y cantantes que deseen mostrar su capacidad de hacer re\u00edr, \u00abEncuestas\u00bb, para conocer cu\u00e1nto sabe la gente sobre algo y \u00abChistes en la calle\u00bb, en el que las personas tendr\u00e1n la oportunidad de mostrar sus dotes humor\u00edsticas.<\/p>\n<p><img decoding=\"async\" loading=\"lazy\" class=\"alignnone wp-image-231431 size-full\" src=\"https:\/\/www.rctvinternational.com\/wp-content\/uploads\/2020\/04\/deberias-saber-que.jpg\" alt=\"\" width=\"265\" height=\"39\" \/><\/p>\n<p>Poniendo la c\u00f3mica es una versi\u00f3n renovada del exitoso programa de los 80, Cu\u00e9ntame ese chiste, que durante a\u00f1os se mantuvo entre los m\u00e1s vistos de la televisi\u00f3n venezolana.<\/p>\n<p>Esta edici\u00f3n con nuevos segmentos r\u00e1pidamente goz\u00f3 de la preferencia en televisi\u00f3n abierta y por cable.<\/p>","protected":false},"featured_media":233610,"template":"","meta":{"_et_pb_use_builder":"","_et_pb_old_content":"","_et_gb_content_width":""},"product_cat":[25],"product_tag":[563,564,42,566,565],"acf":[],"_links":{"self":[{"href":"https:\/\/www.rctvinternational.com\/en\/wp-json\/wp\/v2\/product\/234097"}],"collection":[{"href":"https:\/\/www.rctvinternational.com\/en\/wp-json\/wp\/v2\/product"}],"about":[{"href":"https:\/\/www.rctvinternational.com\/en\/wp-json\/wp\/v2\/types\/product"}],"wp:featuredmedia":[{"embeddable":true,"href":"https:\/\/www.rctvinternational.com\/en\/wp-json\/wp\/v2\/media\/233610"}],"wp:attachment":[{"href":"https:\/\/www.rctvinternational.com\/en\/wp-json\/wp\/v2\/media?parent=234097"}],"wp:term":[{"taxonomy":"product_cat","embeddable":true,"href":"https:\/\/www.rctvinternational.com\/en\/wp-json\/wp\/v2\/product_cat?post=234097"},{"taxonomy":"product_tag","embeddable":true,"href":"https:\/\/www.rctvinternational.com\/en\/wp-json\/wp\/v2\/product_tag?post=234097"}],"curies":[{"name":"wp","href":"https:\/\/api.w.org\/{rel}","templated":true}]}}