{"id":233842,"date":"2020-04-18T22:39:28","date_gmt":"2020-04-18T22:39:28","guid":{"rendered":"http:\/\/www.rctvinternational.com\/?post_type=product&#038;p=233842"},"modified":"2024-05-10T19:09:54","modified_gmt":"2024-05-10T19:09:54","slug":"loco-video-loco","status":"publish","type":"product","link":"https:\/\/www.rctvinternational.com\/en\/product\/loco-video-loco\/","title":{"rendered":"Loco Video Loco"},"content":{"rendered":"<div style=\"width: 100%; min-height: 1px;\" id=\"vimeo-wc-video-69eb87f1c9cc7\" data-js=\"vimeo-wc-video\" data-atts=\"{&quot;autopause&quot;:&quot;true&quot;,&quot;autoplay&quot;:false,&quot;background&quot;:false,&quot;byline&quot;:&quot;true&quot;,&quot;color&quot;:&quot;none&quot;,&quot;controls&quot;:&quot;true&quot;,&quot;dnt&quot;:&quot;true&quot;,&quot;height&quot;:&quot;none&quot;,&quot;id&quot;:false,&quot;loop&quot;:false,&quot;maxheight&quot;:&quot;none&quot;,&quot;maxwidth&quot;:&quot;none&quot;,&quot;muted&quot;:false,&quot;pip&quot;:false,&quot;playsinline&quot;:&quot;true&quot;,&quot;portrait&quot;:&quot;true&quot;,&quot;quality&quot;:&quot;auto&quot;,&quot;responsive&quot;:&quot;true&quot;,&quot;speed&quot;:false,&quot;texttrack&quot;:&quot;none&quot;,&quot;title&quot;:&quot;true&quot;,&quot;transparent&quot;:true,&quot;url&quot;:&quot;https:\\\/\\\/vimeo.com\\\/709676484&quot;,&quot;width&quot;:&quot;none&quot;}\"><\/div>","protected":false},"excerpt":{"rendered":"<p><img decoding=\"async\" loading=\"lazy\" class=\"alignnone size-medium wp-image-233847\" src=\"http:\/\/www.rctvinternational.com\/wp-content\/uploads\/2022\/03\/Claqueta_VideoLoco_2022-09-229x300.png\" alt=\"\" width=\"229\" height=\"300\" \/><\/p>\n<p><img decoding=\"async\" loading=\"lazy\" class=\"alignnone size-full wp-image-232350\" src=\"http:\/\/www.rctvinternational.com\/wp-content\/uploads\/2020\/10\/Sinopsis.png\" alt=\"\" width=\"125\" height=\"57\" \/><\/p>\n<p style=\"text-align: justify;\">En este reconocido programa de c\u00e1mara escondida se toma por sorpresa a varios transe\u00fantes e incluso artistas y personajes ampliamente conocidos por todos, atrap\u00e1ndolos con acciones ocurrentes y chistosas.<\/p>\n<p style=\"text-align: justify;\">Al principio del acto, las v\u00edctimas del <strong>Loco video loco<\/strong> parecen estar en medio de lo que ser\u00edan experiencias comunes, sin saber que est\u00e1n siendo grabados.\u00a0 Pero el contexto de los acontecimientos cambia r\u00e1pidamente y se torna absurdo, generando la comedia caracter\u00edstica de cada segmento.<\/p>\n<p>En cada episodio se crean situaciones embrolladas que terminan en jocosas circunstancias, quedando el registro de las reacciones de quienes caen inadvertidos. Al final siempre se incluyen las risas de los desprevenidos, una vez enterados del enga\u00f1o.<\/p>\n<p><img decoding=\"async\" loading=\"lazy\" class=\"alignnone wp-image-231431 size-full\" src=\"http:\/\/www.rctvinternational.com\/wp-content\/uploads\/2020\/04\/deberias-saber-que.jpg\" alt=\"\" width=\"265\" height=\"39\" \/><\/p>\n<p>El contenido lleno de humor, en conjunto con las divertidas trampas y personajes que hicieron caer a las v\u00edctimas, marcaron una completa diferencia respecto a otras producciones c\u00f3micas de la televisi\u00f3n. Esto llev\u00f3 al galardonado programa a alcanzar un enorme rating y convertirse en uno de los m\u00e1s memorables programas c\u00f3micos entre los espectadores, generando numerosas risas.<\/p>","protected":false},"featured_media":233843,"template":"","meta":{"_et_pb_use_builder":"","_et_pb_old_content":"","_et_gb_content_width":""},"product_cat":[25],"product_tag":[597,598],"acf":[],"_links":{"self":[{"href":"https:\/\/www.rctvinternational.com\/en\/wp-json\/wp\/v2\/product\/233842"}],"collection":[{"href":"https:\/\/www.rctvinternational.com\/en\/wp-json\/wp\/v2\/product"}],"about":[{"href":"https:\/\/www.rctvinternational.com\/en\/wp-json\/wp\/v2\/types\/product"}],"wp:featuredmedia":[{"embeddable":true,"href":"https:\/\/www.rctvinternational.com\/en\/wp-json\/wp\/v2\/media\/233843"}],"wp:attachment":[{"href":"https:\/\/www.rctvinternational.com\/en\/wp-json\/wp\/v2\/media?parent=233842"}],"wp:term":[{"taxonomy":"product_cat","embeddable":true,"href":"https:\/\/www.rctvinternational.com\/en\/wp-json\/wp\/v2\/product_cat?post=233842"},{"taxonomy":"product_tag","embeddable":true,"href":"https:\/\/www.rctvinternational.com\/en\/wp-json\/wp\/v2\/product_tag?post=233842"}],"curies":[{"name":"wp","href":"https:\/\/api.w.org\/{rel}","templated":true}]}}