{"id":233798,"date":"2019-09-06T13:59:19","date_gmt":"2019-09-06T13:59:19","guid":{"rendered":"http:\/\/www.rctvinternational.com\/?post_type=product&#038;p=233798"},"modified":"2025-05-07T22:58:26","modified_gmt":"2025-05-07T22:58:26","slug":"te-tengo-en-salsa","status":"publish","type":"product","link":"https:\/\/www.rctvinternational.com\/en\/product\/te-tengo-en-salsa\/","title":{"rendered":"Te Tengo En Salsa"},"content":{"rendered":"<div style=\"width: 100%; min-height: 1px;\" id=\"vimeo-wc-video-69e1a204ec7b4\" data-js=\"vimeo-wc-video\" data-atts=\"{&quot;autopause&quot;:&quot;true&quot;,&quot;autoplay&quot;:false,&quot;background&quot;:false,&quot;byline&quot;:&quot;true&quot;,&quot;color&quot;:&quot;none&quot;,&quot;controls&quot;:&quot;true&quot;,&quot;dnt&quot;:&quot;true&quot;,&quot;height&quot;:&quot;none&quot;,&quot;id&quot;:false,&quot;loop&quot;:false,&quot;maxheight&quot;:&quot;none&quot;,&quot;maxwidth&quot;:&quot;none&quot;,&quot;muted&quot;:false,&quot;pip&quot;:false,&quot;playsinline&quot;:&quot;true&quot;,&quot;portrait&quot;:&quot;true&quot;,&quot;quality&quot;:&quot;auto&quot;,&quot;responsive&quot;:&quot;true&quot;,&quot;speed&quot;:false,&quot;texttrack&quot;:&quot;none&quot;,&quot;title&quot;:&quot;true&quot;,&quot;transparent&quot;:true,&quot;url&quot;:&quot;https:\\\/\\\/vimeo.com\\\/696252234&quot;,&quot;width&quot;:&quot;none&quot;}\"><\/div>\n<p>&nbsp;<\/p>","protected":false},"excerpt":{"rendered":"<p><img decoding=\"async\" loading=\"lazy\" class=\"alignnone size-medium wp-image-234004\" src=\"http:\/\/www.rctvinternational.com\/wp-content\/uploads\/2022\/04\/TE-TENGO-EN-SALSA-01-229x300.png\" alt=\"\" width=\"229\" height=\"300\" \/><\/p>\n<p><img decoding=\"async\" loading=\"lazy\" class=\"alignnone size-full wp-image-232350\" src=\"http:\/\/www.rctvinternational.com\/wp-content\/uploads\/2020\/10\/Sinopsis.png\" alt=\"\" width=\"125\" height=\"57\" \/><\/p>\n<p style=\"text-align: justify;\">Esta historia se cuece al calor de las brasas de un famoso restaurante\u2026 Adriana Palacios Guill\u00e9n(Estefan\u00eda L\u00f3pez) es una apasionada estudiante de cocina, proveniente de una humilde familia. Su vida se complica cuando Patricia, su alocada hermana menor, decide dar en adopci\u00f3n a su peque\u00f1a hija para poder marcharse de la ciudad, pues podr\u00eda ser implicada en un homicidio.<\/p>\n<p style=\"text-align: justify;\">Adriana decide quedarse con la ni\u00f1a y buscar al ausente y desconocido padre. As\u00ed que busca empleo en \u00abDa Perroni\u00bb, el restaurante del supuesto padre de su sobrina Tatiana. Sin embargo, queda sorprendida al conocer a CR Perroni, un sujeto obeso y malhumorado, que no concuerda con el gal\u00e1n descrito por su hermana.<\/p>\n<p style=\"text-align: justify;\">Con el pasar del tiempo, crece en ella el respeto y la admiraci\u00f3n por el magn\u00edfico chef, ya que descubre que detr\u00e1s del excesivo sobrepeso de este hombre se oculta un ser humano fascinante. \u00c9l, por su parte, queda prendado de la joven, pero la su percepci\u00f3n sobre su propio f\u00edsico le impide dar un paso de acercamiento.<\/p>\n<p style=\"text-align: justify;\">La situaci\u00f3n se complica cuando la aprendiz conoce al otro CR Perroni, quien definitivamente si corresponde con la descripci\u00f3n de su hermana. El apuesto y seductor, Carlos Ra\u00fal (<strong>Luciano D&#8217;Alessandro<\/strong>), tambi\u00e9n queda impactado con Adriana y decide seducirla, lo que provoca los celos de su hermano C\u00e9sar Rom\u00e1n (<strong>Eduardo Orozco<\/strong>).<\/p>\n<p style=\"text-align: justify;\">Ahora que Adriana cree haber aclarado el misterio, descubre que los hermanos creen que su hermana es una \u00abramera\u00bb y para vengarse decide jugar con ellos y enfrentarlos por su amor. Cada uno intentar\u00e1 usar sus mejores armas para conquistarla. Innumerables situaciones jocosas y torpes se suscitar\u00e1n y para complicar el panorama, Patricia regresa y aparecer\u00e1n nuevos e importantes personajes que le pondr\u00e1n mayor saz\u00f3n a esta salsa.<\/p>\n<p style=\"text-align: left;\"><img decoding=\"async\" loading=\"lazy\" class=\"alignnone wp-image-231431 size-full\" src=\"http:\/\/www.rctvinternational.com\/wp-content\/uploads\/2020\/04\/deberias-saber-que.jpg\" alt=\"\" width=\"265\" height=\"39\" \/><\/p>\n<p style=\"text-align: left;\"><strong>Te tengo en salsa<\/strong> fue transmitida en m\u00e1s de 15 pa\u00edses, incluyendo Rusia, Croacia y Ucrania, con excelente rendimiento y un desempe\u00f1o destacado en Ecuador, donde fue transmitida por Ecuavisa.<\/p>","protected":false},"featured_media":233799,"template":"","meta":{"_et_pb_use_builder":"","_et_pb_old_content":"","_et_gb_content_width":""},"product_cat":[23],"product_tag":[595,596,318,593,594,592],"acf":[],"_links":{"self":[{"href":"https:\/\/www.rctvinternational.com\/en\/wp-json\/wp\/v2\/product\/233798"}],"collection":[{"href":"https:\/\/www.rctvinternational.com\/en\/wp-json\/wp\/v2\/product"}],"about":[{"href":"https:\/\/www.rctvinternational.com\/en\/wp-json\/wp\/v2\/types\/product"}],"wp:featuredmedia":[{"embeddable":true,"href":"https:\/\/www.rctvinternational.com\/en\/wp-json\/wp\/v2\/media\/233799"}],"wp:attachment":[{"href":"https:\/\/www.rctvinternational.com\/en\/wp-json\/wp\/v2\/media?parent=233798"}],"wp:term":[{"taxonomy":"product_cat","embeddable":true,"href":"https:\/\/www.rctvinternational.com\/en\/wp-json\/wp\/v2\/product_cat?post=233798"},{"taxonomy":"product_tag","embeddable":true,"href":"https:\/\/www.rctvinternational.com\/en\/wp-json\/wp\/v2\/product_tag?post=233798"}],"curies":[{"name":"wp","href":"https:\/\/api.w.org\/{rel}","templated":true}]}}