{"id":233602,"date":"2021-01-11T21:31:52","date_gmt":"2021-01-11T21:31:52","guid":{"rendered":"http:\/\/www.rctvintl.com\/?post_type=product&#038;p=233602"},"modified":"2024-05-10T19:17:29","modified_gmt":"2024-05-10T19:17:29","slug":"reto-extremo","status":"publish","type":"product","link":"https:\/\/www.rctvinternational.com\/en\/product\/reto-extremo\/","title":{"rendered":"Reto Extremo"},"content":{"rendered":"<div style=\"width: 100%; min-height: 1px;\" id=\"vimeo-wc-video-69fcca33cd87d\" data-js=\"vimeo-wc-video\" data-atts=\"{&quot;autopause&quot;:&quot;true&quot;,&quot;autoplay&quot;:false,&quot;background&quot;:false,&quot;byline&quot;:&quot;true&quot;,&quot;color&quot;:&quot;none&quot;,&quot;controls&quot;:&quot;true&quot;,&quot;dnt&quot;:&quot;true&quot;,&quot;height&quot;:&quot;none&quot;,&quot;id&quot;:false,&quot;loop&quot;:false,&quot;maxheight&quot;:&quot;none&quot;,&quot;maxwidth&quot;:&quot;none&quot;,&quot;muted&quot;:false,&quot;pip&quot;:false,&quot;playsinline&quot;:&quot;true&quot;,&quot;portrait&quot;:&quot;true&quot;,&quot;quality&quot;:&quot;auto&quot;,&quot;responsive&quot;:&quot;true&quot;,&quot;speed&quot;:false,&quot;texttrack&quot;:&quot;none&quot;,&quot;title&quot;:&quot;true&quot;,&quot;transparent&quot;:true,&quot;url&quot;:&quot;https:\\\/\\\/vimeo.com\\\/672525074&quot;,&quot;width&quot;:&quot;none&quot;}\"><\/div>","protected":false},"excerpt":{"rendered":"<p style=\"text-align: justify;\"><img decoding=\"async\" loading=\"lazy\" class=\"alignnone size-medium wp-image-233856\" src=\"http:\/\/www.rctvinternational.com\/wp-content\/uploads\/2022\/03\/Claquetas_2022-02-229x300.png\" alt=\"\" width=\"229\" height=\"300\" \/><\/p>\n<p style=\"text-align: justify;\"><strong><img decoding=\"async\" loading=\"lazy\" class=\"alignnone wp-image-232350 size-full\" src=\"https:\/\/www.rctvinternational.com\/wp-content\/uploads\/2020\/10\/Sinopsis.png\" alt=\"\" width=\"125\" height=\"57\" \/><\/strong><\/p>\n<p style=\"text-align: justify;\"><strong>Reto extremo<\/strong>, conducido por <strong>Cynthia Lander<\/strong>,\u00a0pone a prueba las habilidades, resistencia f\u00edsica y la inteligencia de los participantes. Es una explosi\u00f3n de adrenalina que experimentan concursantes y audiencia ante los dif\u00edciles desaf\u00edos por resolver y la gran rivalidad que se genera entre los competidores.<\/p>\n<p style=\"text-align: justify;\">Son dos equipos conformados por tres participantes cada uno. De acuerdo al tipo de prueba, entre ellos\u00a0 escogen al representante con las habilidades espec\u00edficas para superar al grupo contrario. En esta suerte de supervivencia del m\u00e1s apto, la agilidad mental, la fuerza f\u00edsica, la capacidad de mantenerse enfocado y la uni\u00f3n entre los integrantes es determinante para alcanzar la victoria.<\/p>\n<p style=\"text-align: justify;\">Las competencias se efect\u00faan al aire libre, generalmente en escenarios naturales de gran belleza como la playa o la monta\u00f1a.<\/p>\n<p><img decoding=\"async\" loading=\"lazy\" class=\"alignnone wp-image-231431 size-full\" src=\"https:\/\/www.rctvinternational.com\/wp-content\/uploads\/2020\/04\/deberias-saber-que.jpg\" alt=\"\" width=\"265\" height=\"39\" \/><\/p>\n<p>Este programa de concurso, que goz\u00f3 de muy buena aceptaci\u00f3n en las cableras de Venezuela, est\u00e1 disponible en plataformas de <em>streaming<\/em>, espec\u00edficamente en Tubi TV y RIIVI.<\/p>","protected":false},"featured_media":233855,"template":"","meta":{"_et_pb_use_builder":"","_et_pb_old_content":"","_et_gb_content_width":""},"product_cat":[25],"product_tag":[578,557,360,556],"acf":[],"_links":{"self":[{"href":"https:\/\/www.rctvinternational.com\/en\/wp-json\/wp\/v2\/product\/233602"}],"collection":[{"href":"https:\/\/www.rctvinternational.com\/en\/wp-json\/wp\/v2\/product"}],"about":[{"href":"https:\/\/www.rctvinternational.com\/en\/wp-json\/wp\/v2\/types\/product"}],"wp:featuredmedia":[{"embeddable":true,"href":"https:\/\/www.rctvinternational.com\/en\/wp-json\/wp\/v2\/media\/233855"}],"wp:attachment":[{"href":"https:\/\/www.rctvinternational.com\/en\/wp-json\/wp\/v2\/media?parent=233602"}],"wp:term":[{"taxonomy":"product_cat","embeddable":true,"href":"https:\/\/www.rctvinternational.com\/en\/wp-json\/wp\/v2\/product_cat?post=233602"},{"taxonomy":"product_tag","embeddable":true,"href":"https:\/\/www.rctvinternational.com\/en\/wp-json\/wp\/v2\/product_tag?post=233602"}],"curies":[{"name":"wp","href":"https:\/\/api.w.org\/{rel}","templated":true}]}}