{"id":233274,"date":"2019-04-11T18:21:49","date_gmt":"2019-04-11T18:21:49","guid":{"rendered":"http:\/\/www.rctvinternational.com\/?post_type=product&#038;p=233274"},"modified":"2025-03-25T18:53:47","modified_gmt":"2025-03-25T18:53:47","slug":"emilio-punto-combo","status":"publish","type":"product","link":"https:\/\/www.rctvinternational.com\/en\/product\/emilio-punto-combo\/","title":{"rendered":"Emilio Punto Combo"},"content":{"rendered":"<div style=\"width: 100%; min-height: 1px;\" id=\"vimeo-wc-video-69eb9f6c99446\" data-js=\"vimeo-wc-video\" data-atts=\"{&quot;autopause&quot;:&quot;true&quot;,&quot;autoplay&quot;:false,&quot;background&quot;:false,&quot;byline&quot;:&quot;true&quot;,&quot;color&quot;:&quot;none&quot;,&quot;controls&quot;:&quot;true&quot;,&quot;dnt&quot;:&quot;true&quot;,&quot;height&quot;:&quot;none&quot;,&quot;id&quot;:false,&quot;loop&quot;:false,&quot;maxheight&quot;:&quot;none&quot;,&quot;maxwidth&quot;:&quot;none&quot;,&quot;muted&quot;:false,&quot;pip&quot;:false,&quot;playsinline&quot;:&quot;true&quot;,&quot;portrait&quot;:&quot;true&quot;,&quot;quality&quot;:&quot;auto&quot;,&quot;responsive&quot;:&quot;true&quot;,&quot;speed&quot;:false,&quot;texttrack&quot;:&quot;none&quot;,&quot;title&quot;:&quot;true&quot;,&quot;transparent&quot;:true,&quot;url&quot;:&quot;https:\\\/\\\/vimeo.com\\\/683941437&quot;,&quot;width&quot;:&quot;none&quot;}\"><\/div>","protected":false},"excerpt":{"rendered":"<p style=\"text-align: justify;\"><img decoding=\"async\" loading=\"lazy\" class=\"size-medium wp-image-233460 alignnone\" src=\"http:\/\/www.rctvinternational.com\/wp-content\/uploads\/2021\/10\/claquetas-Emilio-43-225x300.png\" alt=\"\" width=\"225\" height=\"300\" \/><\/p>\n<p style=\"text-align: justify;\"><img decoding=\"async\" loading=\"lazy\" class=\"alignnone wp-image-232350 size-full\" src=\"http:\/\/www.rctvinternational.com\/wp-content\/uploads\/2020\/10\/Sinopsis.png\" alt=\"\" width=\"125\" height=\"57\" \/><\/p>\n<p>Se trata de una serie humor\u00edstica con dos escenarios de desarrollo. En el primero se da cuenta de las situaciones que surgen cuando tres hombres, entre ellos un \u2018bueno para nada\u2019 decide ir a vivir con su pap\u00e1 en el peque\u00f1o apartamento de soltero de uno de sus amigos.<\/p>\n<p>La convivencia del tr\u00edo se convierte en un sinf\u00edn de enredos que te provocar\u00e1 re\u00edr sin parar. Mientras las carcajadas no se detendr\u00e1n con \u201cChepina\u00a0Viloria\u201d es una particular y colorida \u201cama de casa\u201d interpretada por el gran humorista e imitador Emilio Lovera.<\/p>\n<p>Chepina solo tiene vida para hablar mal de su esposo a quien llama \u201cel perro e\u00b4Chac\u00f3n\u201d. Las risas que provoca la rutina de una mujer con un particular modo de contar su historia.<\/p>\n<p><img decoding=\"async\" loading=\"lazy\" class=\"wp-image-231431 size-full alignleft\" src=\"http:\/\/www.rctvinternational.com\/wp-content\/uploads\/2020\/04\/deberias-saber-que.jpg\" alt=\"\" width=\"265\" height=\"39\" \/><\/p>\n<p>&nbsp;<\/p>\n<p style=\"text-align: justify;\">Emilio Lovera, uno de los m\u00e1s grandes humoristas en la historia de la comicidad venezolana, tambi\u00e9n es locutor, escritor y cantante. En 1986 particip\u00f3 como guionista y actor en la serie c\u00f3mica Kiko Botones, supervisada y protagonizada por el actor mexicano Carlos Villagr\u00e1n. En esa serie, Lovera interpret\u00f3 a Abel Boy uno de los amigos de Kiko.<\/p>\n<p style=\"text-align: justify;\">Este programa puede ser visualizado en toda Am\u00e9rica en <em>streaming<\/em>, a trav\u00e9s de Tubi TV.<\/p>","protected":false},"featured_media":233275,"template":"","meta":{"_et_pb_use_builder":"","_et_pb_old_content":"","_et_gb_content_width":""},"product_cat":[25],"product_tag":[524,523,360,388],"acf":[],"_links":{"self":[{"href":"https:\/\/www.rctvinternational.com\/en\/wp-json\/wp\/v2\/product\/233274"}],"collection":[{"href":"https:\/\/www.rctvinternational.com\/en\/wp-json\/wp\/v2\/product"}],"about":[{"href":"https:\/\/www.rctvinternational.com\/en\/wp-json\/wp\/v2\/types\/product"}],"wp:featuredmedia":[{"embeddable":true,"href":"https:\/\/www.rctvinternational.com\/en\/wp-json\/wp\/v2\/media\/233275"}],"wp:attachment":[{"href":"https:\/\/www.rctvinternational.com\/en\/wp-json\/wp\/v2\/media?parent=233274"}],"wp:term":[{"taxonomy":"product_cat","embeddable":true,"href":"https:\/\/www.rctvinternational.com\/en\/wp-json\/wp\/v2\/product_cat?post=233274"},{"taxonomy":"product_tag","embeddable":true,"href":"https:\/\/www.rctvinternational.com\/en\/wp-json\/wp\/v2\/product_tag?post=233274"}],"curies":[{"name":"wp","href":"https:\/\/api.w.org\/{rel}","templated":true}]}}