{"id":233220,"date":"2019-04-09T14:33:44","date_gmt":"2019-04-09T14:33:44","guid":{"rendered":"http:\/\/www.rctvinternational.com\/?post_type=product&#038;p=233220"},"modified":"2025-03-27T15:32:24","modified_gmt":"2025-03-27T15:32:24","slug":"tukiti","status":"publish","type":"product","link":"https:\/\/www.rctvinternational.com\/en\/product\/tukiti\/","title":{"rendered":"T\u00fakiti"},"content":{"rendered":"<div style=\"width: 100%; min-height: 1px;\" id=\"vimeo-wc-video-69f48321a1e5f\" data-js=\"vimeo-wc-video\" data-atts=\"{&quot;autopause&quot;:&quot;true&quot;,&quot;autoplay&quot;:false,&quot;background&quot;:false,&quot;byline&quot;:&quot;true&quot;,&quot;color&quot;:&quot;none&quot;,&quot;controls&quot;:&quot;true&quot;,&quot;dnt&quot;:&quot;true&quot;,&quot;height&quot;:&quot;none&quot;,&quot;id&quot;:false,&quot;loop&quot;:false,&quot;maxheight&quot;:&quot;none&quot;,&quot;maxwidth&quot;:&quot;none&quot;,&quot;muted&quot;:false,&quot;pip&quot;:false,&quot;playsinline&quot;:&quot;true&quot;,&quot;portrait&quot;:&quot;true&quot;,&quot;quality&quot;:&quot;auto&quot;,&quot;responsive&quot;:&quot;true&quot;,&quot;speed&quot;:false,&quot;texttrack&quot;:&quot;none&quot;,&quot;title&quot;:&quot;true&quot;,&quot;transparent&quot;:true,&quot;url&quot;:&quot;https:\\\/\\\/vimeo.com\\\/574155133&quot;,&quot;width&quot;:&quot;none&quot;}\"><\/div>","protected":false},"excerpt":{"rendered":"<p><img decoding=\"async\" loading=\"lazy\" class=\"alignnone size-medium wp-image-233225\" src=\"http:\/\/www.rctvinternational.com\/wp-content\/uploads\/2021\/07\/claquetas-tukiti-225x300.png\" alt=\"\" width=\"225\" height=\"300\" \/><\/p>\n<p><img decoding=\"async\" loading=\"lazy\" class=\"alignnone size-full wp-image-232350\" src=\"http:\/\/www.rctvinternational.com\/wp-content\/uploads\/2020\/10\/Sinopsis.png\" alt=\"\" width=\"125\" height=\"57\" \/><\/p>\n<p style=\"text-align: justify;\">Antonio (<strong>Eugenio Keller<\/strong>) es un muchacho que atraviesa por dificultades t\u00edpicas de la etapa de la adolescencia, tiene bajas calificaciones en el colegio, la relaci\u00f3n con su mam\u00e1 no es muy buena y pelea constantemente con su hermano menor a quien debe cuidar y sacrificar tiempo para compartir con sus amistades.<\/p>\n<p style=\"text-align: justify;\">Wendy (<strong>Mar\u00eda Gabriela de Far\u00eda<\/strong>), su mejor amiga, est\u00e1 enamorada de \u00e9l, pero no lo nota, pues solo piensa en Amaranta la chica m\u00e1s popular del colegio. Jefferson es el mejor amigo de Antonio y tambi\u00e9n se desvive por Amaranta, pero ese detalle no se interpone a la hermandad que existe entre ambos j\u00f3venes. Ellos est\u00e1n conscientes de que Amaranta est\u00e1 fuera de su alcance y deciden intentar con otras chicas, aunque con muy poca suerte. Entretanto, Wendy mantiene en secreto lo que siente por Antonio.<\/p>\n<p style=\"text-align: justify;\">Mildred (<strong>Dexiree Bandes<\/strong>) es la mam\u00e1 de Antonio. Hermosa, trabajadora y soltera, hace su mejor esfuerzo por darles la mejor educaci\u00f3n a sus hijos, para eso debe soportar un constante acoso laboral. Pipo es el hermano menor de Antonio. Es un chiquillo muy despierto que genera continuos conflictos entre ellos, a pesar de la marcada diferencia de edades.<\/p>\n<p><img decoding=\"async\" loading=\"lazy\" class=\"alignnone wp-image-231431 size-full\" src=\"http:\/\/www.rctvinternational.com\/wp-content\/uploads\/2020\/04\/deberias-saber-que.jpg\" alt=\"\" width=\"265\" height=\"39\" \/><\/p>\n<p style=\"text-align: justify;\">Esta serie de <strong>RCTV<\/strong> capt\u00f3 la atenci\u00f3n del p\u00fablico juvenil en Venezuela, gran parte de Latinoam\u00e9rica y los Estados Unidos. El p\u00fablico joven de Bulgaria disfrut\u00f3 enormemente las incidencias de los adolescentes en <strong>Tukiti<\/strong>.<\/p>","protected":false},"featured_media":233221,"template":"","meta":{"_et_pb_use_builder":"","_et_pb_old_content":"","_et_gb_content_width":""},"product_cat":[27],"product_tag":[512,510,511,388,509],"acf":[],"_links":{"self":[{"href":"https:\/\/www.rctvinternational.com\/en\/wp-json\/wp\/v2\/product\/233220"}],"collection":[{"href":"https:\/\/www.rctvinternational.com\/en\/wp-json\/wp\/v2\/product"}],"about":[{"href":"https:\/\/www.rctvinternational.com\/en\/wp-json\/wp\/v2\/types\/product"}],"wp:featuredmedia":[{"embeddable":true,"href":"https:\/\/www.rctvinternational.com\/en\/wp-json\/wp\/v2\/media\/233221"}],"wp:attachment":[{"href":"https:\/\/www.rctvinternational.com\/en\/wp-json\/wp\/v2\/media?parent=233220"}],"wp:term":[{"taxonomy":"product_cat","embeddable":true,"href":"https:\/\/www.rctvinternational.com\/en\/wp-json\/wp\/v2\/product_cat?post=233220"},{"taxonomy":"product_tag","embeddable":true,"href":"https:\/\/www.rctvinternational.com\/en\/wp-json\/wp\/v2\/product_tag?post=233220"}],"curies":[{"name":"wp","href":"https:\/\/api.w.org\/{rel}","templated":true}]}}