{"id":232401,"date":"2020-01-01T17:59:36","date_gmt":"2020-01-01T17:59:36","guid":{"rendered":"http:\/\/www.rctvintl.com\/?post_type=product&#038;p=232401"},"modified":"2025-05-08T00:32:23","modified_gmt":"2025-05-08T00:32:23","slug":"volver-a-vivir","status":"publish","type":"product","link":"https:\/\/www.rctvinternational.com\/en\/product\/volver-a-vivir\/","title":{"rendered":"Volver A Vivir"},"content":{"rendered":"<div style=\"width: 100%; min-height: 1px;\" id=\"vimeo-wc-video-69fb6cace690d\" data-js=\"vimeo-wc-video\" data-atts=\"{&quot;autopause&quot;:&quot;true&quot;,&quot;autoplay&quot;:false,&quot;background&quot;:false,&quot;byline&quot;:&quot;true&quot;,&quot;color&quot;:&quot;none&quot;,&quot;controls&quot;:&quot;true&quot;,&quot;dnt&quot;:&quot;true&quot;,&quot;height&quot;:&quot;none&quot;,&quot;id&quot;:false,&quot;loop&quot;:false,&quot;maxheight&quot;:&quot;none&quot;,&quot;maxwidth&quot;:&quot;none&quot;,&quot;muted&quot;:false,&quot;pip&quot;:false,&quot;playsinline&quot;:&quot;true&quot;,&quot;portrait&quot;:&quot;true&quot;,&quot;quality&quot;:&quot;auto&quot;,&quot;responsive&quot;:&quot;true&quot;,&quot;speed&quot;:false,&quot;texttrack&quot;:&quot;none&quot;,&quot;title&quot;:&quot;true&quot;,&quot;transparent&quot;:true,&quot;url&quot;:&quot;https:\\\/\\\/vimeo.com\\\/870817282&quot;,&quot;width&quot;:&quot;none&quot;}\"><\/div>\n<p>&nbsp;<\/p>","protected":false},"excerpt":{"rendered":"<p><img decoding=\"async\" loading=\"lazy\" class=\"alignnone wp-image-232548 size-medium\" src=\"https:\/\/www.rctvinternational.com\/wp-content\/uploads\/2020\/11\/Claquetas-volver-avivir-07-1-240x300.png\" alt=\"\" width=\"240\" height=\"300\" \/><\/p>\n<p style=\"text-align: justify;\"><img decoding=\"async\" loading=\"lazy\" class=\"alignnone wp-image-232350 size-full\" src=\"https:\/\/www.rctvinternational.com\/wp-content\/uploads\/2020\/10\/Sinopsis.png\" alt=\"\" width=\"125\" height=\"57\" \/><\/p>\n<p style=\"text-align: justify;\">Carmen Teresa (<strong>Gledys Ibarra<\/strong>) dif\u00edcilmente encuentra palabras para describir el dolor que siente despu\u00e9s de darse cuenta de las infidelidades de su esposo Miguel \u00c1ngel (<strong>Carlos C\u00e1mara<\/strong>), luego de nueve a\u00f1os de matrimonio.<\/p>\n<p style=\"text-align: justify;\">Y es que el suministro de confianza necesario para continuar con la relaci\u00f3n parece hab\u00e9rsele agotado a Carmen, pero plantearse un nuevo comienzo desde cero y retomar algunos planes dejados en el pasado, tampoco se torna f\u00e1cil.<\/p>\n<p style=\"text-align: justify;\">Las controversias no se hacen esperar. Sus padres insisten en que ella debe regresar a su casa, con su esposo. Sin embargo a su alrededor abundan los modelos de relaciones fallidas como el de su hermana Libertad con Aberlardo.<\/p>\n<p style=\"text-align: justify;\">Pero justo cuando est\u00e1 por darse por vencida, Carmen encuentra la inspiraci\u00f3n necesaria en una vieja amiga, que experiment\u00f3 una situaci\u00f3n similar, pero logr\u00f3 emprender y salir adelante.<\/p>\n<p style=\"text-align: justify;\">A pesar de su determinaci\u00f3n, se da cuenta que para alcanzar la meta de atravesar un camino tortuoso, lleno de humillaciones, desenga\u00f1os y altibajos; un camino en el que su esposo insistir\u00e1 en rehacer sus vidas a pesar del enga\u00f1o, un camino que deber\u00e1 cruzar si en realidad desea <strong>volver a vivir<\/strong>.<\/p>\n<p><img decoding=\"async\" loading=\"lazy\" class=\"alignleft wp-image-231431 size-full\" src=\"https:\/\/www.rctvinternational.com\/wp-content\/uploads\/2020\/04\/deberias-saber-que.jpg\" alt=\"\" width=\"265\" height=\"39\" \/><\/p>\n<p>&nbsp;<\/p>\n<p style=\"text-align: justify;\">Esta telenovela tuvo una gran acogida por parte del p\u00fablico centroamericano, especialmente de Guatemala, Nicaragua, El Salvador y Honduras. De all\u00ed parti\u00f3 al mercado europeo a pa\u00edses como: Alemania, Francia e Italia, para entrar con fuerza por la puerta grande de los Estados Unidos.<\/p>","protected":false},"featured_media":232536,"template":"","meta":{"_et_pb_use_builder":"","_et_pb_old_content":"","_et_gb_content_width":""},"product_cat":[22],"product_tag":[429,428,388],"acf":[],"_links":{"self":[{"href":"https:\/\/www.rctvinternational.com\/en\/wp-json\/wp\/v2\/product\/232401"}],"collection":[{"href":"https:\/\/www.rctvinternational.com\/en\/wp-json\/wp\/v2\/product"}],"about":[{"href":"https:\/\/www.rctvinternational.com\/en\/wp-json\/wp\/v2\/types\/product"}],"wp:featuredmedia":[{"embeddable":true,"href":"https:\/\/www.rctvinternational.com\/en\/wp-json\/wp\/v2\/media\/232536"}],"wp:attachment":[{"href":"https:\/\/www.rctvinternational.com\/en\/wp-json\/wp\/v2\/media?parent=232401"}],"wp:term":[{"taxonomy":"product_cat","embeddable":true,"href":"https:\/\/www.rctvinternational.com\/en\/wp-json\/wp\/v2\/product_cat?post=232401"},{"taxonomy":"product_tag","embeddable":true,"href":"https:\/\/www.rctvinternational.com\/en\/wp-json\/wp\/v2\/product_tag?post=232401"}],"curies":[{"name":"wp","href":"https:\/\/api.w.org\/{rel}","templated":true}]}}