{"id":232393,"date":"2020-03-19T20:06:40","date_gmt":"2020-03-19T20:06:40","guid":{"rendered":"http:\/\/www.rctvintl.com\/?post_type=product&#038;p=232393"},"modified":"2025-05-08T00:29:44","modified_gmt":"2025-05-08T00:29:44","slug":"maria-de-los-angeles","status":"publish","type":"product","link":"https:\/\/www.rctvinternational.com\/en\/product\/maria-de-los-angeles\/","title":{"rendered":"Mar\u00eda De Los \u00c1ngeles"},"content":{"rendered":"<p style=\"text-align: center;\"><div style=\"width: 100%; min-height: 1px;\" id=\"vimeo-wc-video-69f175ed9dee9\" data-js=\"vimeo-wc-video\" data-atts=\"{&quot;autopause&quot;:&quot;true&quot;,&quot;autoplay&quot;:false,&quot;background&quot;:false,&quot;byline&quot;:&quot;true&quot;,&quot;color&quot;:&quot;none&quot;,&quot;controls&quot;:&quot;true&quot;,&quot;dnt&quot;:&quot;true&quot;,&quot;height&quot;:&quot;none&quot;,&quot;id&quot;:false,&quot;loop&quot;:false,&quot;maxheight&quot;:&quot;none&quot;,&quot;maxwidth&quot;:&quot;none&quot;,&quot;muted&quot;:false,&quot;pip&quot;:false,&quot;playsinline&quot;:&quot;true&quot;,&quot;portrait&quot;:&quot;true&quot;,&quot;quality&quot;:&quot;auto&quot;,&quot;responsive&quot;:&quot;true&quot;,&quot;speed&quot;:false,&quot;texttrack&quot;:&quot;none&quot;,&quot;title&quot;:&quot;true&quot;,&quot;transparent&quot;:true,&quot;url&quot;:&quot;https:\\\/\\\/vimeo.com\\\/680606883&quot;,&quot;width&quot;:&quot;none&quot;}\"><\/div><\/p>\n<p>&nbsp;<\/p>","protected":false},"excerpt":{"rendered":"<p style=\"text-align: justify;\"><img decoding=\"async\" loading=\"lazy\" class=\"alignnone size-medium wp-image-233948\" src=\"http:\/\/www.rctvinternational.com\/wp-content\/uploads\/2020\/03\/Nuevas-Claquetas-05-05-1-239x300.png\" alt=\"\" width=\"239\" height=\"300\" \/><\/p>\n<p style=\"text-align: justify;\"><img decoding=\"async\" loading=\"lazy\" class=\"alignnone size-full wp-image-232350\" src=\"http:\/\/www.rctvinternational.com\/wp-content\/uploads\/2020\/10\/Sinopsis.png\" alt=\"\" width=\"125\" height=\"57\" \/><\/p>\n<p style=\"text-align: justify;\">Mar\u00eda de los \u00c1ngeles (<strong>Lilibeth Morillo<\/strong>) sali\u00f3 del convento, donde pas\u00f3 la mayor parte de su vida, sin tener la menor idea sobre su origen, tampoco que era la heredera de una gran fortuna y que su vida corr\u00eda peligro.<\/p>\n<p style=\"text-align: justify;\">Rosalinda, su mam\u00e1, la dej\u00f3 en el convento para protegerla de Orqu\u00eddea Escalante, t\u00eda paterna de la joven, quien a fin de quedarse con la fortuna que por ley corresponde a la joven est\u00e1 dispuesta hasta matarla.<\/p>\n<p style=\"text-align: justify;\">Cuando sale del monasterio, Mar\u00eda conoce a Jorge de La Rosa (<strong>Marcelo Cez\u00e1n<\/strong>), un apuesto campesino de quien se enamora. Pero la felicidad est\u00e1 muy lejos de ellos, pues su t\u00eda no est\u00e1 dispuesta a entregar la herencia de la cual se apropi\u00f3 indebidamente y arregla un matrimonio entre Mar\u00eda de los \u00c1ngeles y su hijastro Rodrigo Ar\u00e9valo.<\/p>\n<p style=\"text-align: justify;\">Y es que para Orqu\u00eddea, todo va m\u00e1s all\u00e1 del dinero. En su juventud fue traicionada y su coraz\u00f3n solo alberga odio, deseos de revancha y sed de poder. Pero, para llevar a cabo su planes tendr\u00e1 que enfrentar a Radam\u00e9s Basanta, autor del dolor que Orqu\u00eddea ha arrastrado por a\u00f1os.<\/p>\n<p style=\"text-align: justify;\">El recio hombre resulta ser el padrastro de Mar\u00eda de los \u00c1ngeles y har\u00e1 lo que est\u00e9 a su alcance para ver la felicidad de su hijastra. Sin embargo, los constantes atropellos de su t\u00eda ya han hecho mella en el alma de Mar\u00eda quien tambi\u00e9n intentar\u00e1 perpetrar su venganza.<\/p>\n<p><img decoding=\"async\" loading=\"lazy\" class=\"alignnone wp-image-231431 size-full\" src=\"http:\/\/www.rctvinternational.com\/wp-content\/uploads\/2020\/04\/deberias-saber-que.jpg\" alt=\"\" width=\"265\" height=\"39\" \/><\/p>\n<p>&nbsp;<\/p>\n<p style=\"text-align: justify;\">Luego de su exitoso periplo por todo el continente americano, <strong>Mar\u00eda de los \u00c1ngeles <\/strong>cruz\u00f3 el Atl\u00e1ntico para triunfar en \u00c1frica. All\u00e1 cautiv\u00f3 a la audiencia de Nigeria, Ghana, Zambia y Uganda entre otros.<\/p>","protected":false},"featured_media":232400,"template":"","meta":{"_et_pb_use_builder":"","_et_pb_old_content":"","_et_gb_content_width":""},"product_cat":[22],"product_tag":[310,402,401,388],"acf":[],"_links":{"self":[{"href":"https:\/\/www.rctvinternational.com\/en\/wp-json\/wp\/v2\/product\/232393"}],"collection":[{"href":"https:\/\/www.rctvinternational.com\/en\/wp-json\/wp\/v2\/product"}],"about":[{"href":"https:\/\/www.rctvinternational.com\/en\/wp-json\/wp\/v2\/types\/product"}],"wp:featuredmedia":[{"embeddable":true,"href":"https:\/\/www.rctvinternational.com\/en\/wp-json\/wp\/v2\/media\/232400"}],"wp:attachment":[{"href":"https:\/\/www.rctvinternational.com\/en\/wp-json\/wp\/v2\/media?parent=232393"}],"wp:term":[{"taxonomy":"product_cat","embeddable":true,"href":"https:\/\/www.rctvinternational.com\/en\/wp-json\/wp\/v2\/product_cat?post=232393"},{"taxonomy":"product_tag","embeddable":true,"href":"https:\/\/www.rctvinternational.com\/en\/wp-json\/wp\/v2\/product_tag?post=232393"}],"curies":[{"name":"wp","href":"https:\/\/api.w.org\/{rel}","templated":true}]}}