{"id":232391,"date":"2019-02-28T20:27:05","date_gmt":"2019-02-28T20:27:05","guid":{"rendered":"http:\/\/www.rctvintl.com\/?post_type=product&#038;p=232391"},"modified":"2025-03-13T13:14:41","modified_gmt":"2025-03-13T13:14:41","slug":"conserjes","status":"publish","type":"product","link":"https:\/\/www.rctvinternational.com\/en\/product\/conserjes\/","title":{"rendered":"Conserjes"},"content":{"rendered":"<p style=\"text-align: center;\"><div style=\"width: 100%; min-height: 1px;\" id=\"vimeo-wc-video-69f4fe85da5f4\" data-js=\"vimeo-wc-video\" data-atts=\"{&quot;autopause&quot;:&quot;true&quot;,&quot;autoplay&quot;:false,&quot;background&quot;:false,&quot;byline&quot;:&quot;true&quot;,&quot;color&quot;:&quot;none&quot;,&quot;controls&quot;:&quot;true&quot;,&quot;dnt&quot;:&quot;true&quot;,&quot;height&quot;:&quot;none&quot;,&quot;id&quot;:false,&quot;loop&quot;:false,&quot;maxheight&quot;:&quot;none&quot;,&quot;maxwidth&quot;:&quot;none&quot;,&quot;muted&quot;:false,&quot;pip&quot;:false,&quot;playsinline&quot;:&quot;true&quot;,&quot;portrait&quot;:&quot;true&quot;,&quot;quality&quot;:&quot;auto&quot;,&quot;responsive&quot;:&quot;true&quot;,&quot;speed&quot;:false,&quot;texttrack&quot;:&quot;none&quot;,&quot;title&quot;:&quot;true&quot;,&quot;transparent&quot;:true,&quot;url&quot;:&quot;https:\\\/\\\/vimeo.com\\\/473948516&quot;,&quot;width&quot;:&quot;none&quot;}\"><\/div><\/p>","protected":false},"excerpt":{"rendered":"<p><img decoding=\"async\" loading=\"lazy\" class=\"alignnone size-medium wp-image-233953\" src=\"http:\/\/www.rctvinternational.com\/wp-content\/uploads\/2019\/02\/Claquetas-Claquetas-10-239x300.png\" alt=\"\" width=\"239\" height=\"300\" \/><\/p>\n<p><img decoding=\"async\" loading=\"lazy\" class=\"alignnone size-full wp-image-232350\" src=\"http:\/\/www.rctvinternational.com\/wp-content\/uploads\/2020\/10\/Sinopsis.png\" alt=\"\" width=\"125\" height=\"57\" \/><\/p>\n<p style=\"text-align: justify;\">Marcia<strong> (Mar\u00eda Alejandra Mart\u00edn) <\/strong>y \u00c1ngel Amado<strong> (Iv\u00e1n Tamayo) <\/strong>necesitan dinero para proseguir con sus estudios, ella de medicina y el de comunicaci\u00f3n social. La \u00fanica plaza vacante es la conserjer\u00eda de un edificio, por lo que pretenden ser <strong>pareja<\/strong> para obtener el empleo y as\u00ed cancelar las mensualidades de sus respectivas carreras.<\/p>\n<p style=\"text-align: justify;\">En tan solo unos metros cuadrados que tiene el inmueble, se suscitan los acontecimientos m\u00e1s insospechados e hilarantes entre Marcia y \u00c1ngel, quienes tratan de evitar, a toda costa, que sus vecinos descubran toda la verdad y los expulsen del edificio.<\/p>\n<p style=\"text-align: justify;\">Paca y Pepe son los insidiosos miembros de la junta de condominio. Ellos tienen como fin mantener la moral y las buenas costumbres en la residencia y, como si se tratara de la inquisici\u00f3n, se mantienen atentos ante cada movimiento de Marcia y \u00c1ngel Amado.<\/p>\n<p style=\"text-align: justify;\">En varias oportunidades han estado muy cerca de descubrirlo todo, pero Marcia y \u00c1ngel logran salir del aprieto casi milagrosamente. En el edificio ambos cuentan con buenos amigos como Aleisi: el vigilante de gran coraz\u00f3n que tiene como novia a Bartola, la reina de los chismes en el lugar.<\/p>\n<p style=\"text-align: justify;\">Lolo, un cuarent\u00f3n solitario, tiene ese toque que anima e inspira a Marcia y a \u00c1ngel Amado en todo momento. Es el confidente de la pareja. Pero entre los conserjes hay m\u00e1s que un acuerdo laboral, pretender ser pareja, continuamente, ha despertado sentimientos que dif\u00edcilmente logran ocultar.<\/p>\n<p><img decoding=\"async\" loading=\"lazy\" class=\"alignleft wp-image-231431 size-full\" src=\"http:\/\/www.rctvinternational.com\/wp-content\/uploads\/2020\/04\/deberias-saber-que.jpg\" alt=\"\" width=\"265\" height=\"39\" \/><\/p>\n<p>&nbsp;<\/p>\n<p style=\"text-align: justify;\"><strong>Conserjes<\/strong> cont\u00f3 con el apoyo de una gran audiencia en Venezuela. Su periplo exitoso por Latinoam\u00e9rica, Estados Unidos y Europa, dio cuenta de la calidad de esta producci\u00f3n, dejando claro que, adem\u00e1s de dram\u00e1ticos, <strong>RCTV<\/strong> tambi\u00e9n realiza excelentes series de contenido familiar.<\/p>","protected":false},"featured_media":232527,"template":"","meta":{"_et_pb_use_builder":"","_et_pb_old_content":"","_et_gb_content_width":""},"product_cat":[25],"product_tag":[419,320,418,388],"acf":[],"_links":{"self":[{"href":"https:\/\/www.rctvinternational.com\/en\/wp-json\/wp\/v2\/product\/232391"}],"collection":[{"href":"https:\/\/www.rctvinternational.com\/en\/wp-json\/wp\/v2\/product"}],"about":[{"href":"https:\/\/www.rctvinternational.com\/en\/wp-json\/wp\/v2\/types\/product"}],"wp:featuredmedia":[{"embeddable":true,"href":"https:\/\/www.rctvinternational.com\/en\/wp-json\/wp\/v2\/media\/232527"}],"wp:attachment":[{"href":"https:\/\/www.rctvinternational.com\/en\/wp-json\/wp\/v2\/media?parent=232391"}],"wp:term":[{"taxonomy":"product_cat","embeddable":true,"href":"https:\/\/www.rctvinternational.com\/en\/wp-json\/wp\/v2\/product_cat?post=232391"},{"taxonomy":"product_tag","embeddable":true,"href":"https:\/\/www.rctvinternational.com\/en\/wp-json\/wp\/v2\/product_tag?post=232391"}],"curies":[{"name":"wp","href":"https:\/\/api.w.org\/{rel}","templated":true}]}}