{"id":232389,"date":"2019-12-30T17:58:41","date_gmt":"2019-12-30T17:58:41","guid":{"rendered":"http:\/\/www.rctvintl.com\/?post_type=product&#038;p=232389"},"modified":"2025-05-08T00:35:04","modified_gmt":"2025-05-08T00:35:04","slug":"amores-de-fin-de-siglo","status":"publish","type":"product","link":"https:\/\/www.rctvinternational.com\/en\/product\/amores-de-fin-de-siglo\/","title":{"rendered":"Amores De Fin De Siglo"},"content":{"rendered":"<p style=\"text-align: center;\"><div style=\"width: 100%; min-height: 1px;\" id=\"vimeo-wc-video-69f461d9144d5\" data-js=\"vimeo-wc-video\" data-atts=\"{&quot;autopause&quot;:&quot;true&quot;,&quot;autoplay&quot;:false,&quot;background&quot;:false,&quot;byline&quot;:&quot;true&quot;,&quot;color&quot;:&quot;none&quot;,&quot;controls&quot;:&quot;true&quot;,&quot;dnt&quot;:&quot;true&quot;,&quot;height&quot;:&quot;none&quot;,&quot;id&quot;:false,&quot;loop&quot;:false,&quot;maxheight&quot;:&quot;none&quot;,&quot;maxwidth&quot;:&quot;none&quot;,&quot;muted&quot;:false,&quot;pip&quot;:false,&quot;playsinline&quot;:&quot;true&quot;,&quot;portrait&quot;:&quot;true&quot;,&quot;quality&quot;:&quot;auto&quot;,&quot;responsive&quot;:&quot;true&quot;,&quot;speed&quot;:false,&quot;texttrack&quot;:&quot;none&quot;,&quot;title&quot;:&quot;true&quot;,&quot;transparent&quot;:true,&quot;url&quot;:&quot;https:\\\/\\\/vimeo.com\\\/778262253&quot;,&quot;width&quot;:&quot;none&quot;}\"><\/div><\/p>","protected":false},"excerpt":{"rendered":"<p><img decoding=\"async\" loading=\"lazy\" class=\"alignnone wp-image-232505 size-medium\" src=\"http:\/\/www.rctvinternational.com\/wp-content\/uploads\/2020\/11\/Nuevas-Claquetas-12-239x300.png\" alt=\"\" width=\"239\" height=\"300\" \/><\/p>\n<p><img decoding=\"async\" loading=\"lazy\" class=\"alignnone wp-image-232350 size-full\" src=\"http:\/\/www.rctvinternational.com\/wp-content\/uploads\/2020\/10\/Sinopsis.png\" alt=\"\" width=\"125\" height=\"57\" \/><\/p>\n<p style=\"text-align: justify;\"><strong>Santiago<\/strong> y <strong>Constanza<\/strong> tienen siete a\u00f1os casados, <strong>Anastasia<\/strong> y <strong>Diego<\/strong> siete horas, cada pareja representa con fidelidad las diferentes versiones de amor que pululan en la inmensidad de una ciudad llena de gente.<\/p>\n<p style=\"text-align: justify;\">Sus historias se desarrollan en edificios contiguos: Uno de cara hacia el sur, habitado por la clase media de un pa\u00eds; el otro, que ve hacia el oeste, siempre es testigo del ocaso del d\u00eda, es all\u00ed donde hace vida la clase popular.<\/p>\n<p style=\"text-align: justify;\">El evidente ruido no para y a diario atenta contra las historias de amor, pero estas se imponen una y otra vez. El susurro de las parejas, en su momento de mayor intimidad, se logra percibir incluso a trav\u00e9s de los muros de concreto, convirti\u00e9ndose en uno.<\/p>\n<p style=\"text-align: justify;\">Ezequiel Camacho es un p\u00e1rroco jesuita que complementar esta historia. En la zona es conocido por su pol\u00e9mico car\u00e1cter, pero Lejana San Miguel, una prostituta, significar\u00e1 para \u00e9l quiz\u00e1 la mayor prueba que haya tenido que afrontar.<\/p>\n<p style=\"text-align: justify;\">Estas parejas deber\u00e1n transitar por una delgada l\u00ednea que las podr\u00eda llevar a cielo o al infierno. Las tentaciones, los deseos reprimidos, as\u00ed como las buenas intenciones y\u00a0 el amor sincero, son el pan de cada d\u00eda en esta historia de <em><strong>Amores de fin de siglo<\/strong><\/em>.<\/p>\n<p><img decoding=\"async\" loading=\"lazy\" class=\"alignleft wp-image-231431 size-full\" src=\"http:\/\/www.rctvinternational.com\/wp-content\/uploads\/2020\/04\/deberias-saber-que.jpg\" alt=\"\" width=\"265\" height=\"39\" \/><\/p>\n<p>&nbsp;<\/p>\n<p style=\"text-align: justify;\">La estructura narrativa de <strong>Amores de Fin de Siglo<\/strong>, la convirti\u00f3 en una exitosa y muy vendida producci\u00f3n de <strong>RCTV, <\/strong>lo que dio como resultado su expansi\u00f3n por todo el continente americano, parte del Medio Oriente y Polonia con \u00f3ptimos resultados.<\/p>","protected":false},"featured_media":232390,"template":"","meta":{"_et_pb_use_builder":"","_et_pb_old_content":"","_et_gb_content_width":""},"product_cat":[22],"product_tag":[396,397,398,243,242,388],"acf":[],"_links":{"self":[{"href":"https:\/\/www.rctvinternational.com\/en\/wp-json\/wp\/v2\/product\/232389"}],"collection":[{"href":"https:\/\/www.rctvinternational.com\/en\/wp-json\/wp\/v2\/product"}],"about":[{"href":"https:\/\/www.rctvinternational.com\/en\/wp-json\/wp\/v2\/types\/product"}],"wp:featuredmedia":[{"embeddable":true,"href":"https:\/\/www.rctvinternational.com\/en\/wp-json\/wp\/v2\/media\/232390"}],"wp:attachment":[{"href":"https:\/\/www.rctvinternational.com\/en\/wp-json\/wp\/v2\/media?parent=232389"}],"wp:term":[{"taxonomy":"product_cat","embeddable":true,"href":"https:\/\/www.rctvinternational.com\/en\/wp-json\/wp\/v2\/product_cat?post=232389"},{"taxonomy":"product_tag","embeddable":true,"href":"https:\/\/www.rctvinternational.com\/en\/wp-json\/wp\/v2\/product_tag?post=232389"}],"curies":[{"name":"wp","href":"https:\/\/api.w.org\/{rel}","templated":true}]}}