{"id":232383,"date":"2019-02-20T04:53:06","date_gmt":"2019-02-20T04:53:06","guid":{"rendered":"http:\/\/www.rctvintl.com\/?post_type=product&#038;p=232383"},"modified":"2025-03-04T17:18:57","modified_gmt":"2025-03-04T17:18:57","slug":"milagros-de-el-venerable","status":"publish","type":"product","link":"https:\/\/www.rctvinternational.com\/en\/product\/milagros-de-el-venerable\/","title":{"rendered":"Milagros De El Venerable"},"content":{"rendered":"<div style=\"width: 100%; min-height: 1px;\" id=\"vimeo-wc-video-69da4ae9794fc\" data-js=\"vimeo-wc-video\" data-atts=\"{&quot;autopause&quot;:&quot;true&quot;,&quot;autoplay&quot;:false,&quot;background&quot;:false,&quot;byline&quot;:&quot;true&quot;,&quot;color&quot;:&quot;none&quot;,&quot;controls&quot;:&quot;true&quot;,&quot;dnt&quot;:&quot;true&quot;,&quot;height&quot;:&quot;none&quot;,&quot;id&quot;:false,&quot;loop&quot;:false,&quot;maxheight&quot;:&quot;none&quot;,&quot;maxwidth&quot;:&quot;none&quot;,&quot;muted&quot;:false,&quot;pip&quot;:false,&quot;playsinline&quot;:&quot;true&quot;,&quot;portrait&quot;:&quot;true&quot;,&quot;quality&quot;:&quot;auto&quot;,&quot;responsive&quot;:&quot;true&quot;,&quot;speed&quot;:false,&quot;texttrack&quot;:&quot;none&quot;,&quot;title&quot;:&quot;true&quot;,&quot;transparent&quot;:true,&quot;url&quot;:&quot;https:\\\/\\\/vimeo.com\\\/508148987&quot;,&quot;width&quot;:&quot;none&quot;}\"><\/div>","protected":false},"excerpt":{"rendered":"<p><img decoding=\"async\" loading=\"lazy\" class=\"alignnone wp-image-232815 size-medium\" src=\"http:\/\/www.rctvinternational.com\/wp-content\/uploads\/2021\/02\/claquetas-Corregidas-38-225x300.png\" alt=\"\" width=\"225\" height=\"300\" \/><\/p>\n<p><img decoding=\"async\" loading=\"lazy\" class=\"alignnone wp-image-232350 size-full\" src=\"http:\/\/www.rctvinternational.com\/wp-content\/uploads\/2020\/10\/Sinopsis.png\" alt=\"\" width=\"125\" height=\"57\" \/><\/p>\n<p style=\"text-align: justify;\">El periodista Juan Jos\u00e9 Rangel realiza una serie de entrevistas al cura Manuel, p\u00e1rroco de la iglesia del pueblo, para documentar los milagros del <strong>Dr. Jos\u00e9 Gregorio Hern\u00e1ndez<\/strong>. Se trata de cinco testimonios que avalan la beatificaci\u00f3n del m\u00e9dico de los pobres, como tambi\u00e9n es conocido por sus seguidores en <strong>Venezuela<\/strong>.<\/p>\n<p style=\"text-align: justify;\"><strong>Un padre ejemplar<\/strong>. Un hombre sufre un accidente de tr\u00e1nsito en medio de la carretera. Aunque sobrevive en el hospital, queda imposibilitado de caminar. Su esposa lo lleva a la iglesia donde hace peticiones a <strong>Jos\u00e9 Gregorio Hern\u00e1ndez<\/strong>. All\u00ed el venerable interviene e, inexplicablemente para la ciencia, queda totalmente curado.<\/p>\n<p style=\"text-align: justify;\"><strong>La visi\u00f3n<\/strong>. Un estudiante diariamente pide un avent\u00f3n para ir a clases. Pero, en una oportunidad, el cami\u00f3n donde viajaba fren\u00f3 inesperadamente y se fractur\u00f3 el cr\u00e1neo. Con pocas posibilidades de sobrevivir a la intervenci\u00f3n quir\u00fargica, su padre pide el milagro. El joven despierta antes de la operaci\u00f3n y cont\u00f3 c\u00f3mo una luz intensa y unas manos lo curaron.<\/p>\n<p style=\"text-align: justify;\"><strong>Con coraje y valent\u00eda<\/strong>. Una ni\u00f1a es herida en una balacera. Leticia, madre de la ni\u00f1a, decide pedirle a Jos\u00e9 Gregorio Hern\u00e1ndez. El m\u00e9dico que intervino a la jovencita, asegur\u00f3 que sus manos fueron guiadas por una fuerza sobrenatural, milagro que le produjo la salvaci\u00f3n a la ni\u00f1a.<\/p>\n<p style=\"text-align: justify;\"><strong>Una visita inesperada. <\/strong>Una joven, atribulada por el c\u00e1ncer, relata al periodista que una noche, mientras dorm\u00eda, fue iluminada por una gran luz blanca. Despu\u00e9s de eso despert\u00f3 sin sentir s\u00edntomas de la enfermedad.<\/p>\n<p style=\"text-align: justify;\"><strong>Ver para creer<\/strong>. Benjam\u00edn fue herido de muerte. En el hospital, su salud empeora por la falta de atenci\u00f3n m\u00e9dica oportuna, pero su abuela, fiel creyente de los milagros de<strong> Jos\u00e9 Gregorio Hern\u00e1ndez<\/strong>, lo invoca.<\/p>\n<p style=\"text-align: justify;\">A\u00fan preocupados por la delicada situaci\u00f3n, Benjam\u00edn se despierta en medio de una habitaci\u00f3n iluminada y trata de incorporarse para abrazar esa suerte de fuerza divina que vino a rescatarlo.<\/p>\n<p style=\"text-align: justify;\"><img decoding=\"async\" loading=\"lazy\" class=\"alignleft wp-image-231431 size-full\" src=\"http:\/\/www.rctvinternational.com\/wp-content\/uploads\/2020\/04\/deberias-saber-que.jpg\" alt=\"\" width=\"265\" height=\"39\" \/><\/p>\n<p>&nbsp;<\/p>\n<p style=\"text-align: justify;\">Adem\u00e1s de la serie, RCTV International tambi\u00e9n tiene una pel\u00edcula para TV, sobre la obra y vida del <a href=\"http:\/\/www.rctvintl.com\/producto\/el-venerable\/\">M\u00e9dico de los pobres.<\/a><\/p>","protected":false},"featured_media":236989,"template":"","meta":{"_et_pb_use_builder":"off","_et_pb_old_content":"<p style=\"text-align: center\">[vimeography id=\"88\"]<\/p>","_et_gb_content_width":""},"product_cat":[27],"product_tag":[456,451,454,450,448,388,455,449,452,453],"acf":[],"_links":{"self":[{"href":"https:\/\/www.rctvinternational.com\/en\/wp-json\/wp\/v2\/product\/232383"}],"collection":[{"href":"https:\/\/www.rctvinternational.com\/en\/wp-json\/wp\/v2\/product"}],"about":[{"href":"https:\/\/www.rctvinternational.com\/en\/wp-json\/wp\/v2\/types\/product"}],"wp:featuredmedia":[{"embeddable":true,"href":"https:\/\/www.rctvinternational.com\/en\/wp-json\/wp\/v2\/media\/236989"}],"wp:attachment":[{"href":"https:\/\/www.rctvinternational.com\/en\/wp-json\/wp\/v2\/media?parent=232383"}],"wp:term":[{"taxonomy":"product_cat","embeddable":true,"href":"https:\/\/www.rctvinternational.com\/en\/wp-json\/wp\/v2\/product_cat?post=232383"},{"taxonomy":"product_tag","embeddable":true,"href":"https:\/\/www.rctvinternational.com\/en\/wp-json\/wp\/v2\/product_tag?post=232383"}],"curies":[{"name":"wp","href":"https:\/\/api.w.org\/{rel}","templated":true}]}}