{"id":232349,"date":"2020-01-17T23:21:10","date_gmt":"2020-01-17T23:21:10","guid":{"rendered":"http:\/\/www.rctvintl.com\/?post_type=product&#038;p=232349"},"modified":"2025-03-28T00:19:02","modified_gmt":"2025-03-28T00:19:02","slug":"la-raya-de-cal","status":"publish","type":"product","link":"https:\/\/www.rctvinternational.com\/en\/product\/la-raya-de-cal\/","title":{"rendered":"La Raya de Cal"},"content":{"rendered":"<p style=\"text-align: center;\"><div style=\"width: 100%; min-height: 1px;\" id=\"vimeo-wc-video-69efb8dff24a6\" data-js=\"vimeo-wc-video\" data-atts=\"{&quot;autopause&quot;:&quot;true&quot;,&quot;autoplay&quot;:false,&quot;background&quot;:false,&quot;byline&quot;:&quot;true&quot;,&quot;color&quot;:&quot;none&quot;,&quot;controls&quot;:&quot;true&quot;,&quot;dnt&quot;:&quot;true&quot;,&quot;height&quot;:&quot;none&quot;,&quot;id&quot;:false,&quot;loop&quot;:false,&quot;maxheight&quot;:&quot;none&quot;,&quot;maxwidth&quot;:&quot;none&quot;,&quot;muted&quot;:false,&quot;pip&quot;:false,&quot;playsinline&quot;:&quot;true&quot;,&quot;portrait&quot;:&quot;true&quot;,&quot;quality&quot;:&quot;auto&quot;,&quot;responsive&quot;:&quot;true&quot;,&quot;speed&quot;:false,&quot;texttrack&quot;:&quot;none&quot;,&quot;title&quot;:&quot;true&quot;,&quot;transparent&quot;:true,&quot;url&quot;:&quot;https:\\\/\\\/vimeo.com\\\/442162502&quot;,&quot;width&quot;:&quot;none&quot;}\"><\/div><\/p>","protected":false},"excerpt":{"rendered":"<p><img decoding=\"async\" loading=\"lazy\" class=\"alignnone size-medium wp-image-237042\" src=\"https:\/\/www.rctvinternational.com\/wp-content\/uploads\/2020\/01\/La_Raya_de_Cal-240x300.png\" alt=\"\" width=\"240\" height=\"300\" \/><\/p>\n<p><img decoding=\"async\" loading=\"lazy\" class=\"alignnone wp-image-232350 size-full\" src=\"http:\/\/www.rctvinternational.com\/wp-content\/uploads\/2020\/10\/Sinopsis.png\" alt=\"\" width=\"125\" height=\"57\" \/><\/p>\n<p style=\"text-align: justify;\">Leonardo Obreg\u00f3n (<strong>Oswaldo Guill\u00e9n<\/strong>) ama el b\u00e9isbol y posee excelentes cualidades en ese deporte, pero las oportunidades no abundan. Como vendedor, desde las gradas del estadio, lamenta no poder exhibir su talento en el terreno con el que podr\u00eda ganarse la vida y darle a su prometida Magaly (<strong>Mar\u00eda Alejandra Mart\u00edn<\/strong>) todo lo que desea.<\/p>\n<p style=\"text-align: justify;\">La perseverancia da resultado y Bobby Rotundo, due\u00f1o del equipo Cervecer\u00eda, el de mayor popularidad, consiente que Leonardo practique con su novena. Su agilidad a la defensiva, combinado con su oportuno y efectivo bateo, le permiti\u00f3 a Leonardo ganarse un puesto en el Cervecer\u00eda.<\/p>\n<p style=\"text-align: justify;\">Pero sus sue\u00f1os se enturbian cuando se presenta Eva Marina Rotundo (<strong>Hilda Abrahamz<\/strong>), la exuberante hija del due\u00f1o del equipo. Ella, obsesionada con Leonardo, intenta manipularlo con la amenaza de impedir su deseo de jugar beisbol, si \u00e9l no consiente sus caprichos.<\/p>\n<p style=\"text-align: justify;\">Leonardo, ante los embates de Eva Marina, se ve envuelto en una situaci\u00f3n que pone en serio riesgo sus posibilidades de vestir un uniforme en las Grandes Ligas y al mismo tiempo puede perder el amor de su vida.<\/p>\n<p><img decoding=\"async\" loading=\"lazy\" class=\"alignnone wp-image-231431 size-full\" src=\"http:\/\/www.rctvinternational.com\/wp-content\/uploads\/2020\/04\/deberias-saber-que.jpg\" alt=\"\" width=\"265\" height=\"39\" \/><\/p>\n<p style=\"text-align: justify;\"><strong>La Raya de Cal<\/strong> tuvo gran aceptaci\u00f3n en Estados Unidos, Puerto Rico, Canad\u00e1 y Las Bermudas. Oswaldo Guill\u00e9n, protagonista del filme, es un ex pelotero venezolano que jug\u00f3 la mayor parte de su carrera con el equipo Medias Blancas de Chicago, de las Grandes Ligas.<\/p>\n<p style=\"text-align: justify;\">Guill\u00e9n, como m\u00e1nager, en el a\u00f1o 2005, se convirti\u00f3 en el primer latinoamericano en ganar la Serie Mundial (con los Medias Blancas) m\u00e1xima instancia de la temporada de b\u00e9isbol en Estados Unidos.<\/p>","protected":false},"featured_media":232355,"template":"","meta":{"_et_pb_use_builder":"","_et_pb_old_content":"","_et_gb_content_width":""},"product_cat":[24],"product_tag":[427,425,418,426,388],"acf":[],"_links":{"self":[{"href":"https:\/\/www.rctvinternational.com\/en\/wp-json\/wp\/v2\/product\/232349"}],"collection":[{"href":"https:\/\/www.rctvinternational.com\/en\/wp-json\/wp\/v2\/product"}],"about":[{"href":"https:\/\/www.rctvinternational.com\/en\/wp-json\/wp\/v2\/types\/product"}],"wp:featuredmedia":[{"embeddable":true,"href":"https:\/\/www.rctvinternational.com\/en\/wp-json\/wp\/v2\/media\/232355"}],"wp:attachment":[{"href":"https:\/\/www.rctvinternational.com\/en\/wp-json\/wp\/v2\/media?parent=232349"}],"wp:term":[{"taxonomy":"product_cat","embeddable":true,"href":"https:\/\/www.rctvinternational.com\/en\/wp-json\/wp\/v2\/product_cat?post=232349"},{"taxonomy":"product_tag","embeddable":true,"href":"https:\/\/www.rctvinternational.com\/en\/wp-json\/wp\/v2\/product_tag?post=232349"}],"curies":[{"name":"wp","href":"https:\/\/api.w.org\/{rel}","templated":true}]}}