{"id":232202,"date":"2019-04-10T14:26:46","date_gmt":"2019-04-10T14:26:46","guid":{"rendered":"http:\/\/rctvinternational.com\/?post_type=product&#038;p=232202"},"modified":"2024-05-28T20:19:17","modified_gmt":"2024-05-28T20:19:17","slug":"el-dr-g-y-las-mujeres","status":"publish","type":"product","link":"https:\/\/www.rctvinternational.com\/en\/product\/el-dr-g-y-las-mujeres\/","title":{"rendered":"El Dr. G Y Las Mujeres"},"content":{"rendered":"<div style=\"width: 100%; min-height: 1px;\" id=\"vimeo-wc-video-69eb9d11b855f\" data-js=\"vimeo-wc-video\" data-atts=\"{&quot;autopause&quot;:&quot;true&quot;,&quot;autoplay&quot;:false,&quot;background&quot;:false,&quot;byline&quot;:&quot;true&quot;,&quot;color&quot;:&quot;none&quot;,&quot;controls&quot;:&quot;true&quot;,&quot;dnt&quot;:&quot;true&quot;,&quot;height&quot;:&quot;none&quot;,&quot;id&quot;:false,&quot;loop&quot;:false,&quot;maxheight&quot;:&quot;none&quot;,&quot;maxwidth&quot;:&quot;none&quot;,&quot;muted&quot;:false,&quot;pip&quot;:false,&quot;playsinline&quot;:&quot;true&quot;,&quot;portrait&quot;:&quot;true&quot;,&quot;quality&quot;:&quot;auto&quot;,&quot;responsive&quot;:&quot;true&quot;,&quot;speed&quot;:false,&quot;texttrack&quot;:&quot;none&quot;,&quot;title&quot;:&quot;true&quot;,&quot;transparent&quot;:true,&quot;url&quot;:&quot;https:\\\/\\\/vimeo.com\\\/461095357&quot;,&quot;width&quot;:&quot;none&quot;}\"><\/div>","protected":false},"excerpt":{"rendered":"<p><img decoding=\"async\" loading=\"lazy\" class=\"alignnone size-medium wp-image-234031\" src=\"http:\/\/www.rctvinternational.com\/wp-content\/uploads\/2019\/04\/Claqueta-Dr-G-03-253x300.png\" alt=\"\" width=\"253\" height=\"300\" \/><\/p>\n<p style=\"text-align: justify;\"><img decoding=\"async\" loading=\"lazy\" class=\"alignnone size-full wp-image-232350\" src=\"http:\/\/www.rctvinternational.com\/wp-content\/uploads\/2020\/10\/Sinopsis.png\" alt=\"\" width=\"125\" height=\"57\" \/><\/p>\n<p style=\"text-align: justify;\">Gabriel Andrade Ni\u00f1o (<strong>Luis Fern\u00e1ndez<\/strong>), mejor conocido como \u201cDr. G\u201d es un psic\u00f3logo mediocre que sue\u00f1a alcanzar la fama con su profesi\u00f3n. Las mujeres lo encuentran atractivo gracias a sus atributos f\u00edsicos, pero eso obviamente no es suficiente para que logre sus objetivos profesionales.<\/p>\n<p style=\"text-align: justify;\">El <strong>Dr. G<\/strong> logra inaugurar su consultorio en la cl\u00ednica m\u00e1s prestigiosa de la ciudad, pero las escasas visitas que recibe lo lleva a contratar a su hermana Susy (<strong>Chantal Baudaux<\/strong>), para que finja ser una de sus pacientes y de esta manera ella, que desea ser actriz, pone en pr\u00e1ctica sus cualidades histri\u00f3nicas. As\u00ed se hace pasar por una mujer con m\u00faltiples trastornos de personalidad.<\/p>\n<p style=\"text-align: justify;\">Dolores <strong>(\u00c1mbar D\u00edaz<\/strong>), la recepcionista, est\u00e1 convencida que el <strong>\u00abDr. G\u00bb<\/strong> tiene un gran talento que por alguna raz\u00f3n que desconoce se ha mantenido oculto a la comunidad m\u00e9dica. De esta manera, decide emprender una campa\u00f1a para captarle adeptos trastornados.<\/p>\n<p style=\"text-align: justify;\">Pero, Gabriel descubre que, gracias a sus diversas experiencias amorosas con las f\u00e9minas, ha adquirido la capacidad de leer el pensamiento de las mujeres y lo que en realidad quisieran decir. A partir de ese momento, utiliza esa suerte de herramienta para llevar a cabo sus an\u00e1lisis, diagn\u00f3sticos y tratamientos.<\/p>\n<p style=\"text-align: justify;\"><img decoding=\"async\" loading=\"lazy\" class=\"alignnone wp-image-231431 size-full\" src=\"http:\/\/www.rctvinternational.com\/wp-content\/uploads\/2020\/04\/deberias-saber-que.jpg\" alt=\"\" width=\"265\" height=\"39\" \/><\/p>\n<p style=\"text-align: justify;\"><strong>Esta producci\u00f3n, escrita y protagonizada por Luis Fern\u00e1ndez<\/strong>, tuvo la aceptaci\u00f3n de un gran n\u00famero de televidentes en Venezuela. Esto sirvi\u00f3 de impulso para probar el mercado espa\u00f1ol donde produjo excelentes resultados.<\/p>","protected":false},"featured_media":232203,"template":"","meta":{"_et_pb_use_builder":"","_et_pb_old_content":"","_et_gb_content_width":""},"product_cat":[25,27],"product_tag":[390,264,389,278,388],"acf":[],"_links":{"self":[{"href":"https:\/\/www.rctvinternational.com\/en\/wp-json\/wp\/v2\/product\/232202"}],"collection":[{"href":"https:\/\/www.rctvinternational.com\/en\/wp-json\/wp\/v2\/product"}],"about":[{"href":"https:\/\/www.rctvinternational.com\/en\/wp-json\/wp\/v2\/types\/product"}],"wp:featuredmedia":[{"embeddable":true,"href":"https:\/\/www.rctvinternational.com\/en\/wp-json\/wp\/v2\/media\/232203"}],"wp:attachment":[{"href":"https:\/\/www.rctvinternational.com\/en\/wp-json\/wp\/v2\/media?parent=232202"}],"wp:term":[{"taxonomy":"product_cat","embeddable":true,"href":"https:\/\/www.rctvinternational.com\/en\/wp-json\/wp\/v2\/product_cat?post=232202"},{"taxonomy":"product_tag","embeddable":true,"href":"https:\/\/www.rctvinternational.com\/en\/wp-json\/wp\/v2\/product_tag?post=232202"}],"curies":[{"name":"wp","href":"https:\/\/api.w.org\/{rel}","templated":true}]}}