{"id":231718,"date":"2018-01-16T15:54:37","date_gmt":"2018-01-16T15:54:37","guid":{"rendered":"http:\/\/rctvinternational.com\/?post_type=product&#038;p=231718"},"modified":"2025-03-27T15:36:39","modified_gmt":"2025-03-27T15:36:39","slug":"archivo-criminal","status":"publish","type":"product","link":"https:\/\/www.rctvinternational.com\/en\/product\/archivo-criminal\/","title":{"rendered":"Archivo Criminal"},"content":{"rendered":"<p style=\"text-align: center;\"><div style=\"width: 100%; min-height: 1px;\" id=\"vimeo-wc-video-69f93d7bdaf49\" data-js=\"vimeo-wc-video\" data-atts=\"{&quot;autopause&quot;:&quot;true&quot;,&quot;autoplay&quot;:false,&quot;background&quot;:false,&quot;byline&quot;:&quot;true&quot;,&quot;color&quot;:&quot;none&quot;,&quot;controls&quot;:&quot;true&quot;,&quot;dnt&quot;:&quot;true&quot;,&quot;height&quot;:&quot;none&quot;,&quot;id&quot;:false,&quot;loop&quot;:false,&quot;maxheight&quot;:&quot;none&quot;,&quot;maxwidth&quot;:&quot;none&quot;,&quot;muted&quot;:false,&quot;pip&quot;:false,&quot;playsinline&quot;:&quot;true&quot;,&quot;portrait&quot;:&quot;true&quot;,&quot;quality&quot;:&quot;auto&quot;,&quot;responsive&quot;:&quot;true&quot;,&quot;speed&quot;:false,&quot;texttrack&quot;:&quot;none&quot;,&quot;title&quot;:&quot;true&quot;,&quot;transparent&quot;:true,&quot;url&quot;:&quot;https:\\\/\\\/vimeo.com\\\/442160633&quot;,&quot;width&quot;:&quot;none&quot;}\"><\/div><\/p>\n<p style=\"text-align: center;\">","protected":false},"excerpt":{"rendered":"<p style=\"text-align: justify;\"><img decoding=\"async\" loading=\"lazy\" class=\"alignnone wp-image-232303 size-medium\" src=\"http:\/\/www.rctvinternational.com\/wp-content\/uploads\/2020\/10\/claquetas-Corregidas_ArchivoCriminal-30-225x300.png\" alt=\"\" width=\"225\" height=\"300\" \/><\/p>\n<p><img decoding=\"async\" loading=\"lazy\" class=\"alignnone size-full wp-image-232350\" src=\"http:\/\/www.rctvinternational.com\/wp-content\/uploads\/2020\/10\/Sinopsis.png\" alt=\"\" width=\"125\" height=\"57\" \/><\/p>\n<p style=\"text-align: justify;\">\u201c<strong>Archivo Criminal<\/strong>\u201d un programa producido por <strong>RCTV<\/strong> en el que se recrean, con minuciosos detalles, los cr\u00edmenes m\u00e1s sonados que han estremecido a la sociedad venezolana.<\/p>\n<p style=\"text-align: justify;\">Bajo la conducci\u00f3n de los periodistas <strong>David P\u00e9rez Hansen<\/strong> e <strong>Isnardo Bravo<\/strong>, <strong>Archivo Criminal<\/strong> se exponen casos como: <strong>El Asalto a Transvalcar<\/strong>, una compa\u00f1\u00eda de transporte de valores que fue v\u00edctima de lo que se consider\u00f3 uno de los robos de mayor ingenio de la historia en Venezuela.<\/p>\n<p style=\"text-align: justify;\">Uno de los casos que alcanz\u00f3 ribetes internacionales fue el misterioso asesinato de una mujer japonesa. Este sonado crimen llev\u00f3 a los detectives de la Polic\u00eda Cient\u00edfica venezolana a trabajar de manera conjunta con <strong>Scotland Yard<\/strong> (Polic\u00eda Metropolitana de Londres) una de las m\u00e1s antiguas y prestigiosas polic\u00edas de investigaci\u00f3n del mundo.<\/p>\n<p style=\"text-align: justify;\">En este programa tambi\u00e9n se dio a conocer qui\u00e9n es <strong>Vladimiro Montesinos<\/strong>, \u00bfC\u00f3mo lleg\u00f3 a ser el segundo al mando en Per\u00fa, durante el gobierno de Fujimori? \u00bfCu\u00e1les eran sus conexiones con el gobierno del fallecido presidente Hugo Ch\u00e1vez? y \u00bfC\u00f3mo se llev\u00f3 a cabo su captura en territorio venezolano? Las respuestas a estas interrogantes las encuentras en <strong>Archivo Criminal<\/strong>.<\/p>\n<p style=\"text-align: justify;\">Ante el auge delictivo en Venezuela, y la escasa o nula acci\u00f3n de los cuerpos de seguridad, surgen los Tupamaros. Un grupo que emerge de las entra\u00f1as del 23 de Enero, uno de los barrios m\u00e1s densamente poblados y populares de Caracas.<\/p>\n<p style=\"text-align: justify;\">Se presentan como un grupo de autodefensa que hace frente a las organizaciones delictivas que azotan a la comunidad. Para, unos se trata de un escuadr\u00f3n de la muerte, para otros son h\u00e9roes.<\/p>\n<p style=\"text-align: justify;\">Con la intenci\u00f3n de crear conciencia, Archivo Criminal describe c\u00f3mo sucedi\u00f3 el crimen; qui\u00e9nes intervinieron; qu\u00e9 ocurri\u00f3 con las v\u00edctimas y los victimarios; c\u00f3mo operaron las autoridades del pa\u00eds y por supuesto, cu\u00e1l fue el verdadero desenlace.<\/p>\n<p><img decoding=\"async\" loading=\"lazy\" class=\"alignnone wp-image-231431 size-full\" src=\"http:\/\/www.rctvinternational.com\/wp-content\/uploads\/2020\/04\/deberias-saber-que.jpg\" alt=\"\" width=\"265\" height=\"39\" \/><\/p>\n<p>Los casos que conmocionaron a la opini\u00f3n p\u00fablica venezolana y que <strong>RCTV<\/strong> reconstruy\u00f3 a trav\u00e9s del programa <strong>Archivo Criminal<\/strong>, han obtenido una excelente audiencia en Ecuador, Espa\u00f1a y Estados Unidos.<\/p>","protected":false},"featured_media":232304,"template":"","meta":{"_et_pb_use_builder":"","_et_pb_old_content":"","_et_gb_content_width":""},"product_cat":[27],"product_tag":[359,382,383,360],"acf":[],"_links":{"self":[{"href":"https:\/\/www.rctvinternational.com\/en\/wp-json\/wp\/v2\/product\/231718"}],"collection":[{"href":"https:\/\/www.rctvinternational.com\/en\/wp-json\/wp\/v2\/product"}],"about":[{"href":"https:\/\/www.rctvinternational.com\/en\/wp-json\/wp\/v2\/types\/product"}],"wp:featuredmedia":[{"embeddable":true,"href":"https:\/\/www.rctvinternational.com\/en\/wp-json\/wp\/v2\/media\/232304"}],"wp:attachment":[{"href":"https:\/\/www.rctvinternational.com\/en\/wp-json\/wp\/v2\/media?parent=231718"}],"wp:term":[{"taxonomy":"product_cat","embeddable":true,"href":"https:\/\/www.rctvinternational.com\/en\/wp-json\/wp\/v2\/product_cat?post=231718"},{"taxonomy":"product_tag","embeddable":true,"href":"https:\/\/www.rctvinternational.com\/en\/wp-json\/wp\/v2\/product_tag?post=231718"}],"curies":[{"name":"wp","href":"https:\/\/api.w.org\/{rel}","templated":true}]}}