{"id":231713,"date":"2020-10-16T15:19:03","date_gmt":"2020-10-16T15:19:03","guid":{"rendered":"http:\/\/rctvinternational.com\/?post_type=product&#038;p=231713"},"modified":"2025-05-08T00:16:37","modified_gmt":"2025-05-08T00:16:37","slug":"reina-de-corazones","status":"publish","type":"product","link":"https:\/\/www.rctvinternational.com\/en\/product\/reina-de-corazones\/","title":{"rendered":"Reina De Corazones"},"content":{"rendered":"<p style=\"text-align: center;\"><div style=\"width: 100%; min-height: 1px;\" id=\"vimeo-wc-video-69f175f38b8ba\" data-js=\"vimeo-wc-video\" data-atts=\"{&quot;autopause&quot;:&quot;true&quot;,&quot;autoplay&quot;:false,&quot;background&quot;:false,&quot;byline&quot;:&quot;true&quot;,&quot;color&quot;:&quot;none&quot;,&quot;controls&quot;:&quot;true&quot;,&quot;dnt&quot;:&quot;true&quot;,&quot;height&quot;:&quot;none&quot;,&quot;id&quot;:false,&quot;loop&quot;:false,&quot;maxheight&quot;:&quot;none&quot;,&quot;maxwidth&quot;:&quot;none&quot;,&quot;muted&quot;:false,&quot;pip&quot;:false,&quot;playsinline&quot;:&quot;true&quot;,&quot;portrait&quot;:&quot;true&quot;,&quot;quality&quot;:&quot;auto&quot;,&quot;responsive&quot;:&quot;true&quot;,&quot;speed&quot;:false,&quot;texttrack&quot;:&quot;none&quot;,&quot;title&quot;:&quot;true&quot;,&quot;transparent&quot;:true,&quot;url&quot;:&quot;https:\\\/\\\/vimeo.com\\\/442159877&quot;,&quot;width&quot;:&quot;none&quot;}\"><\/div><\/p>\n<p>&nbsp;<\/p>\n<p style=\"text-align: center;\">","protected":false},"excerpt":{"rendered":"<p><img decoding=\"async\" loading=\"lazy\" class=\"alignnone wp-image-231875 size-medium\" src=\"http:\/\/www.rctvinternational.com\/wp-content\/uploads\/2020\/08\/claquetas-ReinaDeCorazones-31-225x300.png\" alt=\"\" width=\"225\" height=\"300\" \/><\/p>\n<p><img decoding=\"async\" loading=\"lazy\" class=\"alignnone size-full wp-image-232350\" src=\"http:\/\/www.rctvinternational.com\/wp-content\/uploads\/2020\/10\/Sinopsis.png\" alt=\"\" width=\"125\" height=\"57\" \/><\/p>\n<p style=\"text-align: justify;\">Los excelentes atributos f\u00edsicos de Marlene P\u00e1ez (<strong>Emma Rabbe<\/strong>) la han convertido en uno de los rostros m\u00e1s conocidos en la televisi\u00f3n. La fama no le es ajena, pero su terrible pasado apenas le permite conciliar el sue\u00f1o.<\/p>\n<p style=\"text-align: justify;\">Y es que en su mente todav\u00eda est\u00e1 vivo el recuerdo del vil asesinato de sus padres a manos de un desalmado terrateniente apodado El Diablo, quien con sangre y terror despoj\u00f3 de sus tierras a los leg\u00edtimos due\u00f1os en el Topochal, su pueblo natal.<\/p>\n<p style=\"text-align: justify;\">Marlene P\u00e1ez logra mitigar el dolor refugi\u00e1ndose en el duro trabajo que la ha consagrado como una de las modelos m\u00e1s importantes de la \u00e9poca, y en el amor que le profesa Santiago Porras (<strong>Roberto Mateos<\/strong>) con quien planea casarse.<\/p>\n<p style=\"text-align: justify;\">Pero el destino hace de las suyas nuevamente. El padre de Santiago, en su lecho de muerte, le confiesa que es el Diablo, quien arrebat\u00f3 la vida a los padres de su novia. Santiago huye al no poder confesarle la verdad a Marlene y decide convertirse en sacerdote.<\/p>\n<p style=\"text-align: justify;\">A\u00f1os despu\u00e9s, sin propon\u00e9rselo, ambos se reencuentran en el Topochal, un pueblo dividido en dos bandos en pugna, en medio de unas elecciones que auguran m\u00e1s conflictos que soluciones.<\/p>\n<p style=\"text-align: justify;\">Marlene, envuelta en una suerte de divinidad, realiza actos considerados milagrosos por los locales, gan\u00e1ndose su cari\u00f1o. Mientras que Santiago tiene la dif\u00edcil tarea de recuperar los documentos originales para devolver las tierras robadas por su padre y recobrar el amor de Marlene.<\/p>\n<p>&nbsp;<\/p>\n<p><img decoding=\"async\" loading=\"lazy\" class=\"alignleft wp-image-231431 size-full\" src=\"http:\/\/www.rctvinternational.com\/wp-content\/uploads\/2020\/04\/deberias-saber-que.jpg\" alt=\"\" width=\"265\" height=\"39\" \/><\/p>\n<p>&nbsp;<\/p>\n<p>&nbsp;<\/p>\n<p>La popularidad de telenovela <strong>Reina de Corazones<\/strong> trascendi\u00f3 f\u00e1cilmente las fronteras venezolanas al ser vista por millones de televidentes en pa\u00edses como: Brasil, M\u00e9xico, Argentina y Colombia. Adem\u00e1s, fue programada en territorios tan lejanos como Rusia y Ucrania con mucho \u00e9xito.<\/p>","protected":false},"featured_media":231714,"template":"","meta":{"_et_pb_use_builder":"","_et_pb_old_content":"","_et_gb_content_width":""},"product_cat":[22],"product_tag":[376,346,375],"acf":[],"_links":{"self":[{"href":"https:\/\/www.rctvinternational.com\/en\/wp-json\/wp\/v2\/product\/231713"}],"collection":[{"href":"https:\/\/www.rctvinternational.com\/en\/wp-json\/wp\/v2\/product"}],"about":[{"href":"https:\/\/www.rctvinternational.com\/en\/wp-json\/wp\/v2\/types\/product"}],"wp:featuredmedia":[{"embeddable":true,"href":"https:\/\/www.rctvinternational.com\/en\/wp-json\/wp\/v2\/media\/231714"}],"wp:attachment":[{"href":"https:\/\/www.rctvinternational.com\/en\/wp-json\/wp\/v2\/media?parent=231713"}],"wp:term":[{"taxonomy":"product_cat","embeddable":true,"href":"https:\/\/www.rctvinternational.com\/en\/wp-json\/wp\/v2\/product_cat?post=231713"},{"taxonomy":"product_tag","embeddable":true,"href":"https:\/\/www.rctvinternational.com\/en\/wp-json\/wp\/v2\/product_tag?post=231713"}],"curies":[{"name":"wp","href":"https:\/\/api.w.org\/{rel}","templated":true}]}}