{"id":230412,"date":"2020-01-17T20:25:29","date_gmt":"2020-01-17T20:25:29","guid":{"rendered":"http:\/\/rctvinternational.com\/?post_type=product&#038;p=230412"},"modified":"2025-03-27T13:40:36","modified_gmt":"2025-03-27T13:40:36","slug":"la-ciudad-muerta","status":"publish","type":"product","link":"https:\/\/www.rctvinternational.com\/en\/product\/la-ciudad-muerta\/","title":{"rendered":"La Ciudad Muerta"},"content":{"rendered":"<p style=\"text-align: center;\"><div style=\"width: 100%; min-height: 1px;\" id=\"vimeo-wc-video-69efb8a6099e1\" data-js=\"vimeo-wc-video\" data-atts=\"{&quot;autopause&quot;:&quot;true&quot;,&quot;autoplay&quot;:false,&quot;background&quot;:false,&quot;byline&quot;:&quot;true&quot;,&quot;color&quot;:&quot;none&quot;,&quot;controls&quot;:&quot;true&quot;,&quot;dnt&quot;:&quot;true&quot;,&quot;height&quot;:&quot;none&quot;,&quot;id&quot;:false,&quot;loop&quot;:false,&quot;maxheight&quot;:&quot;none&quot;,&quot;maxwidth&quot;:&quot;none&quot;,&quot;muted&quot;:false,&quot;pip&quot;:false,&quot;playsinline&quot;:&quot;true&quot;,&quot;portrait&quot;:&quot;true&quot;,&quot;quality&quot;:&quot;auto&quot;,&quot;responsive&quot;:&quot;true&quot;,&quot;speed&quot;:false,&quot;texttrack&quot;:&quot;none&quot;,&quot;title&quot;:&quot;true&quot;,&quot;transparent&quot;:true,&quot;url&quot;:&quot;https:\\\/\\\/vimeo.com\\\/384848705&quot;,&quot;width&quot;:&quot;none&quot;}\"><\/div><\/p>\n<p>&nbsp;<\/p>","protected":false},"excerpt":{"rendered":"<p><img decoding=\"async\" loading=\"lazy\" class=\"alignnone wp-image-230463 size-medium\" src=\"https:\/\/www.rctvinternational.com\/wp-content\/uploads\/2020\/01\/claquetas_Unitarios-12-230x300.png\" alt=\"\" width=\"230\" height=\"300\" \/><\/p>\n<p><img decoding=\"async\" loading=\"lazy\" class=\"alignnone size-full wp-image-232350\" src=\"http:\/\/www.rctvinternational.com\/wp-content\/uploads\/2020\/10\/Sinopsis.png\" alt=\"\" width=\"125\" height=\"57\" \/><\/p>\n<p style=\"text-align: justify;\">Antonio (<strong>Henry Zakka<\/strong>) es un escritor que se dedica a contar la historia de sus mejores amigos y su propia historia en una ciudad sin futuro. Un territorio que se va a apagando a la par de la migraci\u00f3n de sus j\u00f3venes, que salen en b\u00fasqueda de un mejor porvenir.<\/p>\n<p style=\"text-align: justify;\">El optimismo, la fe y el raciocinio de tres hombres que intentan establecer cu\u00e1l es la mejor decisi\u00f3n para sus vidas y para su tierra: Seguir en ella a la espera de un cambio, sin ninguna certeza o buscar nuevos horizontes en ambientes m\u00e1s ben\u00e9volos.<\/p>\n<p style=\"text-align: justify;\">Las disyuntivas de todo aspirante a emigrante, la tristeza de lo que debe dejar y la incertidumbre de lo que pueda encontrar. Del otro lado, la esperanza de quienes se quedan, confiando en el regreso de quienes zarpan para evitar el olvido y la desolaci\u00f3n de la ciudad.<\/p>\n<p>&nbsp;<\/p>\n<p><img decoding=\"async\" loading=\"lazy\" class=\"alignnone size-full wp-image-231431\" src=\"http:\/\/www.rctvinternational.com\/wp-content\/uploads\/2020\/04\/deberias-saber-que.jpg\" alt=\"\" width=\"265\" height=\"39\" \/><\/p>\n<p style=\"text-align: justify;\"><strong>La Ciudad Muerta<\/strong> refleja la situaci\u00f3n de la poblaci\u00f3n joven de algunos pa\u00edses que deciden emigrar debido a las escasas oportunidades de progreso en su propia tierra. Ambientada en la segunda d\u00e9cada del siglo XX es una realidad que se extiende hasta la actualidad. Muchos ven las similitudes entre el escritor del cuento y <strong>R\u00f3mulo Gallegos<\/strong>. Esta joya literaria llena de met\u00e1foras y fragmentos inolvidables fue adaptada para la televisi\u00f3n por\u00a0Gustavo Luis Carrera.<\/p>","protected":false},"featured_media":231299,"template":"","meta":{"_et_pb_use_builder":"","_et_pb_old_content":"","_et_gb_content_width":""},"product_cat":[24],"product_tag":[271,276,231,277],"acf":[],"_links":{"self":[{"href":"https:\/\/www.rctvinternational.com\/en\/wp-json\/wp\/v2\/product\/230412"}],"collection":[{"href":"https:\/\/www.rctvinternational.com\/en\/wp-json\/wp\/v2\/product"}],"about":[{"href":"https:\/\/www.rctvinternational.com\/en\/wp-json\/wp\/v2\/types\/product"}],"wp:featuredmedia":[{"embeddable":true,"href":"https:\/\/www.rctvinternational.com\/en\/wp-json\/wp\/v2\/media\/231299"}],"wp:attachment":[{"href":"https:\/\/www.rctvinternational.com\/en\/wp-json\/wp\/v2\/media?parent=230412"}],"wp:term":[{"taxonomy":"product_cat","embeddable":true,"href":"https:\/\/www.rctvinternational.com\/en\/wp-json\/wp\/v2\/product_cat?post=230412"},{"taxonomy":"product_tag","embeddable":true,"href":"https:\/\/www.rctvinternational.com\/en\/wp-json\/wp\/v2\/product_tag?post=230412"}],"curies":[{"name":"wp","href":"https:\/\/api.w.org\/{rel}","templated":true}]}}